{"id":37,"date":"2021-04-27T08:49:16","date_gmt":"2021-04-27T06:49:16","guid":{"rendered":"https:\/\/inspe.univ-lyon1.fr\/duemi\/?page_id=37"},"modified":"2021-07-18T17:31:39","modified_gmt":"2021-07-18T15:31:39","slug":"a-propos-de","status":"publish","type":"page","link":"https:\/\/inspe.univ-lyon1.fr\/duemi\/a-propos-de\/","title":{"rendered":"\u00c0 propos de"},"content":{"rendered":"\n<p><strong>R\u00e9sum\u00e9 de la formation :<\/strong><\/p>\n\n\n\n<ul><li>Comprendre l\u2019environnement m\u00e9diatique contemporain<\/li><li>Accompagner les usages juv\u00e9niles du num\u00e9rique en faisant preuve d\u2019ouverture et d\u2019esprit critique<\/li><li>Ma\u00eetriser les environnements multim\u00e9dias interactifs<\/li><li>Construire un accompagnement \u00e9ducatif adapt\u00e9 \u00e0 son environnement institutionnel<\/li><li>Prendre en compte les r\u00e9sultats de la recherche<\/li><li>Acqu\u00e9rir une posture de formateur occasionnel<\/li><\/ul>\n","protected":false},"excerpt":{"rendered":"<p>R\u00e9sum\u00e9 de la formation : Comprendre l\u2019environnement m\u00e9diatique contemporain Accompagner les usages juv\u00e9niles du num\u00e9rique en faisant preuve d\u2019ouverture et d\u2019esprit critique Ma\u00eetriser les environnements multim\u00e9dias interactifs Construire un accompagnement \u00e9ducatif adapt\u00e9 \u00e0 son environnement institutionnel Prendre en compte les r\u00e9sultats de la recherche Acqu\u00e9rir une posture de formateur occasionnel<\/p>\n","protected":false},"author":1,"featured_media":0,"parent":0,"menu_order":0,"comment_status":"closed","ping_status":"closed","template":"","meta":[],"_links":{"self":[{"href":"https:\/\/inspe.univ-lyon1.fr\/duemi\/wp-json\/wp\/v2\/pages\/37"}],"collection":[{"href":"https:\/\/inspe.univ-lyon1.fr\/duemi\/wp-json\/wp\/v2\/pages"}],"about":[{"href":"https:\/\/inspe.univ-lyon1.fr\/duemi\/wp-json\/wp\/v2\/types\/page"}],"author":[{"embeddable":true,"href":"https:\/\/inspe.univ-lyon1.fr\/duemi\/wp-json\/wp\/v2\/users\/1"}],"replies":[{"embeddable":true,"href":"https:\/\/inspe.univ-lyon1.fr\/duemi\/wp-json\/wp\/v2\/comments?post=37"}],"version-history":[{"count":2,"href":"https:\/\/inspe.univ-lyon1.fr\/duemi\/wp-json\/wp\/v2\/pages\/37\/revisions"}],"predecessor-version":[{"id":651,"href":"https:\/\/inspe.univ-lyon1.fr\/duemi\/wp-json\/wp\/v2\/pages\/37\/revisions\/651"}],"wp:attachment":[{"href":"https:\/\/inspe.univ-lyon1.fr\/duemi\/wp-json\/wp\/v2\/media?parent=37"}],"curies":[{"name":"wp","href":"https:\/\/api.w.org\/{rel}","templated":true}]}}