{"id":35,"date":"2021-04-27T08:49:16","date_gmt":"2021-04-27T06:49:16","guid":{"rendered":"https:\/\/inspe.univ-lyon1.fr\/duemi\/?page_id=35"},"modified":"2024-07-09T12:09:30","modified_gmt":"2024-07-09T10:09:30","slug":"le-nouveau-e-mucem-ouvre-ses-portes-2","status":"publish","type":"page","link":"https:\/\/inspe.univ-lyon1.fr\/duemi\/","title":{"rendered":"DU \u00c9ducation aux M\u00e9dias et \u00e0 l\u2019Information"},"content":{"rendered":"\n<div class=\"wp-block-group alignfull\"><div class=\"wp-block-group__inner-container\">\n<h3 class=\"has-text-align-center\">Comment \u00e9duquer et accompagner les adolescents dans l&rsquo;univers m\u00e9diatique contemporain pour les aider \u00e0 grandir ?<\/h3>\n<\/div><\/div>\n\n\n\n<div class=\"wp-block-columns alignwide\">\n<div class=\"wp-block-column\">\n<div class=\"wp-block-group\"><div class=\"wp-block-group__inner-container\">\n<figure class=\"wp-block-gallery alignfull columns-1 is-cropped\"><ul class=\"blocks-gallery-grid\"><li class=\"blocks-gallery-item\"><figure><img loading=\"lazy\" width=\"362\" height=\"241\" src=\"https:\/\/inspe.univ-lyon1.fr\/duemi\/wp-content\/uploads\/2021\/07\/horizons-icone.jpg\" alt=\"\" data-id=\"433\" data-full-url=\"https:\/\/inspe.univ-lyon1.fr\/duemi\/wp-content\/uploads\/2021\/07\/horizons-icone.jpg\" data-link=\"https:\/\/inspe.univ-lyon1.fr\/duemi\/le-nouveau-e-mucem-ouvre-ses-portes-2\/horizons-icone\/\" class=\"wp-image-433\" srcset=\"https:\/\/inspe.univ-lyon1.fr\/duemi\/wp-content\/uploads\/2021\/07\/horizons-icone.jpg 362w, https:\/\/inspe.univ-lyon1.fr\/duemi\/wp-content\/uploads\/2021\/07\/horizons-icone-300x200.jpg 300w\" sizes=\"(max-width: 362px) 100vw, 362px\" \/><\/figure><\/li><\/ul><\/figure>\n\n\n\n<h3>Description de la formation<\/h3>\n\n\n\n<p>Objectifs, modules, intervenants, modalit\u00e9s d&rsquo;\u00e9valuation<\/p>\n\n\n\n<div class=\"wp-block-button is-style-outline\"><a class=\"wp-block-button__link\" href=\"https:\/\/inspe.univ-lyon1.fr\/duemi\/description\/\">Lire la suite<\/a><\/div>\n<\/div><\/div>\n\n\n\n<div class=\"wp-block-group\"><div class=\"wp-block-group__inner-container\">\n<div class=\"wp-block-group\"><div class=\"wp-block-group__inner-container\">\n<div class=\"wp-block-columns\">\n<div class=\"wp-block-column\" style=\"flex-basis:100%\">\n<figure class=\"wp-block-gallery alignfull columns-1 is-cropped\"><ul class=\"blocks-gallery-grid\"><li class=\"blocks-gallery-item\"><figure><img loading=\"lazy\" width=\"358\" height=\"245\" src=\"https:\/\/inspe.univ-lyon1.fr\/duemi\/wp-content\/uploads\/2021\/07\/stagiaire-icone.jpg\" alt=\"\" data-id=\"443\" data-full-url=\"https:\/\/inspe.univ-lyon1.fr\/duemi\/wp-content\/uploads\/2021\/07\/stagiaire-icone.jpg\" data-link=\"https:\/\/inspe.univ-lyon1.fr\/duemi\/le-nouveau-e-mucem-ouvre-ses-portes-2\/stagiaire-icone\/\" class=\"wp-image-443\" srcset=\"https:\/\/inspe.univ-lyon1.fr\/duemi\/wp-content\/uploads\/2021\/07\/stagiaire-icone.jpg 358w, https:\/\/inspe.univ-lyon1.fr\/duemi\/wp-content\/uploads\/2021\/07\/stagiaire-icone-300x205.jpg 300w\" sizes=\"(max-width: 358px) 100vw, 358px\" \/><\/figure><\/li><\/ul><\/figure>\n\n\n\n<h3>Travaux des \u00e9tudiants<\/h3>\n<\/div>\n<\/div>\n<\/div><\/div>\n\n\n\n<p>Travaux collaboratifs sur des sujets d&rsquo;actualit\u00e9s et \u00e9missions radio<\/p>\n\n\n\n<div class=\"wp-block-button is-style-outline\"><a class=\"wp-block-button__link\" href=\"https:\/\/inspe.univ-lyon1.fr\/duemi\/travaux\/\">Lire la suite<\/a><\/div>\n\n\n\n<p><\/p>\n<\/div><\/div>\n<\/div>\n\n\n\n<div class=\"wp-block-column\">\n<div class=\"wp-block-group\"><div class=\"wp-block-group__inner-container\">\n<figure class=\"wp-block-gallery alignfull columns-1 is-cropped\"><ul class=\"blocks-gallery-grid\"><li class=\"blocks-gallery-item\"><figure><img loading=\"lazy\" width=\"362\" height=\"241\" src=\"https:\/\/inspe.univ-lyon1.fr\/duemi\/wp-content\/uploads\/2021\/07\/compass-icone.jpg\" alt=\"\" data-id=\"437\" data-full-url=\"https:\/\/inspe.univ-lyon1.fr\/duemi\/wp-content\/uploads\/2021\/07\/compass-icone.jpg\" data-link=\"https:\/\/inspe.univ-lyon1.fr\/duemi\/le-nouveau-e-mucem-ouvre-ses-portes-2\/compass-icone\/\" class=\"wp-image-437\" srcset=\"https:\/\/inspe.univ-lyon1.fr\/duemi\/wp-content\/uploads\/2021\/07\/compass-icone.jpg 362w, https:\/\/inspe.univ-lyon1.fr\/duemi\/wp-content\/uploads\/2021\/07\/compass-icone-300x200.jpg 300w\" sizes=\"(max-width: 362px) 100vw, 362px\" \/><\/figure><\/li><\/ul><\/figure>\n\n\n\n<h3>Modalit\u00e9s d&rsquo;acc\u00e8s<\/h3>\n\n\n\n<p>Public, conditions d&rsquo;acc\u00e8s, campagnes d&rsquo;inscription<\/p>\n\n\n\n<div class=\"wp-block-button is-style-outline\"><a class=\"wp-block-button__link\" href=\"https:\/\/inspe.univ-lyon1.fr\/duemi\/modalites\/\">Lire la suite<\/a><\/div>\n<\/div><\/div>\n\n\n\n<div class=\"wp-block-group\"><div class=\"wp-block-group__inner-container\">\n<figure class=\"wp-block-gallery alignfull columns-1 is-cropped\"><ul class=\"blocks-gallery-grid\"><li class=\"blocks-gallery-item\"><figure><img loading=\"lazy\" width=\"362\" height=\"239\" src=\"https:\/\/inspe.univ-lyon1.fr\/duemi\/wp-content\/uploads\/2021\/07\/ropes-icone.jpg\" alt=\"\" data-id=\"439\" data-full-url=\"https:\/\/inspe.univ-lyon1.fr\/duemi\/wp-content\/uploads\/2021\/07\/ropes-icone.jpg\" data-link=\"https:\/\/inspe.univ-lyon1.fr\/duemi\/le-nouveau-e-mucem-ouvre-ses-portes-2\/ropes-icone\/\" class=\"wp-image-439\" srcset=\"https:\/\/inspe.univ-lyon1.fr\/duemi\/wp-content\/uploads\/2021\/07\/ropes-icone.jpg 362w, https:\/\/inspe.univ-lyon1.fr\/duemi\/wp-content\/uploads\/2021\/07\/ropes-icone-300x198.jpg 300w\" sizes=\"(max-width: 362px) 100vw, 362px\" \/><\/figure><\/li><\/ul><\/figure>\n\n\n\n<h3>Ressources en EMI<\/h3>\n\n\n\n<p>Partenariat avec l&rsquo;ENSSIB, ressources diverses<\/p>\n\n\n\n<div class=\"wp-block-button is-style-outline\"><a class=\"wp-block-button__link\" href=\"https:\/\/inspe.univ-lyon1.fr\/duemi\/selection-de-ressources\/\">Lire la suite<\/a><\/div>\n<\/div><\/div>\n<\/div>\n<\/div>\n\n\n\n<p><\/p>\n\n\n\n<p><\/p>\n","protected":false},"excerpt":{"rendered":"","protected":false},"author":1,"featured_media":395,"parent":0,"menu_order":0,"comment_status":"closed","ping_status":"closed","template":"","meta":[],"_links":{"self":[{"href":"https:\/\/inspe.univ-lyon1.fr\/duemi\/wp-json\/wp\/v2\/pages\/35"}],"collection":[{"href":"https:\/\/inspe.univ-lyon1.fr\/duemi\/wp-json\/wp\/v2\/pages"}],"about":[{"href":"https:\/\/inspe.univ-lyon1.fr\/duemi\/wp-json\/wp\/v2\/types\/page"}],"author":[{"embeddable":true,"href":"https:\/\/inspe.univ-lyon1.fr\/duemi\/wp-json\/wp\/v2\/users\/1"}],"replies":[{"embeddable":true,"href":"https:\/\/inspe.univ-lyon1.fr\/duemi\/wp-json\/wp\/v2\/comments?post=35"}],"version-history":[{"count":29,"href":"https:\/\/inspe.univ-lyon1.fr\/duemi\/wp-json\/wp\/v2\/pages\/35\/revisions"}],"predecessor-version":[{"id":2275,"href":"https:\/\/inspe.univ-lyon1.fr\/duemi\/wp-json\/wp\/v2\/pages\/35\/revisions\/2275"}],"wp:featuredmedia":[{"embeddable":true,"href":"https:\/\/inspe.univ-lyon1.fr\/duemi\/wp-json\/wp\/v2\/media\/395"}],"wp:attachment":[{"href":"https:\/\/inspe.univ-lyon1.fr\/duemi\/wp-json\/wp\/v2\/media?parent=35"}],"curies":[{"name":"wp","href":"https:\/\/api.w.org\/{rel}","templated":true}]}}