{"id":195,"date":"2021-06-16T15:07:48","date_gmt":"2021-06-16T13:07:48","guid":{"rendered":"https:\/\/inspe.univ-lyon1.fr\/duemi\/?page_id=195"},"modified":"2025-07-07T11:29:10","modified_gmt":"2025-07-07T09:29:10","slug":"travaux-des-stagiaires","status":"publish","type":"page","link":"https:\/\/inspe.univ-lyon1.fr\/duemi\/travaux-des-stagiaires\/","title":{"rendered":"Travaux des stagiaires"},"content":{"rendered":"\n<figure class=\"wp-block-image size-large\"><img loading=\"lazy\" width=\"1024\" height=\"698\" src=\"https:\/\/inspe.univ-lyon1.fr\/duemi\/wp-content\/uploads\/2025\/06\/window-4354467_1280-1024x698.jpg\" alt=\"osint\" class=\"wp-image-3023\" srcset=\"https:\/\/inspe.univ-lyon1.fr\/duemi\/wp-content\/uploads\/2025\/06\/window-4354467_1280-1024x698.jpg 1024w, https:\/\/inspe.univ-lyon1.fr\/duemi\/wp-content\/uploads\/2025\/06\/window-4354467_1280-300x204.jpg 300w, https:\/\/inspe.univ-lyon1.fr\/duemi\/wp-content\/uploads\/2025\/06\/window-4354467_1280-768x523.jpg 768w, https:\/\/inspe.univ-lyon1.fr\/duemi\/wp-content\/uploads\/2025\/06\/window-4354467_1280.jpg 1280w\" sizes=\"(max-width: 1024px) 100vw, 1024px\" \/><figcaption><a rel=\"noreferrer noopener\" href=\"https:\/\/inspe.univ-lyon1.fr\/duemi\/2025\/07\/04\/losint\/\" target=\"_blank\">Travail sur l&rsquo;OSIN<\/a><a href=\"https:\/\/inspe.univ-lyon1.fr\/duemi\/2025\/07\/04\/losint\/\" target=\"_blank\" rel=\"noreferrer noopener\">T<\/a><a rel=\"noreferrer noopener\" href=\"https:\/\/inspe.univ-lyon1.fr\/duemi\/2025\/07\/04\/losint\/\" target=\"_blank\"> (promotion 2024-2025)<\/a><\/figcaption><\/figure>\n\n\n\n<figure class=\"wp-block-image size-large\"><img loading=\"lazy\" width=\"1024\" height=\"574\" src=\"https:\/\/inspe.univ-lyon1.fr\/duemi\/wp-content\/uploads\/2025\/06\/Reporter-guerre-UNE-1-1024x574.jpg\" alt=\"\" class=\"wp-image-3143\" srcset=\"https:\/\/inspe.univ-lyon1.fr\/duemi\/wp-content\/uploads\/2025\/06\/Reporter-guerre-UNE-1-1024x574.jpg 1024w, https:\/\/inspe.univ-lyon1.fr\/duemi\/wp-content\/uploads\/2025\/06\/Reporter-guerre-UNE-1-300x168.jpg 300w, https:\/\/inspe.univ-lyon1.fr\/duemi\/wp-content\/uploads\/2025\/06\/Reporter-guerre-UNE-1-768x430.jpg 768w, https:\/\/inspe.univ-lyon1.fr\/duemi\/wp-content\/uploads\/2025\/06\/Reporter-guerre-UNE-1-1536x861.jpg 1536w, https:\/\/inspe.univ-lyon1.fr\/duemi\/wp-content\/uploads\/2025\/06\/Reporter-guerre-UNE-1-2048x1148.jpg 2048w, https:\/\/inspe.univ-lyon1.fr\/duemi\/wp-content\/uploads\/2025\/06\/Reporter-guerre-UNE-1-1568x879.jpg 1568w\" sizes=\"(max-width: 1024px) 100vw, 1024px\" \/><figcaption><a rel=\"noreferrer noopener\" href=\"https:\/\/inspe.univ-lyon1.fr\/duemi\/2025\/05\/28\/linformation-en-temps-de-guerre\/\" target=\"_blank\">Travail sur l&rsquo;info en temps de guerre (promotio<\/a><a href=\"https:\/\/inspe.univ-lyon1.fr\/duemi\/2025\/05\/28\/linformation-en-temps-de-guerre\/\">n <\/a><a rel=\"noreferrer noopener\" href=\"https:\/\/inspe.univ-lyon1.fr\/duemi\/2025\/05\/28\/linformation-en-temps-de-guerre\/\" target=\"_blank\">2024-2025)<\/a><\/figcaption><\/figure>\n\n\n\n<figure class=\"wp-block-image size-large is-resized\"><img loading=\"lazy\" src=\"https:\/\/inspe.univ-lyon1.fr\/duemi\/wp-content\/uploads\/2024\/07\/PHOTO-BLOC-3-IA-JOURNALISME.jpg\" alt=\"\" class=\"wp-image-2283\" width=\"600\" height=\"300\"\/><figcaption><a rel=\"noreferrer noopener\" href=\"https:\/\/inspe.univ-lyon1.fr\/duemi\/2024\/05\/29\/lia-en-education\/\" target=\"_blank\">Travail sur l&rsquo;IA et le journalisme (promotion 2023-2024)<\/a><\/figcaption><\/figure>\n\n\n\n<figure class=\"wp-block-image size-large is-resized\"><a href=\"https:\/\/www.rvrradio.fr\/Le-coup-de-coeur-du-D-U-E-M-I-premiere.html\"><img loading=\"lazy\" src=\"https:\/\/inspe.univ-lyon1.fr\/duemi\/wp-content\/uploads\/2021\/06\/radio.jpg\" alt=\"\" class=\"wp-image-197\" width=\"610\" height=\"303\" srcset=\"https:\/\/inspe.univ-lyon1.fr\/duemi\/wp-content\/uploads\/2021\/06\/radio.jpg 640w, https:\/\/inspe.univ-lyon1.fr\/duemi\/wp-content\/uploads\/2021\/06\/radio-300x149.jpg 300w\" sizes=\"(max-width: 610px) 100vw, 610px\" \/><\/a><figcaption><a href=\"https:\/\/www.rvrradio.fr\/Le-coup-de-coeur-du-D-U-E-M-I-premiere.html\">R\u00e9alisation d&rsquo;une \u00e9mission de radio (promotion 2020-2021)<\/a><\/figcaption><\/figure>\n\n\n\n<figure class=\"wp-block-image size-large\"><img loading=\"lazy\" width=\"1024\" height=\"682\" src=\"https:\/\/inspe.univ-lyon1.fr\/duemi\/wp-content\/uploads\/2021\/06\/hans-boodt-1006031_1280-1-1024x682.jpg\" alt=\"\" class=\"wp-image-203\" srcset=\"https:\/\/inspe.univ-lyon1.fr\/duemi\/wp-content\/uploads\/2021\/06\/hans-boodt-1006031_1280-1-1024x682.jpg 1024w, https:\/\/inspe.univ-lyon1.fr\/duemi\/wp-content\/uploads\/2021\/06\/hans-boodt-1006031_1280-1-300x200.jpg 300w, https:\/\/inspe.univ-lyon1.fr\/duemi\/wp-content\/uploads\/2021\/06\/hans-boodt-1006031_1280-1-768x512.jpg 768w, https:\/\/inspe.univ-lyon1.fr\/duemi\/wp-content\/uploads\/2021\/06\/hans-boodt-1006031_1280-1-1200x800.jpg 1200w, https:\/\/inspe.univ-lyon1.fr\/duemi\/wp-content\/uploads\/2021\/06\/hans-boodt-1006031_1280-1.jpg 1280w\" sizes=\"(max-width: 1024px) 100vw, 1024px\" \/><figcaption><a href=\"https:\/\/inspe.univ-lyon1.fr\/duemi\/2021\/06\/29\/deepfakes\/\">Travail sur les DeepFake (promotion 2020-2021)<\/a><\/figcaption><\/figure>\n\n\n\n<figure class=\"wp-block-image size-large is-resized\"><a href=\"https:\/\/inspe.univ-lyon1.fr\/duemi\/2021\/08\/30\/liberte-dexpression\/\"><img loading=\"lazy\" src=\"https:\/\/inspe.univ-lyon1.fr\/duemi\/wp-content\/uploads\/2021\/08\/image-l-e-e1630315396311.png\" alt=\"\" class=\"wp-image-695\" width=\"612\" height=\"301\" srcset=\"https:\/\/inspe.univ-lyon1.fr\/duemi\/wp-content\/uploads\/2021\/08\/image-l-e-e1630315396311.png 500w, https:\/\/inspe.univ-lyon1.fr\/duemi\/wp-content\/uploads\/2021\/08\/image-l-e-e1630315396311-300x148.png 300w\" sizes=\"(max-width: 612px) 100vw, 612px\" \/><\/a><figcaption><a href=\"https:\/\/inspe.univ-lyon1.fr\/duemi\/2021\/08\/30\/liberte-dexpression\/\">Travail sur la libert\u00e9 d&rsquo;expression (promotion 2020-2021)<\/a><\/figcaption><\/figure>\n\n\n\n<figure class=\"wp-block-image size-large\"><img loading=\"lazy\" width=\"1024\" height=\"683\" src=\"https:\/\/inspe.univ-lyon1.fr\/duemi\/wp-content\/uploads\/2022\/06\/hacker-1024x683.jpg\" alt=\"\" class=\"wp-image-1009\"\/><figcaption><a href=\"https:\/\/inspe.univ-lyon1.fr\/duemi\/2022\/06\/30\/cybercriminalite\/\" data-type=\"URL\">Travail sur la cybercriminalit\u00e9 (promotion 2021-2022)<\/a><\/figcaption><\/figure>\n\n\n\n<figure class=\"wp-block-image size-large is-resized\"><img loading=\"lazy\" src=\"https:\/\/inspe.univ-lyon1.fr\/duemi\/wp-content\/uploads\/2022\/06\/Actus-ecosysteme-27-e1657177361467.png\" alt=\"\" class=\"wp-image-1325\" width=\"613\" height=\"245\" srcset=\"https:\/\/inspe.univ-lyon1.fr\/duemi\/wp-content\/uploads\/2022\/06\/Actus-ecosysteme-27-e1657177361467.png 500w, https:\/\/inspe.univ-lyon1.fr\/duemi\/wp-content\/uploads\/2022\/06\/Actus-ecosysteme-27-e1657177361467-300x120.png 300w\" sizes=\"(max-width: 613px) 100vw, 613px\" \/><figcaption><a href=\"https:\/\/inspe.univ-lyon1.fr\/duemi\/2022\/06\/29\/eco-citoyennete-numerique\/\">Travail sur l&rsquo;\u00e9co-citoyennet\u00e9 num\u00e9rique (promotion 2021-2022)<\/a><\/figcaption><\/figure>\n","protected":false},"excerpt":{"rendered":"","protected":false},"author":3,"featured_media":0,"parent":0,"menu_order":0,"comment_status":"closed","ping_status":"closed","template":"","meta":[],"_links":{"self":[{"href":"https:\/\/inspe.univ-lyon1.fr\/duemi\/wp-json\/wp\/v2\/pages\/195"}],"collection":[{"href":"https:\/\/inspe.univ-lyon1.fr\/duemi\/wp-json\/wp\/v2\/pages"}],"about":[{"href":"https:\/\/inspe.univ-lyon1.fr\/duemi\/wp-json\/wp\/v2\/types\/page"}],"author":[{"embeddable":true,"href":"https:\/\/inspe.univ-lyon1.fr\/duemi\/wp-json\/wp\/v2\/users\/3"}],"replies":[{"embeddable":true,"href":"https:\/\/inspe.univ-lyon1.fr\/duemi\/wp-json\/wp\/v2\/comments?post=195"}],"version-history":[{"count":21,"href":"https:\/\/inspe.univ-lyon1.fr\/duemi\/wp-json\/wp\/v2\/pages\/195\/revisions"}],"predecessor-version":[{"id":3213,"href":"https:\/\/inspe.univ-lyon1.fr\/duemi\/wp-json\/wp\/v2\/pages\/195\/revisions\/3213"}],"wp:attachment":[{"href":"https:\/\/inspe.univ-lyon1.fr\/duemi\/wp-json\/wp\/v2\/media?parent=195"}],"curies":[{"name":"wp","href":"https:\/\/api.w.org\/{rel}","templated":true}]}}