{"id":185,"date":"2021-06-16T14:36:56","date_gmt":"2021-06-16T12:36:56","guid":{"rendered":"https:\/\/inspe.univ-lyon1.fr\/duemi\/?page_id=185"},"modified":"2023-04-27T13:28:25","modified_gmt":"2023-04-27T11:28:25","slug":"selection-de-ressources-en-emi","status":"publish","type":"page","link":"https:\/\/inspe.univ-lyon1.fr\/duemi\/selection-de-ressources-en-emi\/","title":{"rendered":"Ressources"},"content":{"rendered":"\n<p>L&rsquo;INSPE de Lyon en partenariat avec l&rsquo;ENSSIB organise des journ\u00e9es d&rsquo;\u00e9tude sur la th\u00e9matique de l&rsquo;EMI et en lien avec le DU. Les journ\u00e9es sont en acc\u00e8s libres et sont enregistr\u00e9es. <\/p>\n\n\n\n<h2>Ann\u00e9e 2020-2021<\/h2>\n\n\n\n<p><strong>25\/11\/2020 : Questionner la culture num\u00e9rique<\/strong> avec St\u00e9phane Bortzmeyer, Thomas Durand (La Tronche en Biais), Edmond Espanel, Sylvie Lecherbonnier, Jonathan Parient, et Nikos Smyrnaios : acc\u00e8s aux <a rel=\"noreferrer noopener\" href=\"https:\/\/www.enssib.fr\/bibliotheque-numerique\/notices\/69779-comment-eduquer-et-accompagner-les-adolescents-et-les-jeunes-adultes-dans-l-univers-mediatique-contemporain-pour-les-aider-a-grandir\" target=\"_blank\">enregistrements<\/a>.<\/p>\n\n\n\n<p><strong>27\/01\/2021 : Analyser les pratiques juv\u00e9niles du num\u00e9rique<\/strong> en faisant preuve d&rsquo;ouverture et d&rsquo;esprit critique avec Carine Aillerie, Carine, Benjamin Brillaud (Nota Bene) , Guillaume Gillet, Xavier Gorce, Sophie Jehel, Jocelyn Lachance,  et Nicolas Piqu\u00e9 : <a href=\"https:\/\/www.enssib.fr\/bibliotheque-numerique\/notices\/69899-comment-eduquer-et-accompagner-les-adolescents-et-les-jeunes-adultes-dans-l-univers-mediatique-contemporain-pour-les-aider-a-grandir\" data-type=\"URL\" data-id=\"https:\/\/www.enssib.fr\/bibliotheque-numerique\/notices\/69899-comment-eduquer-et-accompagner-les-adolescents-et-les-jeunes-adultes-dans-l-univers-mediatique-contemporain-pour-les-aider-a-grandir\" target=\"_blank\" rel=\"noreferrer noopener\">acc\u00e8s aux enregistrements<\/a>.<\/p>\n\n\n\n<p><strong>26\/05\/2021 : Construire des dispositifs d&rsquo;accompagnement \u00e9ducatif en fonction du contexte<\/strong> avec B\u00e9atrice Bosetti, Denis Caroti, Vincent Casanova, Val\u00e9rie Glass, Alexis Monnet, Alexandra Saemmer, Aur\u00e9lie Teillard, Aur\u00e9lie et Arthur Tenor :<a href=\"https:\/\/www.enssib.fr\/bibliotheque-numerique\/notices\/70021-comment-eduquer-et-accompagner-les-adolescents-et-les-jeunes-adultes-dans-l-univers-mediatique-contemporain-pour-les-aider-a-grandir\" data-type=\"URL\" data-id=\"https:\/\/www.enssib.fr\/bibliotheque-numerique\/notices\/70021-comment-eduquer-et-accompagner-les-adolescents-et-les-jeunes-adultes-dans-l-univers-mediatique-contemporain-pour-les-aider-a-grandir\" target=\"_blank\" rel=\"noreferrer noopener\"> acc\u00e8s aux enregistrements<\/a>. <\/p>\n\n\n\n<figure class=\"wp-block-image size-large\"><img loading=\"lazy\" width=\"1024\" height=\"163\" src=\"https:\/\/inspe.univ-lyon1.fr\/duemi\/wp-content\/uploads\/2021\/07\/biblio-1024x163.jpg\" alt=\"\" class=\"wp-image-675\" srcset=\"https:\/\/inspe.univ-lyon1.fr\/duemi\/wp-content\/uploads\/2021\/07\/biblio-1024x163.jpg 1024w, https:\/\/inspe.univ-lyon1.fr\/duemi\/wp-content\/uploads\/2021\/07\/biblio-300x48.jpg 300w, https:\/\/inspe.univ-lyon1.fr\/duemi\/wp-content\/uploads\/2021\/07\/biblio-768x122.jpg 768w, https:\/\/inspe.univ-lyon1.fr\/duemi\/wp-content\/uploads\/2021\/07\/biblio.jpg 1118w\" sizes=\"(max-width: 1024px) 100vw, 1024px\" \/><figcaption><a href=\"https:\/\/www.enssib.fr\/bibliotheque-numerique\/documents\/69985-fictions-et-documentaires-incontournables-autour-de-la-culture-numerique-pour-les-enfants-les-adolescents-et-les-jeunes-adultes.pdf\" data-type=\"URL\" data-id=\"https:\/\/www.enssib.fr\/bibliotheque-numerique\/documents\/69985-fictions-et-documentaires-incontournables-autour-de-la-culture-numerique-pour-les-enfants-les-adolescents-et-les-jeunes-adultes.pdf\">BIBLIOGRAPHIE : Fictions et documentaires incontournables autour de la culture num\u00e9rique pour les enfants, les adolescents et les jeunes adultes<\/a><\/figcaption><\/figure>\n\n\n\n<h2>Ann\u00e9e 2021-2022<\/h2>\n\n\n\n<p><strong>17\/11\/2021 : Questionner la culture num\u00e9rique<\/strong> avec Jean-Christophe Becquet, Raphael Berger, David Bessot, F\u00e9lix C\u00f4te, Divina Frau-Meigs, Divina, Alexis  Kauffmann, Cl\u00e9ment Mabi et  Vincent Mabillot : <a rel=\"noreferrer noopener\" href=\"https:\/\/www.enssib.fr\/bibliotheque-numerique\/\/notices\/70189-questionner-la-culture-numerique\" data-type=\"URL\" data-id=\"https:\/\/www.enssib.fr\/bibliotheque-numerique\/\/notices\/70189-questionner-la-culture-numerique\" target=\"_blank\">acc\u00e8s aux enregistrements.<\/a><\/p>\n\n\n\n<p><strong>02\/02\/2022 : Jeunes, le num\u00e9rique, regards crois\u00e9s sur des usages<\/strong> avec Faouzi Boughida, Yann Bruna, Samuel Coavoux, Anne Cordier, Susan Kovacs, Pascal Marchand, St\u00e9phanie Mazza, Pascal Robert, et Barbara Smaniotto : <a href=\"https:\/\/www.enssib.fr\/bibliotheque-numerique\/\/notices\/70335-les-jeunes-le-numerique-regards-croises-sur-des-usages\" data-type=\"URL\" data-id=\"https:\/\/www.enssib.fr\/bibliotheque-numerique\/\/notices\/70335-les-jeunes-le-numerique-regards-croises-sur-des-usages\" target=\"_blank\" rel=\"noreferrer noopener\">acc\u00e8s aux enregistrements<\/a>.<\/p>\n\n\n\n<p><strong>18\/05\/2022 : S&rsquo;engager dans l\u2019\u00c9ducation aux m\u00e9dias et \u00e0 l\u2019information<\/strong> avec Tiphaine Cr\u00e9z\u00e9, Tiphaine, Catherine Giraud, Philippe Lucas-Fradin, Kaltoum Mahmoudi, Beno\u00eet Roux et Nolwenn Tr\u00e9hondart : <a href=\"https:\/\/www.enssib.fr\/bibliotheque-numerique\/\/notices\/70596-s-engager-dans-l-education-aux-medias-et-a-l-information\" data-type=\"URL\" data-id=\"https:\/\/www.enssib.fr\/bibliotheque-numerique\/\/notices\/70596-s-engager-dans-l-education-aux-medias-et-a-l-information\" target=\"_blank\" rel=\"noreferrer noopener\">acc\u00e8s aux enregistrements<\/a>.<\/p>\n\n\n\n<h2>Ann\u00e9e 2022-2023<\/h2>\n\n\n\n<p><strong>14\/10\/2022 : Interroger les enjeux de la d\u00e9sinformation : croisement de regards francophones. <\/strong><\/p>\n\n\n\n<p>\u00ab\u00a0Organis\u00e9e dans le cadre du projet de partenariat \u00ab Lutte contre la d\u00e9sinformation \u00bb, cette journ\u00e9e co-port\u00e9e par l\u2019\u00c9cole nationale sup\u00e9rieure des sciences de l&rsquo;information et des biblioth\u00e8ques (France) et l\u2019\u00c9cole de Biblioth\u00e9caires, Archivistes et Documentalistes (S\u00e9n\u00e9gal) et l&rsquo;organisation internationale de la francophonie (OIF) a pour objectif de proposer un panorama des recherches scientifiques francophones sur les ph\u00e9nom\u00e8nes de d\u00e9sinformation et sur des initiatives engag\u00e9es pour contrer ces ph\u00e9nom\u00e8nes\u00a0\u00bb: <a rel=\"noreferrer noopener\" href=\"https:\/\/www.enssib.fr\/bibliotheque-numerique\/\/notices\/70988-interroger-les-enjeux-de-la-desinformation-croisement-de-regards-francophones\" data-type=\"URL\" data-id=\"https:\/\/www.enssib.fr\/bibliotheque-numerique\/\/notices\/70988-interroger-les-enjeux-de-la-desinformation-croisement-de-regards-francophones\" target=\"_blank\">acc\u00e8s aux enregistrements<\/a>.<\/p>\n\n\n\n<p><strong>22\/02\/2023 : L&rsquo; EMI au prisme des in\u00e9galit\u00e9s num\u00e9riques<\/strong> avec Victor Baysang-Michelin, Julien Boyadjian, Luc Maumet, Philippe Archias, Alexandre Coutant, Fabien Granjon, Fabien et C\u00e9cile Perret : <a rel=\"noreferrer noopener\" href=\"https:\/\/www.enssib.fr\/bibliotheque-numerique\/\/notices\/71053-l-emi-au-prisme-des-inegalites-numeriques\" data-type=\"URL\" data-id=\"https:\/\/www.enssib.fr\/bibliotheque-numerique\/\/notices\/71053-l-emi-au-prisme-des-inegalites-numeriques\" target=\"_blank\">acc\u00e8s aux enregistrements<\/a>.<\/p>\n\n\n\n<p>L&rsquo;ENSSIB et l&rsquo;INSPE de Lyon vous proposent un site d\u00e9di\u00e9 \u00e0 l&rsquo;EMI qui regroupe manifestations, ressources, propositions d&rsquo;activit\u00e9s, etc.<\/p>\n\n\n\n<figure class=\"wp-block-image size-large\"><img loading=\"lazy\" width=\"1024\" height=\"254\" src=\"https:\/\/inspe.univ-lyon1.fr\/duemi\/wp-content\/uploads\/2021\/07\/bandeau-emi-enssib-1024x254.jpg\" alt=\"\" class=\"wp-image-669\" srcset=\"https:\/\/inspe.univ-lyon1.fr\/duemi\/wp-content\/uploads\/2021\/07\/bandeau-emi-enssib-1024x254.jpg 1024w, https:\/\/inspe.univ-lyon1.fr\/duemi\/wp-content\/uploads\/2021\/07\/bandeau-emi-enssib-300x74.jpg 300w, https:\/\/inspe.univ-lyon1.fr\/duemi\/wp-content\/uploads\/2021\/07\/bandeau-emi-enssib-768x190.jpg 768w, https:\/\/inspe.univ-lyon1.fr\/duemi\/wp-content\/uploads\/2021\/07\/bandeau-emi-enssib.jpg 1331w\" sizes=\"(max-width: 1024px) 100vw, 1024px\" \/><figcaption><a href=\"https:\/\/emi.enssib.fr\/\" data-type=\"URL\" data-id=\"https:\/\/emi.enssib.fr\/\">Un site d\u00e9di\u00e9 \u00e0 l&rsquo;EMI \u00e0 destination de tous les publics concern\u00e9s<\/a><\/figcaption><\/figure>\n\n\n\n<p><\/p>\n","protected":false},"excerpt":{"rendered":"<p>L&rsquo;INSPE de Lyon en partenariat avec l&rsquo;ENSSIB organise des journ\u00e9es d&rsquo;\u00e9tude sur la th\u00e9matique de l&rsquo;EMI et en lien avec le DU. Les journ\u00e9es sont en acc\u00e8s libres et sont enregistr\u00e9es. Ann\u00e9e 2020-2021 25\/11\/2020 : Questionner la culture num\u00e9rique avec St\u00e9phane Bortzmeyer, Thomas Durand (La Tronche en Biais), Edmond Espanel, Sylvie Lecherbonnier, Jonathan Parient, et&hellip; <a class=\"more-link\" href=\"https:\/\/inspe.univ-lyon1.fr\/duemi\/selection-de-ressources-en-emi\/\">Poursuivre la lecture de <span class=\"screen-reader-text\">Ressources<\/span><\/a><\/p>\n","protected":false},"author":3,"featured_media":0,"parent":0,"menu_order":0,"comment_status":"closed","ping_status":"closed","template":"","meta":[],"_links":{"self":[{"href":"https:\/\/inspe.univ-lyon1.fr\/duemi\/wp-json\/wp\/v2\/pages\/185"}],"collection":[{"href":"https:\/\/inspe.univ-lyon1.fr\/duemi\/wp-json\/wp\/v2\/pages"}],"about":[{"href":"https:\/\/inspe.univ-lyon1.fr\/duemi\/wp-json\/wp\/v2\/types\/page"}],"author":[{"embeddable":true,"href":"https:\/\/inspe.univ-lyon1.fr\/duemi\/wp-json\/wp\/v2\/users\/3"}],"replies":[{"embeddable":true,"href":"https:\/\/inspe.univ-lyon1.fr\/duemi\/wp-json\/wp\/v2\/comments?post=185"}],"version-history":[{"count":15,"href":"https:\/\/inspe.univ-lyon1.fr\/duemi\/wp-json\/wp\/v2\/pages\/185\/revisions"}],"predecessor-version":[{"id":1675,"href":"https:\/\/inspe.univ-lyon1.fr\/duemi\/wp-json\/wp\/v2\/pages\/185\/revisions\/1675"}],"wp:attachment":[{"href":"https:\/\/inspe.univ-lyon1.fr\/duemi\/wp-json\/wp\/v2\/media?parent=185"}],"curies":[{"name":"wp","href":"https:\/\/api.w.org\/{rel}","templated":true}]}}