{"id":149,"date":"2021-06-16T08:39:38","date_gmt":"2021-06-16T06:39:38","guid":{"rendered":"https:\/\/inspe.univ-lyon1.fr\/duemi\/?page_id=149"},"modified":"2025-08-26T11:15:22","modified_gmt":"2025-08-26T09:15:22","slug":"modalites","status":"publish","type":"page","link":"https:\/\/inspe.univ-lyon1.fr\/duemi\/modalites\/","title":{"rendered":"Modalit\u00e9s d&rsquo;acc\u00e8s"},"content":{"rendered":"\n<h3>Public concern\u00e9 :<\/h3>\n\n\n\n<p>Recrutement Bac +2<\/p>\n\n\n\n<p>Personnels de l\u2019\u00e9ducation (enseignants 1er et 2nd degr\u00e9, personnels d&rsquo;encadrement, de direction, de vie scolaire), \u00e9ducateurs, personnels de biblioth\u00e8ques, m\u00e9diateurs num\u00e9riques<\/p>\n\n\n\n<hr class=\"wp-block-separator\"\/>\n\n\n\n<h3>Sp\u00e9cificit\u00e9s et conditions d&rsquo;acc\u00e8s :<\/h3>\n\n\n\n<p><strong>Premi\u00e8re campagne d&rsquo;admission 2025-2026 :<\/strong><\/p>\n\n\n\n<ul><li>Date d&rsquo;ouverture de la campagne d&rsquo;inscription : lundi 18 ao\u00fbt 2025<\/li><li>Date de fermeture de la campagne d&rsquo;inscription : mercredi 10 septembre 2025<\/li><li>Date de publication des admissions : vendredi 12 septembre 2025<\/li><li>Date limite des r\u00e9ponses des candidats : mercredi 17 septembre 2025 <\/li><\/ul>\n\n\n\n<p>Plateforme d\u2019inscription : <a href=\"https:\/\/ecandidat.univ-lyon1.fr\/#!accueilView\">e-candidat<\/a><\/p>\n\n\n\n<p>D\u00e9but des cours le mercredi 1er octobre 2025<br>Fin des cours le mercredi 1 juillet 2026<\/p>\n\n\n\n<hr class=\"wp-block-separator\"\/>\n\n\n\n<h3>Modalit\u00e9s d&rsquo;inscription :<\/h3>\n\n\n\n<ul><li>Justification de dipl\u00f4me (bac +2)<\/li><li>Attestation employeur<\/li><li>CV<\/li><li>Lettre de motivation<\/li><\/ul>\n\n\n\n<p><strong>Formation continue prise en charge individuelle : <\/strong>1020 \u20ac<br><strong>Formation continue prise en charge employeur : <\/strong>2020 \u20ac<\/p>\n","protected":false},"excerpt":{"rendered":"<p>Public concern\u00e9 : Recrutement Bac +2 Personnels de l\u2019\u00e9ducation (enseignants 1er et 2nd degr\u00e9, personnels d&rsquo;encadrement, de direction, de vie scolaire), \u00e9ducateurs, personnels de biblioth\u00e8ques, m\u00e9diateurs num\u00e9riques Sp\u00e9cificit\u00e9s et conditions d&rsquo;acc\u00e8s : Premi\u00e8re campagne d&rsquo;admission 2025-2026 : Date d&rsquo;ouverture de la campagne d&rsquo;inscription : lundi 18 ao\u00fbt 2025 Date de fermeture de la campagne d&rsquo;inscription&hellip; <a class=\"more-link\" href=\"https:\/\/inspe.univ-lyon1.fr\/duemi\/modalites\/\">Poursuivre la lecture de <span class=\"screen-reader-text\">Modalit\u00e9s d&rsquo;acc\u00e8s<\/span><\/a><\/p>\n","protected":false},"author":3,"featured_media":0,"parent":0,"menu_order":0,"comment_status":"closed","ping_status":"closed","template":"","meta":[],"_links":{"self":[{"href":"https:\/\/inspe.univ-lyon1.fr\/duemi\/wp-json\/wp\/v2\/pages\/149"}],"collection":[{"href":"https:\/\/inspe.univ-lyon1.fr\/duemi\/wp-json\/wp\/v2\/pages"}],"about":[{"href":"https:\/\/inspe.univ-lyon1.fr\/duemi\/wp-json\/wp\/v2\/types\/page"}],"author":[{"embeddable":true,"href":"https:\/\/inspe.univ-lyon1.fr\/duemi\/wp-json\/wp\/v2\/users\/3"}],"replies":[{"embeddable":true,"href":"https:\/\/inspe.univ-lyon1.fr\/duemi\/wp-json\/wp\/v2\/comments?post=149"}],"version-history":[{"count":18,"href":"https:\/\/inspe.univ-lyon1.fr\/duemi\/wp-json\/wp\/v2\/pages\/149\/revisions"}],"predecessor-version":[{"id":3229,"href":"https:\/\/inspe.univ-lyon1.fr\/duemi\/wp-json\/wp\/v2\/pages\/149\/revisions\/3229"}],"wp:attachment":[{"href":"https:\/\/inspe.univ-lyon1.fr\/duemi\/wp-json\/wp\/v2\/media?parent=149"}],"curies":[{"name":"wp","href":"https:\/\/api.w.org\/{rel}","templated":true}]}}