{"id":4269,"date":"2021-02-26T10:26:55","date_gmt":"2021-02-26T09:26:55","guid":{"rendered":"https:\/\/inspe.univ-lyon1.fr\/bienvenue\/?page_id=4269"},"modified":"2021-03-18T16:33:56","modified_gmt":"2021-03-18T15:33:56","slug":"cecpe","status":"publish","type":"page","link":"https:\/\/inspe.univ-lyon1.fr\/bienvenue\/cecpe\/","title":{"rendered":"Concours Externe de Conseiller Principal d&rsquo;Education"},"content":{"rendered":"\t\t<div data-elementor-type=\"wp-page\" data-elementor-id=\"4269\" class=\"elementor elementor-4269\">\n\t\t\t\t\t\t<section class=\"elementor-section elementor-top-section elementor-element elementor-element-1e56816 elementor-section-boxed elementor-section-height-default elementor-section-height-default\" data-id=\"1e56816\" data-element_type=\"section\">\n\t\t\t\t\t\t<div class=\"elementor-container elementor-column-gap-default\">\n\t\t\t\t\t<div class=\"elementor-column elementor-col-100 elementor-top-column elementor-element elementor-element-25e201e\" data-id=\"25e201e\" data-element_type=\"column\">\n\t\t\t<div class=\"elementor-widget-wrap elementor-element-populated\">\n\t\t\t\t\t\t<section class=\"elementor-section elementor-inner-section elementor-element elementor-element-56db76c elementor-section-boxed elementor-section-height-default elementor-section-height-default\" data-id=\"56db76c\" data-element_type=\"section\">\n\t\t\t\t\t\t<div class=\"elementor-container elementor-column-gap-default\">\n\t\t\t\t\t<div class=\"elementor-column elementor-col-50 elementor-inner-column elementor-element elementor-element-2782427\" data-id=\"2782427\" data-element_type=\"column\">\n\t\t\t<div class=\"elementor-widget-wrap elementor-element-populated\">\n\t\t\t\t\t\t<div class=\"elementor-element elementor-element-525f86b elementor-widget elementor-widget-text-editor\" data-id=\"525f86b\" data-element_type=\"widget\" data-widget_type=\"text-editor.default\">\n\t\t\t\t<div class=\"elementor-widget-container\">\n\t\t\t\t\t\t\t\t\t<h3>Concours Externe de Conseiller P\u00e9dagogique d&rsquo;Education<\/h3><div><p>Le concours externe de conseiller principal d\u2019\u00e9ducation a lieu \u00e0 l\u2019issue de la seconde ann\u00e9e de master.<\/p><p>Il se divise en deux s\u00e9ries d\u2019\u00e9preuves<\/p><p><u>Premi\u00e8re s\u00e9rie \u2013 les \u00e9preuves d\u2019admissibilit\u00e9<\/u><\/p><p>Il s\u2019agit d\u2019une \u00e9preuve de composition sur un sujet relatif aux grands enjeux de l&rsquo;\u00e9ducation, des \u00e9volutions et r\u00e9formes du syst\u00e8me \u00e9ducatif.<\/p><p>Une seconde \u00e9preuve consiste en l\u2019analyse d\u2019une situation \u00e9ducative<\/p><p>A l\u2019issue de ces \u00e9preuves, un classement des candidates et candidats est effectu\u00e9 selon la moyenne des notes aux \u00e9preuves afin de d\u00e9terminer les\u00a0candidates et candidats admissibles.<\/p><p><u>Seconde s\u00e9rie \u2013 les \u00e9preuves d\u2019admission<\/u><\/p><p>Les candidates et candidats admis \u00e0 l\u2019issue de la premi\u00e8re s\u00e9rie d\u2019\u00e9preuves passent :<\/p><ul><li>Une \u00e9preuve de pr\u00e9sentation orale sur l\u2019analyse d\u2019une situation professionnelle.<\/li><li>Une \u00e9preuve d\u2019entretien visant \u00e0 appr\u00e9cier la projection\u00a0des candidates et candidats dans le m\u00e9tier de conseiller principal d\u2019\u00e9ducation.<\/li><\/ul><p>A l\u2019issue de ces \u00e9preuves, un classement des candidates et candidats est effectu\u00e9\u00a0 afin de d\u00e9terminer celles et ceux admis.<\/p><\/div>\t\t\t\t\t\t\t\t<\/div>\n\t\t\t\t<\/div>\n\t\t\t\t<div class=\"elementor-element elementor-element-d631b92 elementor-widget elementor-widget-button\" data-id=\"d631b92\" data-element_type=\"widget\" data-widget_type=\"button.default\">\n\t\t\t\t<div class=\"elementor-widget-container\">\n\t\t\t\t\t\t\t\t\t<div class=\"elementor-button-wrapper\">\n\t\t\t\t\t<a class=\"elementor-button elementor-button-link elementor-size-sm\" href=\"https:\/\/www.legifrance.gouv.fr\/jorf\/id\/JORFTEXT000043075664\" target=\"_blank\">\n\t\t\t\t\t\t<span class=\"elementor-button-content-wrapper\">\n\t\t\t\t\t\t\t\t\t<span class=\"elementor-button-text\">EN savoir plus sur les \u00e9preuves<\/span>\n\t\t\t\t\t<\/span>\n\t\t\t\t\t<\/a>\n\t\t\t\t<\/div>\n\t\t\t\t\t\t\t\t<\/div>\n\t\t\t\t<\/div>\n\t\t\t\t<div class=\"elementor-element elementor-element-ebb884e elementor-widget elementor-widget-button\" data-id=\"ebb884e\" data-element_type=\"widget\" data-widget_type=\"button.default\">\n\t\t\t\t<div class=\"elementor-widget-container\">\n\t\t\t\t\t\t\t\t\t<div class=\"elementor-button-wrapper\">\n\t\t\t\t\t<a class=\"elementor-button elementor-button-link elementor-size-sm\" href=\"https:\/\/www.education.gouv.fr\/les-concours-de-recrutement-de-conseillers-principaux-d-education-cpe-6719\" target=\"_blank\">\n\t\t\t\t\t\t<span class=\"elementor-button-content-wrapper\">\n\t\t\t\t\t\t\t\t\t<span class=\"elementor-button-text\">En savoir plus sur le calendrier du concours<\/span>\n\t\t\t\t\t<\/span>\n\t\t\t\t\t<\/a>\n\t\t\t\t<\/div>\n\t\t\t\t\t\t\t\t<\/div>\n\t\t\t\t<\/div>\n\t\t\t\t\t<\/div>\n\t\t<\/div>\n\t\t\t\t<div class=\"elementor-column elementor-col-50 elementor-inner-column elementor-element elementor-element-36101cb\" data-id=\"36101cb\" data-element_type=\"column\" data-settings=\"{&quot;background_background&quot;:&quot;classic&quot;}\">\n\t\t\t<div class=\"elementor-widget-wrap elementor-element-populated\">\n\t\t\t\t\t\t<div class=\"elementor-element elementor-element-c865dfe elementor-widget elementor-widget-heading\" data-id=\"c865dfe\" data-element_type=\"widget\" data-widget_type=\"heading.default\">\n\t\t\t\t<div class=\"elementor-widget-container\">\n\t\t\t\t\t<h4 class=\"elementor-heading-title elementor-size-default\">Sites<br>Ressources<br><\/h4>\t\t\t\t<\/div>\n\t\t\t\t<\/div>\n\t\t\t\t<div class=\"elementor-element elementor-element-ac5d98a elementor-align-center elementor-widget elementor-widget-button\" data-id=\"ac5d98a\" data-element_type=\"widget\" data-widget_type=\"button.default\">\n\t\t\t\t<div class=\"elementor-widget-container\">\n\t\t\t\t\t\t\t\t\t<div class=\"elementor-button-wrapper\">\n\t\t\t\t\t<a class=\"elementor-button elementor-button-link elementor-size-sm\" href=\"https:\/\/www.devenirenseignant.gouv.fr\/\" target=\"_blank\">\n\t\t\t\t\t\t<span class=\"elementor-button-content-wrapper\">\n\t\t\t\t\t\t\t\t\t<span class=\"elementor-button-text\">Devenir Enseignant<\/span>\n\t\t\t\t\t<\/span>\n\t\t\t\t\t<\/a>\n\t\t\t\t<\/div>\n\t\t\t\t\t\t\t\t<\/div>\n\t\t\t\t<\/div>\n\t\t\t\t<div class=\"elementor-element elementor-element-d2591eb elementor-align-center elementor-widget elementor-widget-button\" data-id=\"d2591eb\" data-element_type=\"widget\" data-widget_type=\"button.default\">\n\t\t\t\t<div class=\"elementor-widget-container\">\n\t\t\t\t\t\t\t\t\t<div class=\"elementor-button-wrapper\">\n\t\t\t\t\t<a class=\"elementor-button elementor-button-link elementor-size-sm\" href=\"http:\/\/www.ac-lyon.fr\/\">\n\t\t\t\t\t\t<span class=\"elementor-button-content-wrapper\">\n\t\t\t\t\t\t\t\t\t<span class=\"elementor-button-text\">Acad\u00e9mie de Lyon<\/span>\n\t\t\t\t\t<\/span>\n\t\t\t\t\t<\/a>\n\t\t\t\t<\/div>\n\t\t\t\t\t\t\t\t<\/div>\n\t\t\t\t<\/div>\n\t\t\t\t\t<\/div>\n\t\t<\/div>\n\t\t\t\t\t<\/div>\n\t\t<\/section>\n\t\t\t\t\t<\/div>\n\t\t<\/div>\n\t\t\t\t\t<\/div>\n\t\t<\/section>\n\t\t\t\t<\/div>\n\t\t","protected":false},"excerpt":{"rendered":"<p>Concours Externe de Conseiller P\u00e9dagogique d&rsquo;Education Le concours externe de conseiller principal d\u2019\u00e9ducation a lieu \u00e0 l\u2019issue de la seconde ann\u00e9e de master. Il se divise en deux s\u00e9ries d\u2019\u00e9preuves Premi\u00e8re s\u00e9rie \u2013 les \u00e9preuves d\u2019admissibilit\u00e9 Il s\u2019agit d\u2019une \u00e9preuve de composition sur un sujet relatif aux grands enjeux de l&rsquo;\u00e9ducation, des \u00e9volutions et r\u00e9formes [&hellip;]<\/p>\n","protected":false},"author":3,"featured_media":0,"parent":0,"menu_order":0,"comment_status":"closed","ping_status":"closed","template":"","meta":{"_eb_attr":"","site-sidebar-layout":"no-sidebar","site-content-layout":"page-builder","ast-site-content-layout":"default","site-content-style":"default","site-sidebar-style":"default","ast-global-header-display":"","ast-banner-title-visibility":"","ast-main-header-display":"","ast-hfb-above-header-display":"","ast-hfb-below-header-display":"","ast-hfb-mobile-header-display":"","site-post-title":"disabled","ast-breadcrumbs-content":"","ast-featured-img":"disabled","footer-sml-layout":"","theme-transparent-header-meta":"default","adv-header-id-meta":"","stick-header-meta":"","header-above-stick-meta":"","header-main-stick-meta":"","header-below-stick-meta":"","astra-migrate-meta-layouts":"default","ast-page-background-enabled":"default","ast-page-background-meta":{"desktop":{"background-color":"","background-image":"","background-repeat":"repeat","background-position":"center center","background-size":"auto","background-attachment":"scroll","background-type":"","background-media":"","overlay-type":"","overlay-color":"","overlay-opacity":"","overlay-gradient":""},"tablet":{"background-color":"","background-image":"","background-repeat":"repeat","background-position":"center center","background-size":"auto","background-attachment":"scroll","background-type":"","background-media":"","overlay-type":"","overlay-color":"","overlay-opacity":"","overlay-gradient":""},"mobile":{"background-color":"","background-image":"","background-repeat":"repeat","background-position":"center center","background-size":"auto","background-attachment":"scroll","background-type":"","background-media":"","overlay-type":"","overlay-color":"","overlay-opacity":"","overlay-gradient":""}},"ast-content-background-meta":{"desktop":{"background-color":"var(--ast-global-color-5)","background-image":"","background-repeat":"repeat","background-position":"center center","background-size":"auto","background-attachment":"scroll","background-type":"","background-media":"","overlay-type":"","overlay-color":"","overlay-opacity":"","overlay-gradient":""},"tablet":{"background-color":"var(--ast-global-color-5)","background-image":"","background-repeat":"repeat","background-position":"center center","background-size":"auto","background-attachment":"scroll","background-type":"","background-media":"","overlay-type":"","overlay-color":"","overlay-opacity":"","overlay-gradient":""},"mobile":{"background-color":"var(--ast-global-color-5)","background-image":"","background-repeat":"repeat","background-position":"center center","background-size":"auto","background-attachment":"scroll","background-type":"","background-media":"","overlay-type":"","overlay-color":"","overlay-opacity":"","overlay-gradient":""}},"footnotes":""},"class_list":["post-4269","page","type-page","status-publish","hentry"],"_links":{"self":[{"href":"https:\/\/inspe.univ-lyon1.fr\/bienvenue\/wp-json\/wp\/v2\/pages\/4269","targetHints":{"allow":["GET"]}}],"collection":[{"href":"https:\/\/inspe.univ-lyon1.fr\/bienvenue\/wp-json\/wp\/v2\/pages"}],"about":[{"href":"https:\/\/inspe.univ-lyon1.fr\/bienvenue\/wp-json\/wp\/v2\/types\/page"}],"author":[{"embeddable":true,"href":"https:\/\/inspe.univ-lyon1.fr\/bienvenue\/wp-json\/wp\/v2\/users\/3"}],"replies":[{"embeddable":true,"href":"https:\/\/inspe.univ-lyon1.fr\/bienvenue\/wp-json\/wp\/v2\/comments?post=4269"}],"version-history":[{"count":23,"href":"https:\/\/inspe.univ-lyon1.fr\/bienvenue\/wp-json\/wp\/v2\/pages\/4269\/revisions"}],"predecessor-version":[{"id":7157,"href":"https:\/\/inspe.univ-lyon1.fr\/bienvenue\/wp-json\/wp\/v2\/pages\/4269\/revisions\/7157"}],"wp:attachment":[{"href":"https:\/\/inspe.univ-lyon1.fr\/bienvenue\/wp-json\/wp\/v2\/media?parent=4269"}],"curies":[{"name":"wp","href":"https:\/\/api.w.org\/{rel}","templated":true}]}}