{"id":3693,"date":"2021-02-18T10:40:40","date_gmt":"2021-02-18T09:40:40","guid":{"rendered":"https:\/\/inspe.univ-lyon1.fr\/bienvenue\/?page_id=3693"},"modified":"2022-03-22T09:21:18","modified_gmt":"2022-03-22T08:21:18","slug":"temoignages-etudiants-master-meef-professorat-des-lycees-et-colleges-professionnels-et-technologiques","status":"publish","type":"page","link":"https:\/\/inspe.univ-lyon1.fr\/bienvenue\/temoignages-etudiants-master-meef-professorat-des-lycees-et-colleges-professionnels-et-technologiques\/","title":{"rendered":"T\u00e9moignages \u00e9tudiants &#8211; Master MEEF professorat des lyc\u00e9es et coll\u00e8ges professionnels et technologiques"},"content":{"rendered":"\t\t<div data-elementor-type=\"wp-page\" data-elementor-id=\"3693\" class=\"elementor elementor-3693\">\n\t\t\t\t\t\t<section class=\"elementor-section elementor-top-section elementor-element elementor-element-109e1459 elementor-section-boxed elementor-section-height-default elementor-section-height-default\" data-id=\"109e1459\" data-element_type=\"section\">\n\t\t\t\t\t\t<div class=\"elementor-container elementor-column-gap-default\">\n\t\t\t\t\t<div class=\"elementor-column elementor-col-100 elementor-top-column elementor-element elementor-element-723406ea\" data-id=\"723406ea\" data-element_type=\"column\">\n\t\t\t<div class=\"elementor-widget-wrap elementor-element-populated\">\n\t\t\t\t\t\t<div class=\"elementor-element elementor-element-6bb30425 elementor-widget elementor-widget-text-editor\" data-id=\"6bb30425\" data-element_type=\"widget\" data-widget_type=\"text-editor.default\">\n\t\t\t\t<div class=\"elementor-widget-container\">\n\t\t\t\t\t\t\t\t\t\t\t\t\t\t\t\t\t<\/div>\n\t\t\t\t<\/div>\n\t\t\t\t\t<\/div>\n\t\t<\/div>\n\t\t\t\t\t<\/div>\n\t\t<\/section>\n\t\t\t\t<section class=\"elementor-section elementor-top-section elementor-element elementor-element-7a9f3eb elementor-section-boxed elementor-section-height-default elementor-section-height-default\" data-id=\"7a9f3eb\" data-element_type=\"section\">\n\t\t\t\t\t\t<div class=\"elementor-container elementor-column-gap-default\">\n\t\t\t\t\t<div class=\"elementor-column elementor-col-50 elementor-top-column elementor-element elementor-element-7862699\" data-id=\"7862699\" data-element_type=\"column\">\n\t\t\t<div class=\"elementor-widget-wrap elementor-element-populated\">\n\t\t\t\t\t\t<div class=\"elementor-element elementor-element-b2d7da9 elementor-view-default elementor-widget elementor-widget-icon\" data-id=\"b2d7da9\" data-element_type=\"widget\" data-widget_type=\"icon.default\">\n\t\t\t\t<div class=\"elementor-widget-container\">\n\t\t\t\t\t\t\t<div class=\"elementor-icon-wrapper\">\n\t\t\t<div class=\"elementor-icon\">\n\t\t\t<i aria-hidden=\"true\" class=\"icofont icofont-kakaotalk\"><\/i>\t\t\t<\/div>\n\t\t<\/div>\n\t\t\t\t\t\t<\/div>\n\t\t\t\t<\/div>\n\t\t\t\t\t<\/div>\n\t\t<\/div>\n\t\t\t\t<div class=\"elementor-column elementor-col-50 elementor-top-column elementor-element elementor-element-51fb6cf\" data-id=\"51fb6cf\" data-element_type=\"column\">\n\t\t\t<div class=\"elementor-widget-wrap elementor-element-populated\">\n\t\t\t\t\t\t<div class=\"elementor-element elementor-element-c8a5825 elementor-widget elementor-widget-heading\" data-id=\"c8a5825\" data-element_type=\"widget\" data-widget_type=\"heading.default\">\n\t\t\t\t<div class=\"elementor-widget-container\">\n\t\t\t\t\t<h2 class=\"elementor-heading-title elementor-size-default\">T\u00e9moignages \u00e9tudiants<br>Master meef - Professorat des Coll\u00e8ges et lyc\u00e9es techniques et professionnels<\/h2>\t\t\t\t<\/div>\n\t\t\t\t<\/div>\n\t\t\t\t\t<\/div>\n\t\t<\/div>\n\t\t\t\t\t<\/div>\n\t\t<\/section>\n\t\t\t\t<section class=\"elementor-section elementor-top-section elementor-element elementor-element-ee9ae03 elementor-section-boxed elementor-section-height-default elementor-section-height-default\" data-id=\"ee9ae03\" data-element_type=\"section\">\n\t\t\t\t\t\t<div class=\"elementor-container elementor-column-gap-default\">\n\t\t\t\t\t<div class=\"elementor-column elementor-col-100 elementor-top-column elementor-element elementor-element-9adc0aa\" data-id=\"9adc0aa\" data-element_type=\"column\">\n\t\t\t<div class=\"elementor-widget-wrap elementor-element-populated\">\n\t\t\t\t\t\t<div class=\"elementor-element elementor-element-84044a8 elementor-widget elementor-widget-spacer\" data-id=\"84044a8\" data-element_type=\"widget\" data-widget_type=\"spacer.default\">\n\t\t\t\t<div class=\"elementor-widget-container\">\n\t\t\t\t\t\t\t<div class=\"elementor-spacer\">\n\t\t\t<div class=\"elementor-spacer-inner\"><\/div>\n\t\t<\/div>\n\t\t\t\t\t\t<\/div>\n\t\t\t\t<\/div>\n\t\t\t\t\t<\/div>\n\t\t<\/div>\n\t\t\t\t\t<\/div>\n\t\t<\/section>\n\t\t\t\t<section class=\"elementor-section elementor-top-section elementor-element elementor-element-c34a5be elementor-section-boxed elementor-section-height-default elementor-section-height-default\" data-id=\"c34a5be\" data-element_type=\"section\">\n\t\t\t\t\t\t<div class=\"elementor-container elementor-column-gap-default\">\n\t\t\t\t\t<div class=\"elementor-column elementor-col-50 elementor-top-column elementor-element elementor-element-e27278b\" data-id=\"e27278b\" data-element_type=\"column\">\n\t\t\t<div class=\"elementor-widget-wrap elementor-element-populated\">\n\t\t\t\t\t\t<div class=\"elementor-element elementor-element-f0995a3 elementor-widget elementor-widget-heading\" data-id=\"f0995a3\" data-element_type=\"widget\" data-widget_type=\"heading.default\">\n\t\t\t\t<div class=\"elementor-widget-container\">\n\t\t\t\t\t<h5 class=\"elementor-heading-title elementor-size-default\">M1 PLP : Ce qui m'a surpris en Master PLP<\/h5>\t\t\t\t<\/div>\n\t\t\t\t<\/div>\n\t\t\t\t<div class=\"elementor-element elementor-element-ba31291 elementor-widget elementor-widget-eael-testimonial\" data-id=\"ba31291\" data-element_type=\"widget\" data-widget_type=\"eael-testimonial.default\">\n\t\t\t\t<div class=\"elementor-widget-container\">\n\t\t\t\t\t\n\t<div id=\"eael-testimonial-ba31291\" class=\"eael-testimonial-item clearfix  icon-img-left-content\">\n\t\t\t\t\n\t\t\n\t\t\n\t\t\t\t\t\t\t\t<div class=\"eael-testimonial-image\">\n\t\t\t\t\t\t\t\t\t<figure><img fetchpriority=\"high\" decoding=\"async\" width=\"768\" height=\"516\" src=\"https:\/\/inspe.univ-lyon1.fr\/bienvenue\/wp-content\/uploads\/2022\/03\/Capture-de\u0301cran-2022-03-08-a\u0300-16.06.03-768x516.png\" class=\"attachment-medium_large size-medium_large wp-image-9661\" alt=\"\" srcset=\"https:\/\/inspe.univ-lyon1.fr\/bienvenue\/wp-content\/uploads\/2022\/03\/Capture-de\u0301cran-2022-03-08-a\u0300-16.06.03-768x516.png 768w, https:\/\/inspe.univ-lyon1.fr\/bienvenue\/wp-content\/uploads\/2022\/03\/Capture-de\u0301cran-2022-03-08-a\u0300-16.06.03-300x202.png 300w, https:\/\/inspe.univ-lyon1.fr\/bienvenue\/wp-content\/uploads\/2022\/03\/Capture-de\u0301cran-2022-03-08-a\u0300-16.06.03.png 832w\" sizes=\"(max-width: 768px) 100vw, 768px\" \/><\/figure>\n\t\t\t\t\t\t\t<\/div>\n\t\t\t\t\t\t<div class=\"eael-testimonial-content\">\n\t\t\t\t<div class=\"eael-testimonial-text\"><p>On a besoin de r\u00e9viser les bases !<br \/>Saad &#8211; Master MEEF PLP (Eco-gestion)<\/p><\/div>\t\t\t\t<div class=\"bio-text clearfix\">\n\t\t\t\t\t\t\t\t\t<\/div>\n\t\t\t<\/div>\n\t\t\n\t\t\n\t\t\n\t\t\n\t\t\n\t\t<span class=\"eael-testimonial-quote\"><\/span>\n\t<\/div>\n\n\t\t\t\t\t<\/div>\n\t\t\t\t<\/div>\n\t\t\t\t<div class=\"elementor-element elementor-element-237b682 elementor-widget elementor-widget-video\" data-id=\"237b682\" data-element_type=\"widget\" data-settings=\"{&quot;youtube_url&quot;:&quot;https:\\\/\\\/www.youtube.com\\\/watch?v=f-VZPfDcAnY&quot;,&quot;video_type&quot;:&quot;youtube&quot;,&quot;controls&quot;:&quot;yes&quot;}\" data-widget_type=\"video.default\">\n\t\t\t\t<div class=\"elementor-widget-container\">\n\t\t\t\t\t\t\t<div class=\"elementor-wrapper elementor-open-inline\">\n\t\t\t<div class=\"elementor-video\"><\/div>\t\t<\/div>\n\t\t\t\t\t\t<\/div>\n\t\t\t\t<\/div>\n\t\t\t\t\t<\/div>\n\t\t<\/div>\n\t\t\t\t<div class=\"elementor-column elementor-col-50 elementor-top-column elementor-element elementor-element-6a2ee75\" data-id=\"6a2ee75\" data-element_type=\"column\">\n\t\t\t<div class=\"elementor-widget-wrap elementor-element-populated\">\n\t\t\t\t\t\t<div class=\"elementor-element elementor-element-6dc1607 elementor-widget elementor-widget-heading\" data-id=\"6dc1607\" data-element_type=\"widget\" data-widget_type=\"heading.default\">\n\t\t\t\t<div class=\"elementor-widget-container\">\n\t\t\t\t\t<h5 class=\"elementor-heading-title elementor-size-default\">M2 PLP : Comment se passent les cours en M2 ?<\/h5>\t\t\t\t<\/div>\n\t\t\t\t<\/div>\n\t\t\t\t<div class=\"elementor-element elementor-element-bb2cc38 elementor-widget elementor-widget-eael-testimonial\" data-id=\"bb2cc38\" data-element_type=\"widget\" data-widget_type=\"eael-testimonial.default\">\n\t\t\t\t<div class=\"elementor-widget-container\">\n\t\t\t\t\t\n\t<div id=\"eael-testimonial-bb2cc38\" class=\"eael-testimonial-item clearfix  icon-img-left-content\">\n\t\t\t\t\n\t\t\n\t\t\n\t\t\t\t\t\t\t\t<div class=\"eael-testimonial-image\">\n\t\t\t\t\t\t\t\t\t<figure><img fetchpriority=\"high\" decoding=\"async\" width=\"768\" height=\"516\" src=\"https:\/\/inspe.univ-lyon1.fr\/bienvenue\/wp-content\/uploads\/2022\/03\/Capture-de\u0301cran-2022-03-08-a\u0300-16.06.03-768x516.png\" class=\"attachment-medium_large size-medium_large wp-image-9661\" alt=\"\" srcset=\"https:\/\/inspe.univ-lyon1.fr\/bienvenue\/wp-content\/uploads\/2022\/03\/Capture-de\u0301cran-2022-03-08-a\u0300-16.06.03-768x516.png 768w, https:\/\/inspe.univ-lyon1.fr\/bienvenue\/wp-content\/uploads\/2022\/03\/Capture-de\u0301cran-2022-03-08-a\u0300-16.06.03-300x202.png 300w, https:\/\/inspe.univ-lyon1.fr\/bienvenue\/wp-content\/uploads\/2022\/03\/Capture-de\u0301cran-2022-03-08-a\u0300-16.06.03.png 832w\" sizes=\"(max-width: 768px) 100vw, 768px\" \/><\/figure>\n\t\t\t\t\t\t\t<\/div>\n\t\t\t\t\t\t<div class=\"eael-testimonial-content\">\n\t\t\t\t<div class=\"eael-testimonial-text\"><p>On met l&rsquo;accent sur la cr\u00e9ativit\u00e9 !<br \/>Saad &#8211; Master MEEF PLP (Eco-gestion)<\/p><\/div>\t\t\t\t<div class=\"bio-text clearfix\">\n\t\t\t\t\t\t\t\t\t<\/div>\n\t\t\t<\/div>\n\t\t\n\t\t\n\t\t\n\t\t\n\t\t\n\t\t<span class=\"eael-testimonial-quote\"><\/span>\n\t<\/div>\n\n\t\t\t\t\t<\/div>\n\t\t\t\t<\/div>\n\t\t\t\t<div class=\"elementor-element elementor-element-2c67e43 elementor-widget elementor-widget-video\" data-id=\"2c67e43\" data-element_type=\"widget\" data-settings=\"{&quot;youtube_url&quot;:&quot;https:\\\/\\\/www.youtube.com\\\/watch?v=C8oLEMZralg&quot;,&quot;video_type&quot;:&quot;youtube&quot;,&quot;controls&quot;:&quot;yes&quot;}\" data-widget_type=\"video.default\">\n\t\t\t\t<div class=\"elementor-widget-container\">\n\t\t\t\t\t\t\t<div class=\"elementor-wrapper elementor-open-inline\">\n\t\t\t<div class=\"elementor-video\"><\/div>\t\t<\/div>\n\t\t\t\t\t\t<\/div>\n\t\t\t\t<\/div>\n\t\t\t\t\t<\/div>\n\t\t<\/div>\n\t\t\t\t\t<\/div>\n\t\t<\/section>\n\t\t\t\t<section class=\"elementor-section elementor-top-section elementor-element elementor-element-a348ccb elementor-section-boxed elementor-section-height-default elementor-section-height-default\" data-id=\"a348ccb\" data-element_type=\"section\">\n\t\t\t\t\t\t<div class=\"elementor-container elementor-column-gap-default\">\n\t\t\t\t\t<div class=\"elementor-column elementor-col-100 elementor-top-column elementor-element elementor-element-e98d4a2\" data-id=\"e98d4a2\" data-element_type=\"column\">\n\t\t\t<div class=\"elementor-widget-wrap elementor-element-populated\">\n\t\t\t\t\t\t<div class=\"elementor-element elementor-element-a4ac7d7 elementor-widget-divider--view-line elementor-widget elementor-widget-divider\" data-id=\"a4ac7d7\" data-element_type=\"widget\" data-widget_type=\"divider.default\">\n\t\t\t\t<div class=\"elementor-widget-container\">\n\t\t\t\t\t\t\t<div class=\"elementor-divider\">\n\t\t\t<span class=\"elementor-divider-separator\">\n\t\t\t\t\t\t<\/span>\n\t\t<\/div>\n\t\t\t\t\t\t<\/div>\n\t\t\t\t<\/div>\n\t\t\t\t\t<\/div>\n\t\t<\/div>\n\t\t\t\t\t<\/div>\n\t\t<\/section>\n\t\t\t\t<section class=\"elementor-section elementor-top-section elementor-element elementor-element-1d5295b elementor-section-boxed elementor-section-height-default elementor-section-height-default\" data-id=\"1d5295b\" data-element_type=\"section\">\n\t\t\t\t\t\t<div class=\"elementor-container elementor-column-gap-default\">\n\t\t\t\t\t<div class=\"elementor-column elementor-col-100 elementor-top-column elementor-element elementor-element-f6c97b1\" data-id=\"f6c97b1\" data-element_type=\"column\">\n\t\t\t<div class=\"elementor-widget-wrap elementor-element-populated\">\n\t\t\t\t\t\t<div class=\"elementor-element elementor-element-d36f0c8 elementor-widget elementor-widget-heading\" data-id=\"d36f0c8\" data-element_type=\"widget\" data-widget_type=\"heading.default\">\n\t\t\t\t<div class=\"elementor-widget-container\">\n\t\t\t\t\t<h5 class=\"elementor-heading-title elementor-size-default\">M2 PLP : Mon eur\u00e9ka avec mes \u00e9l\u00e8ves<\/h5>\t\t\t\t<\/div>\n\t\t\t\t<\/div>\n\t\t\t\t<div class=\"elementor-element elementor-element-cfe7330 elementor-widget elementor-widget-eael-testimonial\" data-id=\"cfe7330\" data-element_type=\"widget\" data-widget_type=\"eael-testimonial.default\">\n\t\t\t\t<div class=\"elementor-widget-container\">\n\t\t\t\t\t\n\t<div id=\"eael-testimonial-cfe7330\" class=\"eael-testimonial-item clearfix  icon-img-left-content\">\n\t\t\t\t\n\t\t\n\t\t\n\t\t\t\t\t\t\t\t<div class=\"eael-testimonial-image\">\n\t\t\t\t\t\t\t\t\t<figure><img decoding=\"async\" width=\"330\" height=\"190\" src=\"https:\/\/inspe.univ-lyon1.fr\/bienvenue\/wp-content\/uploads\/2022\/03\/Capture-de\u0301cran-2022-03-08-a\u0300-16.06.03-330x190.png\" class=\"attachment-post-slider-thumb-size size-post-slider-thumb-size wp-image-9661\" alt=\"\" \/><\/figure>\n\t\t\t\t\t\t\t<\/div>\n\t\t\t\t\t\t<div class=\"eael-testimonial-content\">\n\t\t\t\t<div class=\"eael-testimonial-text\"><p>Le rendre acteur de son apprentissage&#8230;<br \/>Saad &#8211; Master MEEF PLP (Eco-gestion)<\/p><\/div>\t\t\t\t<div class=\"bio-text clearfix\">\n\t\t\t\t\t\t\t\t\t<\/div>\n\t\t\t<\/div>\n\t\t\n\t\t\n\t\t\n\t\t\n\t\t\n\t\t<span class=\"eael-testimonial-quote\"><\/span>\n\t<\/div>\n\n\t\t\t\t\t<\/div>\n\t\t\t\t<\/div>\n\t\t\t\t<div class=\"elementor-element elementor-element-afc431e elementor-widget elementor-widget-video\" data-id=\"afc431e\" data-element_type=\"widget\" data-settings=\"{&quot;youtube_url&quot;:&quot;https:\\\/\\\/www.youtube.com\\\/watch?v=yTHwKunZdxw&quot;,&quot;video_type&quot;:&quot;youtube&quot;,&quot;controls&quot;:&quot;yes&quot;}\" data-widget_type=\"video.default\">\n\t\t\t\t<div class=\"elementor-widget-container\">\n\t\t\t\t\t\t\t<div class=\"elementor-wrapper elementor-open-inline\">\n\t\t\t<div class=\"elementor-video\"><\/div>\t\t<\/div>\n\t\t\t\t\t\t<\/div>\n\t\t\t\t<\/div>\n\t\t\t\t\t<\/div>\n\t\t<\/div>\n\t\t\t\t\t<\/div>\n\t\t<\/section>\n\t\t\t\t<section class=\"elementor-section elementor-top-section elementor-element elementor-element-7d378f5 elementor-section-boxed elementor-section-height-default elementor-section-height-default\" data-id=\"7d378f5\" data-element_type=\"section\">\n\t\t\t\t\t\t<div class=\"elementor-container elementor-column-gap-default\">\n\t\t\t\t\t<div class=\"elementor-column elementor-col-50 elementor-top-column elementor-element elementor-element-1e4eab0\" data-id=\"1e4eab0\" data-element_type=\"column\">\n\t\t\t<div class=\"elementor-widget-wrap elementor-element-populated\">\n\t\t\t\t\t\t<div class=\"elementor-element elementor-element-34a88ba elementor-widget elementor-widget-heading\" data-id=\"34a88ba\" data-element_type=\"widget\" data-widget_type=\"heading.default\">\n\t\t\t\t<div class=\"elementor-widget-container\">\n\t\t\t\t\t<h5 class=\"elementor-heading-title elementor-size-default\">Que vous apporte la formation alors que vous \u00eates en reconversion professionnelle ?<\/h5>\t\t\t\t<\/div>\n\t\t\t\t<\/div>\n\t\t\t\t<div class=\"elementor-element elementor-element-985b51a elementor-widget elementor-widget-eael-testimonial\" data-id=\"985b51a\" data-element_type=\"widget\" data-widget_type=\"eael-testimonial.default\">\n\t\t\t\t<div class=\"elementor-widget-container\">\n\t\t\t\t\t\n\t<div id=\"eael-testimonial-985b51a\" class=\"eael-testimonial-item clearfix  icon-img-left-content\">\n\t\t\t\t\n\t\t\n\t\t\n\t\t\t\t\t\t\t\t<div class=\"eael-testimonial-image\">\n\t\t\t\t\t\t\t\t\t<figure><img decoding=\"async\" width=\"768\" height=\"481\" src=\"https:\/\/inspe.univ-lyon1.fr\/bienvenue\/wp-content\/uploads\/2022\/03\/Capture-de\u0301cran-2022-03-22-a\u0300-09.14.50-768x481.png\" class=\"attachment-medium_large size-medium_large wp-image-10065\" alt=\"\" srcset=\"https:\/\/inspe.univ-lyon1.fr\/bienvenue\/wp-content\/uploads\/2022\/03\/Capture-de\u0301cran-2022-03-22-a\u0300-09.14.50-768x481.png 768w, https:\/\/inspe.univ-lyon1.fr\/bienvenue\/wp-content\/uploads\/2022\/03\/Capture-de\u0301cran-2022-03-22-a\u0300-09.14.50-300x188.png 300w, https:\/\/inspe.univ-lyon1.fr\/bienvenue\/wp-content\/uploads\/2022\/03\/Capture-de\u0301cran-2022-03-22-a\u0300-09.14.50.png 910w\" sizes=\"(max-width: 768px) 100vw, 768px\" \/><\/figure>\n\t\t\t\t\t\t\t<\/div>\n\t\t\t\t\t\t<div class=\"eael-testimonial-content\">\n\t\t\t\t<div class=\"eael-testimonial-text\"><p>L&rsquo;Insp\u00e9 nous permet de percevoir l&rsquo;\u00e9volution que l&rsquo;on peut avoir tout au long de notre carri\u00e8re.<br \/>Morgane et Mariam &#8211; Master MEEF PLP (Eco-gestion)<\/p><\/div>\t\t\t\t<div class=\"bio-text clearfix\">\n\t\t\t\t\t\t\t\t\t<\/div>\n\t\t\t<\/div>\n\t\t\n\t\t\n\t\t\n\t\t\n\t\t\n\t\t<span class=\"eael-testimonial-quote\"><\/span>\n\t<\/div>\n\n\t\t\t\t\t<\/div>\n\t\t\t\t<\/div>\n\t\t\t\t<div class=\"elementor-element elementor-element-8dc405d elementor-widget elementor-widget-video\" data-id=\"8dc405d\" data-element_type=\"widget\" data-settings=\"{&quot;youtube_url&quot;:&quot;https:\\\/\\\/www.youtube.com\\\/watch?v=phZsaZqrbhs&quot;,&quot;video_type&quot;:&quot;youtube&quot;,&quot;controls&quot;:&quot;yes&quot;}\" data-widget_type=\"video.default\">\n\t\t\t\t<div class=\"elementor-widget-container\">\n\t\t\t\t\t\t\t<div class=\"elementor-wrapper elementor-open-inline\">\n\t\t\t<div class=\"elementor-video\"><\/div>\t\t<\/div>\n\t\t\t\t\t\t<\/div>\n\t\t\t\t<\/div>\n\t\t\t\t\t<\/div>\n\t\t<\/div>\n\t\t\t\t<div class=\"elementor-column elementor-col-50 elementor-top-column elementor-element elementor-element-4298382\" data-id=\"4298382\" data-element_type=\"column\">\n\t\t\t<div class=\"elementor-widget-wrap elementor-element-populated\">\n\t\t\t\t\t\t<div class=\"elementor-element elementor-element-c0f0271 elementor-widget elementor-widget-heading\" data-id=\"c0f0271\" data-element_type=\"widget\" data-widget_type=\"heading.default\">\n\t\t\t\t<div class=\"elementor-widget-container\">\n\t\t\t\t\t<h5 class=\"elementor-heading-title elementor-size-default\">Comment vivez-vous votre ann\u00e9e ?<br><br><\/h5>\t\t\t\t<\/div>\n\t\t\t\t<\/div>\n\t\t\t\t<div class=\"elementor-element elementor-element-6e1a640 elementor-widget elementor-widget-eael-testimonial\" data-id=\"6e1a640\" data-element_type=\"widget\" data-widget_type=\"eael-testimonial.default\">\n\t\t\t\t<div class=\"elementor-widget-container\">\n\t\t\t\t\t\n\t<div id=\"eael-testimonial-6e1a640\" class=\"eael-testimonial-item clearfix  icon-img-left-content\">\n\t\t\t\t\n\t\t\n\t\t\n\t\t\t\t\t\t\t\t<div class=\"eael-testimonial-image\">\n\t\t\t\t\t\t\t\t\t<figure><img decoding=\"async\" width=\"768\" height=\"481\" src=\"https:\/\/inspe.univ-lyon1.fr\/bienvenue\/wp-content\/uploads\/2022\/03\/Capture-de\u0301cran-2022-03-22-a\u0300-09.14.50-768x481.png\" class=\"attachment-medium_large size-medium_large wp-image-10065\" alt=\"\" srcset=\"https:\/\/inspe.univ-lyon1.fr\/bienvenue\/wp-content\/uploads\/2022\/03\/Capture-de\u0301cran-2022-03-22-a\u0300-09.14.50-768x481.png 768w, https:\/\/inspe.univ-lyon1.fr\/bienvenue\/wp-content\/uploads\/2022\/03\/Capture-de\u0301cran-2022-03-22-a\u0300-09.14.50-300x188.png 300w, https:\/\/inspe.univ-lyon1.fr\/bienvenue\/wp-content\/uploads\/2022\/03\/Capture-de\u0301cran-2022-03-22-a\u0300-09.14.50.png 910w\" sizes=\"(max-width: 768px) 100vw, 768px\" \/><\/figure>\n\t\t\t\t\t\t\t<\/div>\n\t\t\t\t\t\t<div class=\"eael-testimonial-content\">\n\t\t\t\t<div class=\"eael-testimonial-text\"><p>Malgr\u00e9 nos diff\u00e9rences on arrive \u00e0 trouver des points communs et des objectifs<br \/>Mariam et Morgane &#8211; Master MEEF PLP (Eco-gestion)<\/p><\/div>\t\t\t\t<div class=\"bio-text clearfix\">\n\t\t\t\t\t\t\t\t\t<\/div>\n\t\t\t<\/div>\n\t\t\n\t\t\n\t\t\n\t\t\n\t\t\n\t\t<span class=\"eael-testimonial-quote\"><\/span>\n\t<\/div>\n\n\t\t\t\t\t<\/div>\n\t\t\t\t<\/div>\n\t\t\t\t<div class=\"elementor-element elementor-element-36d3c66 elementor-widget elementor-widget-video\" data-id=\"36d3c66\" data-element_type=\"widget\" data-settings=\"{&quot;youtube_url&quot;:&quot;https:\\\/\\\/www.youtube.com\\\/watch?v=8b8uOTk0djk&quot;,&quot;video_type&quot;:&quot;youtube&quot;,&quot;controls&quot;:&quot;yes&quot;}\" data-widget_type=\"video.default\">\n\t\t\t\t<div class=\"elementor-widget-container\">\n\t\t\t\t\t\t\t<div class=\"elementor-wrapper elementor-open-inline\">\n\t\t\t<div class=\"elementor-video\"><\/div>\t\t<\/div>\n\t\t\t\t\t\t<\/div>\n\t\t\t\t<\/div>\n\t\t\t\t\t<\/div>\n\t\t<\/div>\n\t\t\t\t\t<\/div>\n\t\t<\/section>\n\t\t\t\t<section class=\"elementor-section elementor-top-section elementor-element elementor-element-8b3ea81 elementor-section-boxed elementor-section-height-default elementor-section-height-default\" data-id=\"8b3ea81\" data-element_type=\"section\">\n\t\t\t\t\t\t<div class=\"elementor-container elementor-column-gap-default\">\n\t\t\t\t\t<div class=\"elementor-column elementor-col-100 elementor-top-column elementor-element elementor-element-81d72b5\" data-id=\"81d72b5\" data-element_type=\"column\">\n\t\t\t<div class=\"elementor-widget-wrap elementor-element-populated\">\n\t\t\t\t\t\t<div class=\"elementor-element elementor-element-ddf74f6 elementor-widget-divider--view-line elementor-widget elementor-widget-divider\" data-id=\"ddf74f6\" data-element_type=\"widget\" data-widget_type=\"divider.default\">\n\t\t\t\t<div class=\"elementor-widget-container\">\n\t\t\t\t\t\t\t<div class=\"elementor-divider\">\n\t\t\t<span class=\"elementor-divider-separator\">\n\t\t\t\t\t\t<\/span>\n\t\t<\/div>\n\t\t\t\t\t\t<\/div>\n\t\t\t\t<\/div>\n\t\t\t\t\t<\/div>\n\t\t<\/div>\n\t\t\t\t\t<\/div>\n\t\t<\/section>\n\t\t\t\t<\/div>\n\t\t","protected":false},"excerpt":{"rendered":"<p>T\u00e9moignages \u00e9tudiantsMaster meef &#8211; Professorat des Coll\u00e8ges et lyc\u00e9es techniques et professionnels M1 PLP : Ce qui m&rsquo;a surpris en Master PLP On a besoin de r\u00e9viser les bases !Saad &#8211; Master MEEF PLP (Eco-gestion) M2 PLP : Comment se passent les cours en M2 ? On met l&rsquo;accent sur la cr\u00e9ativit\u00e9 !Saad &#8211; Master [&hellip;]<\/p>\n","protected":false},"author":3,"featured_media":0,"parent":0,"menu_order":0,"comment_status":"closed","ping_status":"closed","template":"elementor_header_footer","meta":{"_eb_attr":"","site-sidebar-layout":"default","site-content-layout":"default","ast-site-content-layout":"default","site-content-style":"default","site-sidebar-style":"default","ast-global-header-display":"","ast-banner-title-visibility":"","ast-main-header-display":"","ast-hfb-above-header-display":"","ast-hfb-below-header-display":"","ast-hfb-mobile-header-display":"","site-post-title":"","ast-breadcrumbs-content":"","ast-featured-img":"","footer-sml-layout":"","theme-transparent-header-meta":"default","adv-header-id-meta":"","stick-header-meta":"","header-above-stick-meta":"","header-main-stick-meta":"","header-below-stick-meta":"","astra-migrate-meta-layouts":"default","ast-page-background-enabled":"default","ast-page-background-meta":{"desktop":{"background-color":"","background-image":"","background-repeat":"repeat","background-position":"center center","background-size":"auto","background-attachment":"scroll","background-type":"","background-media":"","overlay-type":"","overlay-color":"","overlay-opacity":"","overlay-gradient":""},"tablet":{"background-color":"","background-image":"","background-repeat":"repeat","background-position":"center center","background-size":"auto","background-attachment":"scroll","background-type":"","background-media":"","overlay-type":"","overlay-color":"","overlay-opacity":"","overlay-gradient":""},"mobile":{"background-color":"","background-image":"","background-repeat":"repeat","background-position":"center center","background-size":"auto","background-attachment":"scroll","background-type":"","background-media":"","overlay-type":"","overlay-color":"","overlay-opacity":"","overlay-gradient":""}},"ast-content-background-meta":{"desktop":{"background-color":"var(--ast-global-color-5)","background-image":"","background-repeat":"repeat","background-position":"center center","background-size":"auto","background-attachment":"scroll","background-type":"","background-media":"","overlay-type":"","overlay-color":"","overlay-opacity":"","overlay-gradient":""},"tablet":{"background-color":"var(--ast-global-color-5)","background-image":"","background-repeat":"repeat","background-position":"center center","background-size":"auto","background-attachment":"scroll","background-type":"","background-media":"","overlay-type":"","overlay-color":"","overlay-opacity":"","overlay-gradient":""},"mobile":{"background-color":"var(--ast-global-color-5)","background-image":"","background-repeat":"repeat","background-position":"center center","background-size":"auto","background-attachment":"scroll","background-type":"","background-media":"","overlay-type":"","overlay-color":"","overlay-opacity":"","overlay-gradient":""}},"footnotes":""},"class_list":["post-3693","page","type-page","status-publish","hentry"],"_links":{"self":[{"href":"https:\/\/inspe.univ-lyon1.fr\/bienvenue\/wp-json\/wp\/v2\/pages\/3693","targetHints":{"allow":["GET"]}}],"collection":[{"href":"https:\/\/inspe.univ-lyon1.fr\/bienvenue\/wp-json\/wp\/v2\/pages"}],"about":[{"href":"https:\/\/inspe.univ-lyon1.fr\/bienvenue\/wp-json\/wp\/v2\/types\/page"}],"author":[{"embeddable":true,"href":"https:\/\/inspe.univ-lyon1.fr\/bienvenue\/wp-json\/wp\/v2\/users\/3"}],"replies":[{"embeddable":true,"href":"https:\/\/inspe.univ-lyon1.fr\/bienvenue\/wp-json\/wp\/v2\/comments?post=3693"}],"version-history":[{"count":40,"href":"https:\/\/inspe.univ-lyon1.fr\/bienvenue\/wp-json\/wp\/v2\/pages\/3693\/revisions"}],"predecessor-version":[{"id":10079,"href":"https:\/\/inspe.univ-lyon1.fr\/bienvenue\/wp-json\/wp\/v2\/pages\/3693\/revisions\/10079"}],"wp:attachment":[{"href":"https:\/\/inspe.univ-lyon1.fr\/bienvenue\/wp-json\/wp\/v2\/media?parent=3693"}],"curies":[{"name":"wp","href":"https:\/\/api.w.org\/{rel}","templated":true}]}}