{"id":3503,"date":"2021-02-17T16:33:55","date_gmt":"2021-02-17T15:33:55","guid":{"rendered":"https:\/\/inspe.univ-lyon1.fr\/bienvenue\/?page_id=3503"},"modified":"2022-03-08T15:28:28","modified_gmt":"2022-03-08T14:28:28","slug":"foire-aux-questions-vie-etudiante","status":"publish","type":"page","link":"https:\/\/inspe.univ-lyon1.fr\/bienvenue\/home-2\/nos-foires-aux-questions\/foire-aux-questions-vie-etudiante\/","title":{"rendered":"Foire aux questions Vie \u00e9tudiante"},"content":{"rendered":"\t\t<div data-elementor-type=\"wp-page\" data-elementor-id=\"3503\" class=\"elementor elementor-3503\">\n\t\t\t\t\t\t<section class=\"elementor-section elementor-top-section elementor-element elementor-element-e1c54cb elementor-section-boxed elementor-section-height-default elementor-section-height-default\" data-id=\"e1c54cb\" data-element_type=\"section\">\n\t\t\t\t\t\t<div class=\"elementor-container elementor-column-gap-default\">\n\t\t\t\t\t<div class=\"elementor-column elementor-col-100 elementor-top-column elementor-element elementor-element-a6a4117\" data-id=\"a6a4117\" data-element_type=\"column\">\n\t\t\t<div class=\"elementor-widget-wrap elementor-element-populated\">\n\t\t\t\t\t\t<div class=\"elementor-element elementor-element-a7afa86 elementor-widget elementor-widget-accordion\" data-id=\"a7afa86\" data-element_type=\"widget\" data-widget_type=\"accordion.default\">\n\t\t\t\t<div class=\"elementor-widget-container\">\n\t\t\t\t\t\t\t<div class=\"elementor-accordion\">\n\t\t\t\t\t\t\t<div class=\"elementor-accordion-item\">\n\t\t\t\t\t<div id=\"elementor-tab-title-1751\" class=\"elementor-tab-title\" data-tab=\"1\" role=\"button\" aria-controls=\"elementor-tab-content-1751\" aria-expanded=\"false\">\n\t\t\t\t\t\t\t\t\t\t\t\t\t<span class=\"elementor-accordion-icon elementor-accordion-icon-left\" aria-hidden=\"true\">\n\t\t\t\t\t\t\t\t\t\t\t\t\t\t\t<span class=\"elementor-accordion-icon-closed\"><i class=\"fas fa-plus\"><\/i><\/span>\n\t\t\t\t\t\t\t\t<span class=\"elementor-accordion-icon-opened\"><i class=\"fas fa-minus\"><\/i><\/span>\n\t\t\t\t\t\t\t\t\t\t\t\t\t\t<\/span>\n\t\t\t\t\t\t\t\t\t\t\t\t<a class=\"elementor-accordion-title\" tabindex=\"0\">Biblioth\u00e8que Universitaire : <\/a>\n\t\t\t\t\t<\/div>\n\t\t\t\t\t<div id=\"elementor-tab-content-1751\" class=\"elementor-tab-content elementor-clearfix\" data-tab=\"1\" role=\"region\" aria-labelledby=\"elementor-tab-title-1751\"><p><strong>\u25ba<\/strong><strong>Etudiants Lyon 1<\/strong> : Apr\u00e8s acquittement de vos droits d&rsquo;inscription \u00e0 l&rsquo;universit\u00e9. Votre carte d&rsquo;\u00e9tudiant est utilis\u00e9e pour les op\u00e9rations de pr\u00eat et de retour des ouvrages. Cette inscription est valable pour la dur\u00e9e de l&rsquo;ann\u00e9e universitaire. L\u2019inscription est valable pour toutes les biblioth\u00e8ques des universit\u00e9s Rh\u00f4ne-Alpes (Lyon 1, Lyon 2, Lyon 3).<\/p><p><a href=\"https:\/\/portaildoc.univ-lyon1.fr\/bibliotheques\/bibliotheques-deducation\" target=\"_blank\" rel=\"noopener\">https:\/\/portaildoc.univ-lyon1.fr\/bibliotheques\/bibliotheques-deducation<\/a><\/p><\/div>\n\t\t\t\t<\/div>\n\t\t\t\t\t\t\t<div class=\"elementor-accordion-item\">\n\t\t\t\t\t<div id=\"elementor-tab-title-1752\" class=\"elementor-tab-title\" data-tab=\"2\" role=\"button\" aria-controls=\"elementor-tab-content-1752\" aria-expanded=\"false\">\n\t\t\t\t\t\t\t\t\t\t\t\t\t<span class=\"elementor-accordion-icon elementor-accordion-icon-left\" aria-hidden=\"true\">\n\t\t\t\t\t\t\t\t\t\t\t\t\t\t\t<span class=\"elementor-accordion-icon-closed\"><i class=\"fas fa-plus\"><\/i><\/span>\n\t\t\t\t\t\t\t\t<span class=\"elementor-accordion-icon-opened\"><i class=\"fas fa-minus\"><\/i><\/span>\n\t\t\t\t\t\t\t\t\t\t\t\t\t\t<\/span>\n\t\t\t\t\t\t\t\t\t\t\t\t<a class=\"elementor-accordion-title\" tabindex=\"0\">Association \u00e9tudiante :<\/a>\n\t\t\t\t\t<\/div>\n\t\t\t\t\t<div id=\"elementor-tab-content-1752\" class=\"elementor-tab-content elementor-clearfix\" data-tab=\"2\" role=\"region\" aria-labelledby=\"elementor-tab-title-1752\"><p><strong>\u00e0 Bourg en Bresse<br \/><\/strong>BDE du site de l&rsquo;Insp\u00e9 de Bourg-en-bresse<strong><br \/><\/strong><\/p><p><strong>\u00e0 Lyon<br \/><\/strong>Le CRAIE (Comit\u00e9 de R\u00e9alisation d&rsquo;Actions Inter-\u00c9tudiantes)<\/p><p><strong>\u00e0 Saint-Etienne<\/strong><br \/>Le Gemme<\/p><p>\u00a0<\/p><p style=\"text-align: center;\"><a href=\"https:\/\/inspe.univ-lyon1.fr\/bienvenue\/association-etudiante\/\" target=\"_blank\" rel=\"noopener\">D\u00e9couvrez les BDE sur cette page<\/a><\/p><\/div>\n\t\t\t\t<\/div>\n\t\t\t\t\t\t\t<div class=\"elementor-accordion-item\">\n\t\t\t\t\t<div id=\"elementor-tab-title-1753\" class=\"elementor-tab-title\" data-tab=\"3\" role=\"button\" aria-controls=\"elementor-tab-content-1753\" aria-expanded=\"false\">\n\t\t\t\t\t\t\t\t\t\t\t\t\t<span class=\"elementor-accordion-icon elementor-accordion-icon-left\" aria-hidden=\"true\">\n\t\t\t\t\t\t\t\t\t\t\t\t\t\t\t<span class=\"elementor-accordion-icon-closed\"><i class=\"fas fa-plus\"><\/i><\/span>\n\t\t\t\t\t\t\t\t<span class=\"elementor-accordion-icon-opened\"><i class=\"fas fa-minus\"><\/i><\/span>\n\t\t\t\t\t\t\t\t\t\t\t\t\t\t<\/span>\n\t\t\t\t\t\t\t\t\t\t\t\t<a class=\"elementor-accordion-title\" tabindex=\"0\">Association Sportive :<\/a>\n\t\t\t\t\t<\/div>\n\t\t\t\t\t<div id=\"elementor-tab-content-1753\" class=\"elementor-tab-content elementor-clearfix\" data-tab=\"3\" role=\"region\" aria-labelledby=\"elementor-tab-title-1753\"><p><strong>\u25ba<\/strong>L\u2019adh\u00e9sion \u00e0 l&rsquo;AS ouvre droit \u00e0 toutes les pratiques artistiques et sportives de l\u2019INSP\u00c9<br \/><strong>L\u2019association sportive de l\u2019INSP\u00c9 est ouverte<\/strong> \u00e0 tous les \u00e9tudiants relevant de l\u2019INSP\u00c9 et de l&rsquo;universit\u00e9 Claude Bernard Lyon1<\/p><p><strong>Documents \u00e0 fournir pour l\u2019inscription <\/strong><\/p><p>Un certificat m\u00e9dical de non contre-indication \u00e0 la pratique des activit\u00e9s physiques<\/p><p>Photocopie de la carte d&rsquo;\u00e9tudiant ch\u00e8que de 15 euros<\/p><p>Cette adh\u00e9sion n&rsquo;est pas en relation avec la cotisation sport pay\u00e9e \u00e0 l&rsquo;inscription<\/p><\/div>\n\t\t\t\t<\/div>\n\t\t\t\t\t\t\t<div class=\"elementor-accordion-item\">\n\t\t\t\t\t<div id=\"elementor-tab-title-1754\" class=\"elementor-tab-title\" data-tab=\"4\" role=\"button\" aria-controls=\"elementor-tab-content-1754\" aria-expanded=\"false\">\n\t\t\t\t\t\t\t\t\t\t\t\t\t<span class=\"elementor-accordion-icon elementor-accordion-icon-left\" aria-hidden=\"true\">\n\t\t\t\t\t\t\t\t\t\t\t\t\t\t\t<span class=\"elementor-accordion-icon-closed\"><i class=\"fas fa-plus\"><\/i><\/span>\n\t\t\t\t\t\t\t\t<span class=\"elementor-accordion-icon-opened\"><i class=\"fas fa-minus\"><\/i><\/span>\n\t\t\t\t\t\t\t\t\t\t\t\t\t\t<\/span>\n\t\t\t\t\t\t\t\t\t\t\t\t<a class=\"elementor-accordion-title\" tabindex=\"0\">Restauration :<\/a>\n\t\t\t\t\t<\/div>\n\t\t\t\t\t<div id=\"elementor-tab-content-1754\" class=\"elementor-tab-content elementor-clearfix\" data-tab=\"4\" role=\"region\" aria-labelledby=\"elementor-tab-title-1754\"><div><p><strong>\u00a0<\/strong><\/p><p>Les sites de l\u2019INSP\u00c9 ne disposent pas de restaurants universitaire toutefois des salles \u00e9quip\u00e9es sont \u00e0 votre disposition.<\/p><\/div><\/div>\n\t\t\t\t<\/div>\n\t\t\t\t\t\t\t\t<\/div>\n\t\t\t\t\t\t<\/div>\n\t\t\t\t<\/div>\n\t\t\t\t\t<\/div>\n\t\t<\/div>\n\t\t\t\t\t<\/div>\n\t\t<\/section>\n\t\t\t\t<section class=\"elementor-section elementor-top-section elementor-element elementor-element-c058b26 elementor-section-boxed elementor-section-height-default elementor-section-height-default\" data-id=\"c058b26\" data-element_type=\"section\">\n\t\t\t\t\t\t<div class=\"elementor-container elementor-column-gap-default\">\n\t\t\t\t\t<div class=\"elementor-column elementor-col-100 elementor-top-column elementor-element elementor-element-d04b3e5\" data-id=\"d04b3e5\" data-element_type=\"column\">\n\t\t\t<div class=\"elementor-widget-wrap elementor-element-populated\">\n\t\t\t\t\t\t<div class=\"elementor-element elementor-element-4048667 elementor-view-default elementor-position-top elementor-mobile-position-top elementor-widget elementor-widget-icon-box\" data-id=\"4048667\" data-element_type=\"widget\" data-widget_type=\"icon-box.default\">\n\t\t\t\t<div class=\"elementor-widget-container\">\n\t\t\t\t\t\t\t<div class=\"elementor-icon-box-wrapper\">\n\n\t\t\t\t\t\t<div class=\"elementor-icon-box-icon\">\n\t\t\t\t<a href=\"https:\/\/inspe.univ-lyon1.fr\/bienvenue\/votre-scolarite-a-linspe-lyon\/\" class=\"elementor-icon\" tabindex=\"-1\" aria-label=\"Vous ne trouvez pas de r\u00e9ponse \u00e0 vos questions ?\">\n\t\t\t\t<i aria-hidden=\"true\" class=\"icofont icofont-question-square\"><\/i>\t\t\t\t<\/a>\n\t\t\t<\/div>\n\t\t\t\n\t\t\t\t\t\t<div class=\"elementor-icon-box-content\">\n\n\t\t\t\t\t\t\t\t\t<h3 class=\"elementor-icon-box-title\">\n\t\t\t\t\t\t<a href=\"https:\/\/inspe.univ-lyon1.fr\/bienvenue\/votre-scolarite-a-linspe-lyon\/\" >\n\t\t\t\t\t\t\tVous ne trouvez pas de r\u00e9ponse \u00e0 vos questions ?\t\t\t\t\t\t<\/a>\n\t\t\t\t\t<\/h3>\n\t\t\t\t\n\t\t\t\t\t\t\t\t\t<p class=\"elementor-icon-box-description\">\n\t\t\t\t\t\tContactez le ou la gestionnaire de parcours\t\t\t\t\t<\/p>\n\t\t\t\t\n\t\t\t<\/div>\n\t\t\t\n\t\t<\/div>\n\t\t\t\t\t\t<\/div>\n\t\t\t\t<\/div>\n\t\t\t\t\t<\/div>\n\t\t<\/div>\n\t\t\t\t\t<\/div>\n\t\t<\/section>\n\t\t\t\t<\/div>\n\t\t","protected":false},"excerpt":{"rendered":"<p>Biblioth\u00e8que Universitaire : \u25baEtudiants Lyon 1 : Apr\u00e8s acquittement de vos droits d&rsquo;inscription \u00e0 l&rsquo;universit\u00e9. Votre carte d&rsquo;\u00e9tudiant est utilis\u00e9e pour les op\u00e9rations de pr\u00eat et de retour des ouvrages. Cette inscription est valable pour la dur\u00e9e de l&rsquo;ann\u00e9e universitaire. L\u2019inscription est valable pour toutes les biblioth\u00e8ques des universit\u00e9s Rh\u00f4ne-Alpes (Lyon 1, Lyon 2, Lyon [&hellip;]<\/p>\n","protected":false},"author":3,"featured_media":0,"parent":831,"menu_order":0,"comment_status":"closed","ping_status":"closed","template":"","meta":{"_eb_attr":"","site-sidebar-layout":"no-sidebar","site-content-layout":"default","ast-site-content-layout":"default","site-content-style":"default","site-sidebar-style":"default","ast-global-header-display":"","ast-banner-title-visibility":"","ast-main-header-display":"","ast-hfb-above-header-display":"","ast-hfb-below-header-display":"","ast-hfb-mobile-header-display":"","site-post-title":"","ast-breadcrumbs-content":"","ast-featured-img":"","footer-sml-layout":"","theme-transparent-header-meta":"default","adv-header-id-meta":"","stick-header-meta":"","header-above-stick-meta":"","header-main-stick-meta":"","header-below-stick-meta":"","astra-migrate-meta-layouts":"default","ast-page-background-enabled":"default","ast-page-background-meta":{"desktop":{"background-color":"","background-image":"","background-repeat":"repeat","background-position":"center center","background-size":"auto","background-attachment":"scroll","background-type":"","background-media":"","overlay-type":"","overlay-color":"","overlay-opacity":"","overlay-gradient":""},"tablet":{"background-color":"","background-image":"","background-repeat":"repeat","background-position":"center center","background-size":"auto","background-attachment":"scroll","background-type":"","background-media":"","overlay-type":"","overlay-color":"","overlay-opacity":"","overlay-gradient":""},"mobile":{"background-color":"","background-image":"","background-repeat":"repeat","background-position":"center center","background-size":"auto","background-attachment":"scroll","background-type":"","background-media":"","overlay-type":"","overlay-color":"","overlay-opacity":"","overlay-gradient":""}},"ast-content-background-meta":{"desktop":{"background-color":"var(--ast-global-color-5)","background-image":"","background-repeat":"repeat","background-position":"center center","background-size":"auto","background-attachment":"scroll","background-type":"","background-media":"","overlay-type":"","overlay-color":"","overlay-opacity":"","overlay-gradient":""},"tablet":{"background-color":"var(--ast-global-color-5)","background-image":"","background-repeat":"repeat","background-position":"center center","background-size":"auto","background-attachment":"scroll","background-type":"","background-media":"","overlay-type":"","overlay-color":"","overlay-opacity":"","overlay-gradient":""},"mobile":{"background-color":"var(--ast-global-color-5)","background-image":"","background-repeat":"repeat","background-position":"center center","background-size":"auto","background-attachment":"scroll","background-type":"","background-media":"","overlay-type":"","overlay-color":"","overlay-opacity":"","overlay-gradient":""}},"footnotes":""},"class_list":["post-3503","page","type-page","status-publish","hentry"],"_links":{"self":[{"href":"https:\/\/inspe.univ-lyon1.fr\/bienvenue\/wp-json\/wp\/v2\/pages\/3503","targetHints":{"allow":["GET"]}}],"collection":[{"href":"https:\/\/inspe.univ-lyon1.fr\/bienvenue\/wp-json\/wp\/v2\/pages"}],"about":[{"href":"https:\/\/inspe.univ-lyon1.fr\/bienvenue\/wp-json\/wp\/v2\/types\/page"}],"author":[{"embeddable":true,"href":"https:\/\/inspe.univ-lyon1.fr\/bienvenue\/wp-json\/wp\/v2\/users\/3"}],"replies":[{"embeddable":true,"href":"https:\/\/inspe.univ-lyon1.fr\/bienvenue\/wp-json\/wp\/v2\/comments?post=3503"}],"version-history":[{"count":19,"href":"https:\/\/inspe.univ-lyon1.fr\/bienvenue\/wp-json\/wp\/v2\/pages\/3503\/revisions"}],"predecessor-version":[{"id":9573,"href":"https:\/\/inspe.univ-lyon1.fr\/bienvenue\/wp-json\/wp\/v2\/pages\/3503\/revisions\/9573"}],"up":[{"embeddable":true,"href":"https:\/\/inspe.univ-lyon1.fr\/bienvenue\/wp-json\/wp\/v2\/pages\/831"}],"wp:attachment":[{"href":"https:\/\/inspe.univ-lyon1.fr\/bienvenue\/wp-json\/wp\/v2\/media?parent=3503"}],"curies":[{"name":"wp","href":"https:\/\/api.w.org\/{rel}","templated":true}]}}