{"id":3429,"date":"2021-02-17T16:01:41","date_gmt":"2021-02-17T15:01:41","guid":{"rendered":"https:\/\/inspe.univ-lyon1.fr\/bienvenue\/?page_id=3429"},"modified":"2021-03-19T16:32:20","modified_gmt":"2021-03-19T15:32:20","slug":"foire-aux-questions-masters-pif","status":"publish","type":"page","link":"https:\/\/inspe.univ-lyon1.fr\/bienvenue\/home-2\/nos-foires-aux-questions\/foire-aux-questions-masters-pif\/","title":{"rendered":"Foire aux questions Masters PIF"},"content":{"rendered":"\t\t<div data-elementor-type=\"wp-page\" data-elementor-id=\"3429\" class=\"elementor elementor-3429\">\n\t\t\t\t\t\t<section class=\"elementor-section elementor-top-section elementor-element elementor-element-e1c54cb elementor-section-boxed elementor-section-height-default elementor-section-height-default\" data-id=\"e1c54cb\" data-element_type=\"section\">\n\t\t\t\t\t\t<div class=\"elementor-container elementor-column-gap-default\">\n\t\t\t\t\t<div class=\"elementor-column elementor-col-100 elementor-top-column elementor-element elementor-element-a6a4117\" data-id=\"a6a4117\" data-element_type=\"column\">\n\t\t\t<div class=\"elementor-widget-wrap elementor-element-populated\">\n\t\t\t\t\t\t<div class=\"elementor-element elementor-element-a7afa86 elementor-widget elementor-widget-accordion\" data-id=\"a7afa86\" data-element_type=\"widget\" data-widget_type=\"accordion.default\">\n\t\t\t\t<div class=\"elementor-widget-container\">\n\t\t\t\t\t\t\t<div class=\"elementor-accordion\">\n\t\t\t\t\t\t\t<div class=\"elementor-accordion-item\">\n\t\t\t\t\t<div id=\"elementor-tab-title-1751\" class=\"elementor-tab-title\" data-tab=\"1\" role=\"button\" aria-controls=\"elementor-tab-content-1751\" aria-expanded=\"false\">\n\t\t\t\t\t\t\t\t\t\t\t\t\t<span class=\"elementor-accordion-icon elementor-accordion-icon-left\" aria-hidden=\"true\">\n\t\t\t\t\t\t\t\t\t\t\t\t\t\t\t<span class=\"elementor-accordion-icon-closed\"><i class=\"fas fa-plus\"><\/i><\/span>\n\t\t\t\t\t\t\t\t<span class=\"elementor-accordion-icon-opened\"><i class=\"fas fa-minus\"><\/i><\/span>\n\t\t\t\t\t\t\t\t\t\t\t\t\t\t<\/span>\n\t\t\t\t\t\t\t\t\t\t\t\t<a class=\"elementor-accordion-title\" tabindex=\"0\">Sur le site de l'Insp\u00e9, j\u2019ai trouv\u00e9 mention de 2 formations susceptibles de m\u2019int\u00e9resser : - Master 2 MEEF- formation et encadrement des adultes - MEEF- pratiques et ing\u00e9nierie de la formation Est-ce le m\u00eame master ou deux diff\u00e9rents ? Puis-je avoir acc\u00e8s au contenu d\u00e9taill\u00e9 de ces formations ?<\/a>\n\t\t\t\t\t<\/div>\n\t\t\t\t\t<div id=\"elementor-tab-content-1751\" class=\"elementor-tab-content elementor-clearfix\" data-tab=\"1\" role=\"region\" aria-labelledby=\"elementor-tab-title-1751\"><div><p>Le MASTER 2 MEEF PIF est compos\u00e9 de trois parcours\u00a0diff\u00e9rents :<\/p><ul><li>M\u00e9tiers de l\u2019Education Inclusive (MEI)<br \/>Responsables\u00a0du parcours : Madame Alice GOMEZ <a href=\"mailto:alice.gomez@univ-lyon1.fr\">gomez@univ-lyon1.fr<\/a> et Monsieur Vincent GUILLERM <a href=\"mailto:vincent.guillerm@univ-lyon1.fr\">vincent.guillerm@univ-lyon1.fr<\/a><\/li><li>M\u00e9tiers de l\u2019Education \u00e0 la Sant\u00e9 \u00e0 l\u2019Ecole (MESE)<br \/>Responsable du parcours\u00a0: Madame Sandie BERNARD <a href=\"mailto:sandie.bernard@univ-lyon1.fr\">bernard@univ-lyon1.fr<\/a>\u00a0<\/li><li>M\u00e9tiers de la Formation et de l\u2019Encadrement des Adultes (MFEA)<br \/>Co-Responsable du parcours\u00a0: Madame Marie RAMOS <a href=\"mailto:marie.ramos@univ-lyon1.fr\">marie.ramos@univ-lyon1.fr<\/a><\/li><\/ul><p>Vous trouverez le lien vers la plaquette descriptive du contenu des enseignements de chacun de ces parcours, sur le site <a href=\"https:\/\/inspe.univ-lyon1.fr\/\">https:\/\/inspe.univ-lyon1.fr<\/a><\/p><\/div><\/div>\n\t\t\t\t<\/div>\n\t\t\t\t\t\t\t<div class=\"elementor-accordion-item\">\n\t\t\t\t\t<div id=\"elementor-tab-title-1752\" class=\"elementor-tab-title\" data-tab=\"2\" role=\"button\" aria-controls=\"elementor-tab-content-1752\" aria-expanded=\"false\">\n\t\t\t\t\t\t\t\t\t\t\t\t\t<span class=\"elementor-accordion-icon elementor-accordion-icon-left\" aria-hidden=\"true\">\n\t\t\t\t\t\t\t\t\t\t\t\t\t\t\t<span class=\"elementor-accordion-icon-closed\"><i class=\"fas fa-plus\"><\/i><\/span>\n\t\t\t\t\t\t\t\t<span class=\"elementor-accordion-icon-opened\"><i class=\"fas fa-minus\"><\/i><\/span>\n\t\t\t\t\t\t\t\t\t\t\t\t\t\t<\/span>\n\t\t\t\t\t\t\t\t\t\t\t\t<a class=\"elementor-accordion-title\" tabindex=\"0\">Les cours ont-ils toujours lieu en dehors des temps scolaires ? Est-il possible de les suivre \u00e0 distance ?<\/a>\n\t\t\t\t\t<\/div>\n\t\t\t\t\t<div id=\"elementor-tab-content-1752\" class=\"elementor-tab-content elementor-clearfix\" data-tab=\"2\" role=\"region\" aria-labelledby=\"elementor-tab-title-1752\"><div><p><strong>\u25ba <\/strong>L\u2019organisation des cours est pr\u00e9vue pour des personnels ayant une activit\u00e9 professionnelle.<\/p><p>Les cours ont lieu en pr\u00e9sentiel les mercredis apr\u00e8s-midi, quelques samedis dans l\u2019ann\u00e9e et pendant une partie (1<sup>\u00e8re<\/sup> ou 2\u00e8me semaine) des petites vacances scolaires de l&rsquo;Acad\u00e9mie de Lyon.<\/p><p>Il n\u2019existe pas actuellement de format \u00ab distant \u00bb de la formation MEEF PIF, les \u00e9tudiant.e.s doivent pouvoir \u00eatre disponibles sur ces cr\u00e9neaux.\u00a0<\/p><\/div><\/div>\n\t\t\t\t<\/div>\n\t\t\t\t\t\t\t<div class=\"elementor-accordion-item\">\n\t\t\t\t\t<div id=\"elementor-tab-title-1753\" class=\"elementor-tab-title\" data-tab=\"3\" role=\"button\" aria-controls=\"elementor-tab-content-1753\" aria-expanded=\"false\">\n\t\t\t\t\t\t\t\t\t\t\t\t\t<span class=\"elementor-accordion-icon elementor-accordion-icon-left\" aria-hidden=\"true\">\n\t\t\t\t\t\t\t\t\t\t\t\t\t\t\t<span class=\"elementor-accordion-icon-closed\"><i class=\"fas fa-plus\"><\/i><\/span>\n\t\t\t\t\t\t\t\t<span class=\"elementor-accordion-icon-opened\"><i class=\"fas fa-minus\"><\/i><\/span>\n\t\t\t\t\t\t\t\t\t\t\t\t\t\t<\/span>\n\t\t\t\t\t\t\t\t\t\t\t\t<a class=\"elementor-accordion-title\" tabindex=\"0\">Comment peut- on postuler pour le master ?  Je voulais savoir \u00e0 partir de quel moment nous pouvons vous transmettre notre candidature et comment ?  Mon statut et mes dipl\u00f4mes me permettent-ils d'acc\u00e9der au Master ?  Je suppose que les cours commencent en septembre ?<\/a>\n\t\t\t\t\t<\/div>\n\t\t\t\t\t<div id=\"elementor-tab-content-1753\" class=\"elementor-tab-content elementor-clearfix\" data-tab=\"3\" role=\"region\" aria-labelledby=\"elementor-tab-title-1753\"><div><p><strong>\u25ba <\/strong>Vous trouverez, pour chaque parcours, la notice d&rsquo;information comportant les calendriers des campagnes de candidature, les conditions et modalit\u00e9s de candidature 2021-2022 ainsi que les dates de rentr\u00e9e sur le site <a href=\"https:\/\/inspe.univ-lyon1.fr\/\">https:\/\/inspe.univ-lyon1.fr\/<\/a><\/p><p>Durant la phase de pr\u00e9inscription eCandidat, vous pouvez contacter la gestionnaire du Master PIF\u00a0: <a href=\"mailto:chantal.durrenmath@univ-lyon1.fr\">chantal.durrenmath@univ-lyon1.fr<\/a><u> <\/u><\/p><p>L&rsquo;admission en formation au MASTER 2 MEEF PIF se fait en plusieurs temps\u00a0:<\/p><ul><li>d\u00e9p\u00f4t des candidatures en ligne sur l&rsquo;application eCandidat \u00e0 partir du lien https:\/\/ecandidat.univ-lyon1.fr\/ (pour le parcours MEI un entretien d\u2019admission est pr\u00e9vu);<\/li><li>transmission des r\u00e9sultats de la commission aux candidat.e.s ;<\/li><li>confirmation de participation \u00e0 la formation par les candidat.e.s\u00a0;<\/li><li>inscription administrative au Master, si r\u00e9ponse positive des candidat.e.s (les pi\u00e8ces n\u00e9cessaires seront pr\u00e9cis\u00e9es ult\u00e9rieurement et adress\u00e9es par mail aux \u00e9tudiant.e.s\u00a0).<\/li><\/ul><\/div><\/div>\n\t\t\t\t<\/div>\n\t\t\t\t\t\t\t<div class=\"elementor-accordion-item\">\n\t\t\t\t\t<div id=\"elementor-tab-title-1754\" class=\"elementor-tab-title\" data-tab=\"4\" role=\"button\" aria-controls=\"elementor-tab-content-1754\" aria-expanded=\"false\">\n\t\t\t\t\t\t\t\t\t\t\t\t\t<span class=\"elementor-accordion-icon elementor-accordion-icon-left\" aria-hidden=\"true\">\n\t\t\t\t\t\t\t\t\t\t\t\t\t\t\t<span class=\"elementor-accordion-icon-closed\"><i class=\"fas fa-plus\"><\/i><\/span>\n\t\t\t\t\t\t\t\t<span class=\"elementor-accordion-icon-opened\"><i class=\"fas fa-minus\"><\/i><\/span>\n\t\t\t\t\t\t\t\t\t\t\t\t\t\t<\/span>\n\t\t\t\t\t\t\t\t\t\t\t\t<a class=\"elementor-accordion-title\" tabindex=\"0\">Je suis titulaire d\u2019une licence de Lettres modernes et je souhaiterais conna\u00eetre les modalit\u00e9s (d\u00e9lai, d\u00e9marches) pour demander une validation d\u2019acquis professionnels et solliciter ainsi une inscription en M2. Le parcours \"M\u00e9tiers de la formation et de l'encadrement des adultes\" et les modalit\u00e9s d'organisation de cette formation \u00e0 Lyon 1 semblent correspondre \u00e0 mon projet pour un acc\u00e8s en formation continue. Pouvez-vous m'indiquer quelles sont les d\u00e9marches \u00e0 accomplir pour cela ?<\/a>\n\t\t\t\t\t<\/div>\n\t\t\t\t\t<div id=\"elementor-tab-content-1754\" class=\"elementor-tab-content elementor-clearfix\" data-tab=\"4\" role=\"region\" aria-labelledby=\"elementor-tab-title-1754\"><div><p><strong>\u25ba <\/strong>La Validation des Acquis permet de mettre \u00e0 profit son exp\u00e9rience professionnelle dans l&rsquo;objectif de s&rsquo;inscrire \u00e0 un dipl\u00f4me (VAPP) ou d\u2019obtenir celui-ci, en partie ou dans sa totalit\u00e9 (VAE).<\/p><ul><li>Validation des Acquis Professionnels et Personnels (VAPP)\u00a0:<\/li><\/ul><p>Si n\u00e9cessaire, pour les candidat.e.s retenu.e.s qui ne remplissent pas les conditions de niveau de dipl\u00f4me, une demande de VAPP sera faite par la commission d&rsquo;admission. La constitution du dossier de demande de VAPP est g\u00e9r\u00e9e par l\u2019Insp\u00e9-Universit\u00e9 Lyon1.<\/p><ul><li>Validation des Acquis de l\u2019Exp\u00e9rience (VAE)\u00a0:<\/li><\/ul><p>La Validation des Acquis de l\u2019Exp\u00e9rience (VAE) doit avoir \u00e9t\u00e9 obtenue avant candidature.<\/p><p>Ce type de demande n\u2019est pas g\u00e9r\u00e9 par l\u2019Insp\u00e9.<\/p><p>Pour plus d\u2019informations\u00a0: contacter directement <strong>la Cellule VAE<\/strong> du Service de Formation Continue de l\u2019Universit\u00e9 Lyon1\u00a0(FOCAL) qui vous indiquera quelles sont les d\u00e9marches \u00e0 faire pour constituer un dossier\u00a0:<\/p><p>Courriel\u00a0: vae@univ-lyon1.fr\u00a0\u00a0\u00a0 T\u00e9l.\u00a0: 04 72 44 79 55<\/p><p>Le lien suivant vous permettra d\u2019acc\u00e9der aux informations concernant la VAE\u00a0:<br \/>http:\/\/focal.univ-lyon1.fr\/formations\/dispositifs-de-formation\/validation-des-acquis-de-lexperience-vae<\/p><\/div><\/div>\n\t\t\t\t<\/div>\n\t\t\t\t\t\t\t<div class=\"elementor-accordion-item\">\n\t\t\t\t\t<div id=\"elementor-tab-title-1755\" class=\"elementor-tab-title\" data-tab=\"5\" role=\"button\" aria-controls=\"elementor-tab-content-1755\" aria-expanded=\"false\">\n\t\t\t\t\t\t\t\t\t\t\t\t\t<span class=\"elementor-accordion-icon elementor-accordion-icon-left\" aria-hidden=\"true\">\n\t\t\t\t\t\t\t\t\t\t\t\t\t\t\t<span class=\"elementor-accordion-icon-closed\"><i class=\"fas fa-plus\"><\/i><\/span>\n\t\t\t\t\t\t\t\t<span class=\"elementor-accordion-icon-opened\"><i class=\"fas fa-minus\"><\/i><\/span>\n\t\t\t\t\t\t\t\t\t\t\t\t\t\t<\/span>\n\t\t\t\t\t\t\t\t\t\t\t\t<a class=\"elementor-accordion-title\" tabindex=\"0\">Je souhaite solliciter un cong\u00e9 pour formation professionnelle pour l'ann\u00e9e scolaire 2021-2022. Je suis tr\u00e8s int\u00e9ress\u00e9 par la formation MEEF mention Pratiques et Ing\u00e9nierie de la Formation. Quelles sont les UE qui peuvent \u00eatre valid\u00e9es par l\u2019obtention du CAFIPEMF ? <\/a>\n\t\t\t\t\t<\/div>\n\t\t\t\t\t<div id=\"elementor-tab-content-1755\" class=\"elementor-tab-content elementor-clearfix\" data-tab=\"5\" role=\"region\" aria-labelledby=\"elementor-tab-title-1755\"><p><strong>\u25ba <\/strong>Il n\u2019existe aucune \u00e9quivalence automatique entre le CAFIPEMF (certification professionnelle) et certaines UE du Master (formation universitaire).<\/p><p>En fonction de votre parcours, si vous pensez pouvoir obtenir des \u00e9quivalences d&rsquo;enseignements, il vous faudra en faire la demande sur le document \u00ab\u00a0fiche de candidature &#8211; demande de dispense\u00a0\u00bb qui fait partie int\u00e9grante du dossier de candidature.<\/p><p>Les demandes de dispenses d&rsquo;enseignements seront \u00e9tudi\u00e9es par la commission p\u00e9dagogique d\u2019admission qui examine les dossiers de candidature.<\/p><\/div>\n\t\t\t\t<\/div>\n\t\t\t\t\t\t\t<div class=\"elementor-accordion-item\">\n\t\t\t\t\t<div id=\"elementor-tab-title-1756\" class=\"elementor-tab-title\" data-tab=\"6\" role=\"button\" aria-controls=\"elementor-tab-content-1756\" aria-expanded=\"false\">\n\t\t\t\t\t\t\t\t\t\t\t\t\t<span class=\"elementor-accordion-icon elementor-accordion-icon-left\" aria-hidden=\"true\">\n\t\t\t\t\t\t\t\t\t\t\t\t\t\t\t<span class=\"elementor-accordion-icon-closed\"><i class=\"fas fa-plus\"><\/i><\/span>\n\t\t\t\t\t\t\t\t<span class=\"elementor-accordion-icon-opened\"><i class=\"fas fa-minus\"><\/i><\/span>\n\t\t\t\t\t\t\t\t\t\t\t\t\t\t<\/span>\n\t\t\t\t\t\t\t\t\t\t\t\t<a class=\"elementor-accordion-title\" tabindex=\"0\">Quel est le co\u00fbt de la formation ?<\/a>\n\t\t\t\t\t<\/div>\n\t\t\t\t\t<div id=\"elementor-tab-content-1756\" class=\"elementor-tab-content elementor-clearfix\" data-tab=\"6\" role=\"region\" aria-labelledby=\"elementor-tab-title-1756\"><p><span style=\"text-decoration: underline;\"><strong>Mobilisation du CPF\u00a0:<\/strong><\/span><\/p><p>La formation Master 2 MEEF PIF est \u00e9ligible au Compte Professionnel de Formation (CPF). Ce compte suit chaque individu d\u00e8s son entr\u00e9e sur le march\u00e9 du travail, d\u00e8s l\u2019\u00e2ge de 16 ans \u00e0 la retraite du salari\u00e9.\u00a0<\/p><p>Le CPF est cr\u00e9dit\u00e9 en euros et non plus en heures depuis le 1er janvier 2019 conform\u00e9ment \u00e0 la loi \u00ab\u00a0pour la libert\u00e9 de choisir son avenir professionnel\u00a0\u00bb. Pour en savoir plus\u00a0: <a href=\"https:\/\/travail-emploi.gouv.fr\/formation-professionnelle\/entreprises-et-formation\/article\/le-plan-de-developpement-des-competences\">https:\/\/travail-emploi.gouv.fr\/formation-professionnelle\/entreprises-et-formation\/article\/le-plan-de-developpement-des-competences<\/a><\/p><p><span style=\"font-size: 16px;\">La demande de mobilisation du CPF se fait aupr\u00e8s du Rectorat.<\/span><\/p><p>Le dossier financier correspondant (\u00e9tablissement du devis\u2026) est ensuite constitu\u00e9 par le Service de Formation Continue et Alternance de l\u2019Universit\u00e9 Lyon 1 (FOCAL).<\/p><p>Si vous souhaitez mobiliser votre CPF, prenez contact d\u00e8s \u00e0 pr\u00e9sent avec ce Service : <a href=\"mailto:fcsciences@univ-lyon1.fr\">fcsciences@univ-lyon1.fr<\/a> et\/ou avec Monsieur Lo\u00efc Marchat : <a href=\"mailto:loic.marchat@univ-lyon1.fr\">loic.marchat@univ-lyon1.fr<\/a><\/p><p>\u00a0<\/p><p><span style=\"text-decoration: underline;\"><strong>Hors mobilisation du CPF\u00a0:<\/strong><\/span><\/p><p>Le montant des frais de scolarit\u00e9 est fix\u00e9 par arr\u00eat\u00e9 minist\u00e9riel annuel et sera communiqu\u00e9 en juillet 2021.<\/p><p>En 2020-2021, il \u00e9tait de 243\u20ac, auxquels s\u2019ajoutait le montant de la Contribution CVEC annuelle obligatoire, soit 92\u20ac (voir notice d\u2019information). Le paiement de cette contribution obligatoire doit \u00eatre effectu\u00e9 au pr\u00e9alable, avant toute inscription administrative. Pour plus d\u2019infos\u00a0: <a href=\"http:\/\/cvec.etudiant.gouv.fr\/\">http:\/\/cvec.etudiant.gouv.fr\/<\/a><\/p><\/div>\n\t\t\t\t<\/div>\n\t\t\t\t\t\t\t\t<\/div>\n\t\t\t\t\t\t<\/div>\n\t\t\t\t<\/div>\n\t\t\t\t\t<\/div>\n\t\t<\/div>\n\t\t\t\t\t<\/div>\n\t\t<\/section>\n\t\t\t\t<section class=\"elementor-section elementor-top-section elementor-element elementor-element-fc766b8 elementor-section-boxed elementor-section-height-default elementor-section-height-default\" data-id=\"fc766b8\" data-element_type=\"section\">\n\t\t\t\t\t\t<div class=\"elementor-container elementor-column-gap-default\">\n\t\t\t\t\t<div class=\"elementor-column elementor-col-100 elementor-top-column elementor-element elementor-element-8db840b\" data-id=\"8db840b\" data-element_type=\"column\">\n\t\t\t<div class=\"elementor-widget-wrap elementor-element-populated\">\n\t\t\t\t\t\t<div class=\"elementor-element elementor-element-ccb9e9d elementor-view-default elementor-position-top elementor-mobile-position-top elementor-widget elementor-widget-icon-box\" data-id=\"ccb9e9d\" data-element_type=\"widget\" data-widget_type=\"icon-box.default\">\n\t\t\t\t<div class=\"elementor-widget-container\">\n\t\t\t\t\t\t\t<div class=\"elementor-icon-box-wrapper\">\n\n\t\t\t\t\t\t<div class=\"elementor-icon-box-icon\">\n\t\t\t\t<a href=\"https:\/\/inspe.univ-lyon1.fr\/bienvenue\/votre-scolarite-a-linspe-lyon\/\" class=\"elementor-icon\" tabindex=\"-1\" aria-label=\"Vous ne trouvez pas de r\u00e9ponse \u00e0 vos questions ?\">\n\t\t\t\t<i aria-hidden=\"true\" class=\"icofont icofont-question-square\"><\/i>\t\t\t\t<\/a>\n\t\t\t<\/div>\n\t\t\t\n\t\t\t\t\t\t<div class=\"elementor-icon-box-content\">\n\n\t\t\t\t\t\t\t\t\t<h3 class=\"elementor-icon-box-title\">\n\t\t\t\t\t\t<a href=\"https:\/\/inspe.univ-lyon1.fr\/bienvenue\/votre-scolarite-a-linspe-lyon\/\" >\n\t\t\t\t\t\t\tVous ne trouvez pas de r\u00e9ponse \u00e0 vos questions ?\t\t\t\t\t\t<\/a>\n\t\t\t\t\t<\/h3>\n\t\t\t\t\n\t\t\t\t\t\t\t\t\t<p class=\"elementor-icon-box-description\">\n\t\t\t\t\t\tContactez le ou la gestionnaire de parcours\t\t\t\t\t<\/p>\n\t\t\t\t\n\t\t\t<\/div>\n\t\t\t\n\t\t<\/div>\n\t\t\t\t\t\t<\/div>\n\t\t\t\t<\/div>\n\t\t\t\t\t<\/div>\n\t\t<\/div>\n\t\t\t\t\t<\/div>\n\t\t<\/section>\n\t\t\t\t<\/div>\n\t\t","protected":false},"excerpt":{"rendered":"<p>Sur le site de l&rsquo;Insp\u00e9, j\u2019ai trouv\u00e9 mention de 2 formations susceptibles de m\u2019int\u00e9resser : &#8211; Master 2 MEEF- formation et encadrement des adultes &#8211; MEEF- pratiques et ing\u00e9nierie de la formation Est-ce le m\u00eame master ou deux diff\u00e9rents ? Puis-je avoir acc\u00e8s au contenu d\u00e9taill\u00e9 de ces formations ? Le MASTER 2 MEEF PIF [&hellip;]<\/p>\n","protected":false},"author":3,"featured_media":0,"parent":831,"menu_order":0,"comment_status":"closed","ping_status":"closed","template":"","meta":{"_eb_attr":"","site-sidebar-layout":"no-sidebar","site-content-layout":"default","ast-site-content-layout":"default","site-content-style":"default","site-sidebar-style":"default","ast-global-header-display":"","ast-banner-title-visibility":"","ast-main-header-display":"","ast-hfb-above-header-display":"","ast-hfb-below-header-display":"","ast-hfb-mobile-header-display":"","site-post-title":"","ast-breadcrumbs-content":"","ast-featured-img":"","footer-sml-layout":"","theme-transparent-header-meta":"default","adv-header-id-meta":"","stick-header-meta":"","header-above-stick-meta":"","header-main-stick-meta":"","header-below-stick-meta":"","astra-migrate-meta-layouts":"default","ast-page-background-enabled":"default","ast-page-background-meta":{"desktop":{"background-color":"","background-image":"","background-repeat":"repeat","background-position":"center center","background-size":"auto","background-attachment":"scroll","background-type":"","background-media":"","overlay-type":"","overlay-color":"","overlay-opacity":"","overlay-gradient":""},"tablet":{"background-color":"","background-image":"","background-repeat":"repeat","background-position":"center center","background-size":"auto","background-attachment":"scroll","background-type":"","background-media":"","overlay-type":"","overlay-color":"","overlay-opacity":"","overlay-gradient":""},"mobile":{"background-color":"","background-image":"","background-repeat":"repeat","background-position":"center center","background-size":"auto","background-attachment":"scroll","background-type":"","background-media":"","overlay-type":"","overlay-color":"","overlay-opacity":"","overlay-gradient":""}},"ast-content-background-meta":{"desktop":{"background-color":"var(--ast-global-color-5)","background-image":"","background-repeat":"repeat","background-position":"center center","background-size":"auto","background-attachment":"scroll","background-type":"","background-media":"","overlay-type":"","overlay-color":"","overlay-opacity":"","overlay-gradient":""},"tablet":{"background-color":"var(--ast-global-color-5)","background-image":"","background-repeat":"repeat","background-position":"center center","background-size":"auto","background-attachment":"scroll","background-type":"","background-media":"","overlay-type":"","overlay-color":"","overlay-opacity":"","overlay-gradient":""},"mobile":{"background-color":"var(--ast-global-color-5)","background-image":"","background-repeat":"repeat","background-position":"center center","background-size":"auto","background-attachment":"scroll","background-type":"","background-media":"","overlay-type":"","overlay-color":"","overlay-opacity":"","overlay-gradient":""}},"footnotes":""},"class_list":["post-3429","page","type-page","status-publish","hentry"],"_links":{"self":[{"href":"https:\/\/inspe.univ-lyon1.fr\/bienvenue\/wp-json\/wp\/v2\/pages\/3429","targetHints":{"allow":["GET"]}}],"collection":[{"href":"https:\/\/inspe.univ-lyon1.fr\/bienvenue\/wp-json\/wp\/v2\/pages"}],"about":[{"href":"https:\/\/inspe.univ-lyon1.fr\/bienvenue\/wp-json\/wp\/v2\/types\/page"}],"author":[{"embeddable":true,"href":"https:\/\/inspe.univ-lyon1.fr\/bienvenue\/wp-json\/wp\/v2\/users\/3"}],"replies":[{"embeddable":true,"href":"https:\/\/inspe.univ-lyon1.fr\/bienvenue\/wp-json\/wp\/v2\/comments?post=3429"}],"version-history":[{"count":34,"href":"https:\/\/inspe.univ-lyon1.fr\/bienvenue\/wp-json\/wp\/v2\/pages\/3429\/revisions"}],"predecessor-version":[{"id":7541,"href":"https:\/\/inspe.univ-lyon1.fr\/bienvenue\/wp-json\/wp\/v2\/pages\/3429\/revisions\/7541"}],"up":[{"embeddable":true,"href":"https:\/\/inspe.univ-lyon1.fr\/bienvenue\/wp-json\/wp\/v2\/pages\/831"}],"wp:attachment":[{"href":"https:\/\/inspe.univ-lyon1.fr\/bienvenue\/wp-json\/wp\/v2\/media?parent=3429"}],"curies":[{"name":"wp","href":"https:\/\/api.w.org\/{rel}","templated":true}]}}