{"id":2297,"date":"2021-01-30T15:51:12","date_gmt":"2021-01-30T14:51:12","guid":{"rendered":"https:\/\/inspe.univ-lyon1.fr\/bienvenue\/?page_id=2297"},"modified":"2023-01-17T10:23:51","modified_gmt":"2023-01-17T09:23:51","slug":"crpe","status":"publish","type":"page","link":"https:\/\/inspe.univ-lyon1.fr\/bienvenue\/crpe\/","title":{"rendered":"Concours de Recrutement de Professeur des Ecoles"},"content":{"rendered":"\t\t<div data-elementor-type=\"wp-page\" data-elementor-id=\"2297\" class=\"elementor elementor-2297\">\n\t\t\t\t\t\t<section class=\"elementor-section elementor-top-section elementor-element elementor-element-1e56816 elementor-section-boxed elementor-section-height-default elementor-section-height-default\" data-id=\"1e56816\" data-element_type=\"section\">\n\t\t\t\t\t\t<div class=\"elementor-container elementor-column-gap-default\">\n\t\t\t\t\t<div class=\"elementor-column elementor-col-100 elementor-top-column elementor-element elementor-element-25e201e\" data-id=\"25e201e\" data-element_type=\"column\">\n\t\t\t<div class=\"elementor-widget-wrap elementor-element-populated\">\n\t\t\t\t\t\t<section class=\"elementor-section elementor-inner-section elementor-element elementor-element-56db76c elementor-section-boxed elementor-section-height-default elementor-section-height-default\" data-id=\"56db76c\" data-element_type=\"section\">\n\t\t\t\t\t\t<div class=\"elementor-container elementor-column-gap-default\">\n\t\t\t\t\t<div class=\"elementor-column elementor-col-50 elementor-inner-column elementor-element elementor-element-2782427\" data-id=\"2782427\" data-element_type=\"column\">\n\t\t\t<div class=\"elementor-widget-wrap elementor-element-populated\">\n\t\t\t\t\t\t<div class=\"elementor-element elementor-element-525f86b elementor-widget elementor-widget-text-editor\" data-id=\"525f86b\" data-element_type=\"widget\" data-widget_type=\"text-editor.default\">\n\t\t\t\t<div class=\"elementor-widget-container\">\n\t\t\t\t\t\t\t\t\t<h3>Concours de Recrutement de Professeurs des \u00c9coles<\/h3><div><p>Le concours de recrutement de professeur des \u00e9coles (CRPE) <span style=\"font-size: 16px;\">se divise en deux s\u00e9ries d\u2019\u00e9preuves.<\/span><\/p><p><strong><span style=\"text-decoration: underline;\">Premi\u00e8re s\u00e9rie \u2013 les \u00e9preuves d\u2019admissibilit\u00e9<\/span><\/strong><\/p><p>3 \u00e9preuves :<\/p><ul><li>une \u00e9preuve \u00e9crite en fran\u00e7ais,<\/li><li>une \u00e9preuve \u00e9crite en math\u00e9matiques<\/li><li>une \u00e9preuve \u00e9crite d\u2019application dans une autre discipline au choix (sciences et technologie, histoire -g\u00e9ographie et enseignement moral et civique, arts).<\/li><\/ul><p>A l\u2019issue de ces \u00e9preuves, un classement des candidates et candidats est effectu\u00e9 selon la moyenne des notes aux \u00e9preuves afin de d\u00e9terminer les\u00a0candidates et candidats admissibles.<\/p><p><span style=\"text-decoration: underline;\"><strong>Seconde s\u00e9rie \u2013 les \u00e9preuves d\u2019admission<\/strong><\/span><\/p><p>Les\u00a0<span style=\"font-size: 16px; font-style: normal; font-weight: bold;\">candidates et candidats<\/span>\u00a0admis \u00e0 l\u2019issue de la premi\u00e8re s\u00e9rie d\u2019\u00e9preuves passent\u00a0:<\/p><ul><li>Une \u00e9preuve de pr\u00e9sentation orale de le\u00e7ons en fran\u00e7ais et en math\u00e9matiques.<\/li><li>Une \u00e9preuve d\u2019entretien comportant une partie sur l\u2019enseignement de l\u2019\u00e9ducation physique et sportive et une partie visant \u00e0 appr\u00e9cier la projection\u00a0<span style=\"font-size: 16px; font-style: normal; font-weight: bold;\">des candidates et candidats\u00a0<\/span>dans le m\u00e9tier de professeur des \u00e9coles.<\/li><li>Une \u00e9preuve orale facultative de langue vivante \u00e9trang\u00e8re.<\/li><\/ul><p>A l\u2019issue de ces \u00e9preuves, un classement des candidates et candidats est effectu\u00e9\u00a0 afin de d\u00e9terminer celles et ceux admis.<\/p><\/div>\t\t\t\t\t\t\t\t<\/div>\n\t\t\t\t<\/div>\n\t\t\t\t<div class=\"elementor-element elementor-element-d631b92 elementor-widget elementor-widget-button\" data-id=\"d631b92\" data-element_type=\"widget\" data-widget_type=\"button.default\">\n\t\t\t\t<div class=\"elementor-widget-container\">\n\t\t\t\t\t\t\t\t\t<div class=\"elementor-button-wrapper\">\n\t\t\t\t\t<a class=\"elementor-button elementor-button-link elementor-size-sm\" href=\"https:\/\/www.devenirenseignant.gouv.fr\/cid98467\/les-textes-officiels-de-reference-sur-les-concours-du-second-degre.html\" target=\"_blank\">\n\t\t\t\t\t\t<span class=\"elementor-button-content-wrapper\">\n\t\t\t\t\t\t\t\t\t<span class=\"elementor-button-text\">EN savoir plus sur les \u00e9preuves<\/span>\n\t\t\t\t\t<\/span>\n\t\t\t\t\t<\/a>\n\t\t\t\t<\/div>\n\t\t\t\t\t\t\t\t<\/div>\n\t\t\t\t<\/div>\n\t\t\t\t<div class=\"elementor-element elementor-element-ebb884e elementor-widget elementor-widget-button\" data-id=\"ebb884e\" data-element_type=\"widget\" data-widget_type=\"button.default\">\n\t\t\t\t<div class=\"elementor-widget-container\">\n\t\t\t\t\t\t\t\t\t<div class=\"elementor-button-wrapper\">\n\t\t\t\t\t<a class=\"elementor-button elementor-button-link elementor-size-sm\" href=\"https:\/\/www.devenirenseignant.gouv.fr\/cid98678\/calendrier-des-concours-recrutement-professeurs-des-ecoles.html\" target=\"_blank\">\n\t\t\t\t\t\t<span class=\"elementor-button-content-wrapper\">\n\t\t\t\t\t\t\t\t\t<span class=\"elementor-button-text\">En savoir plus sur le calendrier du concours<\/span>\n\t\t\t\t\t<\/span>\n\t\t\t\t\t<\/a>\n\t\t\t\t<\/div>\n\t\t\t\t\t\t\t\t<\/div>\n\t\t\t\t<\/div>\n\t\t\t\t\t<\/div>\n\t\t<\/div>\n\t\t\t\t<div class=\"elementor-column elementor-col-50 elementor-inner-column elementor-element elementor-element-3c51d5c\" data-id=\"3c51d5c\" data-element_type=\"column\" data-settings=\"{&quot;background_background&quot;:&quot;classic&quot;}\">\n\t\t\t<div class=\"elementor-widget-wrap elementor-element-populated\">\n\t\t\t\t\t\t<div class=\"elementor-element elementor-element-da3652b elementor-widget elementor-widget-heading\" data-id=\"da3652b\" data-element_type=\"widget\" data-widget_type=\"heading.default\">\n\t\t\t\t<div class=\"elementor-widget-container\">\n\t\t\t\t\t<h4 class=\"elementor-heading-title elementor-size-default\">Sites<br>Ressources<br><\/h4>\t\t\t\t<\/div>\n\t\t\t\t<\/div>\n\t\t\t\t<div class=\"elementor-element elementor-element-e574e60 elementor-align-center elementor-widget elementor-widget-button\" data-id=\"e574e60\" data-element_type=\"widget\" data-widget_type=\"button.default\">\n\t\t\t\t<div class=\"elementor-widget-container\">\n\t\t\t\t\t\t\t\t\t<div class=\"elementor-button-wrapper\">\n\t\t\t\t\t<a class=\"elementor-button elementor-button-link elementor-size-sm\" href=\"https:\/\/www.devenirenseignant.gouv.fr\/\" target=\"_blank\">\n\t\t\t\t\t\t<span class=\"elementor-button-content-wrapper\">\n\t\t\t\t\t\t\t\t\t<span class=\"elementor-button-text\">Devenir Enseignant<\/span>\n\t\t\t\t\t<\/span>\n\t\t\t\t\t<\/a>\n\t\t\t\t<\/div>\n\t\t\t\t\t\t\t\t<\/div>\n\t\t\t\t<\/div>\n\t\t\t\t<div class=\"elementor-element elementor-element-aa9ea7e elementor-align-center elementor-widget elementor-widget-button\" data-id=\"aa9ea7e\" data-element_type=\"widget\" data-widget_type=\"button.default\">\n\t\t\t\t<div class=\"elementor-widget-container\">\n\t\t\t\t\t\t\t\t\t<div class=\"elementor-button-wrapper\">\n\t\t\t\t\t<a class=\"elementor-button elementor-button-link elementor-size-sm\" href=\"http:\/\/www.ac-lyon.fr\/\" target=\"_blank\">\n\t\t\t\t\t\t<span class=\"elementor-button-content-wrapper\">\n\t\t\t\t\t\t\t\t\t<span class=\"elementor-button-text\">Acad\u00e9mie de Lyon<\/span>\n\t\t\t\t\t<\/span>\n\t\t\t\t\t<\/a>\n\t\t\t\t<\/div>\n\t\t\t\t\t\t\t\t<\/div>\n\t\t\t\t<\/div>\n\t\t\t\t\t<\/div>\n\t\t<\/div>\n\t\t\t\t\t<\/div>\n\t\t<\/section>\n\t\t\t\t\t<\/div>\n\t\t<\/div>\n\t\t\t\t\t<\/div>\n\t\t<\/section>\n\t\t\t\t<\/div>\n\t\t","protected":false},"excerpt":{"rendered":"<p>Concours de Recrutement de Professeurs des \u00c9coles Le concours de recrutement de professeur des \u00e9coles (CRPE) se divise en deux s\u00e9ries d\u2019\u00e9preuves. Premi\u00e8re s\u00e9rie \u2013 les \u00e9preuves d\u2019admissibilit\u00e9 3 \u00e9preuves : une \u00e9preuve \u00e9crite en fran\u00e7ais, une \u00e9preuve \u00e9crite en math\u00e9matiques une \u00e9preuve \u00e9crite d\u2019application dans une autre discipline au choix (sciences et technologie, histoire [&hellip;]<\/p>\n","protected":false},"author":3,"featured_media":0,"parent":0,"menu_order":0,"comment_status":"closed","ping_status":"closed","template":"","meta":{"_eb_attr":"","site-sidebar-layout":"no-sidebar","site-content-layout":"page-builder","ast-site-content-layout":"default","site-content-style":"default","site-sidebar-style":"default","ast-global-header-display":"","ast-banner-title-visibility":"","ast-main-header-display":"","ast-hfb-above-header-display":"","ast-hfb-below-header-display":"","ast-hfb-mobile-header-display":"","site-post-title":"disabled","ast-breadcrumbs-content":"","ast-featured-img":"disabled","footer-sml-layout":"","theme-transparent-header-meta":"default","adv-header-id-meta":"","stick-header-meta":"","header-above-stick-meta":"","header-main-stick-meta":"","header-below-stick-meta":"","astra-migrate-meta-layouts":"default","ast-page-background-enabled":"default","ast-page-background-meta":{"desktop":{"background-color":"","background-image":"","background-repeat":"repeat","background-position":"center center","background-size":"auto","background-attachment":"scroll","background-type":"","background-media":"","overlay-type":"","overlay-color":"","overlay-opacity":"","overlay-gradient":""},"tablet":{"background-color":"","background-image":"","background-repeat":"repeat","background-position":"center center","background-size":"auto","background-attachment":"scroll","background-type":"","background-media":"","overlay-type":"","overlay-color":"","overlay-opacity":"","overlay-gradient":""},"mobile":{"background-color":"","background-image":"","background-repeat":"repeat","background-position":"center center","background-size":"auto","background-attachment":"scroll","background-type":"","background-media":"","overlay-type":"","overlay-color":"","overlay-opacity":"","overlay-gradient":""}},"ast-content-background-meta":{"desktop":{"background-color":"var(--ast-global-color-5)","background-image":"","background-repeat":"repeat","background-position":"center center","background-size":"auto","background-attachment":"scroll","background-type":"","background-media":"","overlay-type":"","overlay-color":"","overlay-opacity":"","overlay-gradient":""},"tablet":{"background-color":"var(--ast-global-color-5)","background-image":"","background-repeat":"repeat","background-position":"center center","background-size":"auto","background-attachment":"scroll","background-type":"","background-media":"","overlay-type":"","overlay-color":"","overlay-opacity":"","overlay-gradient":""},"mobile":{"background-color":"var(--ast-global-color-5)","background-image":"","background-repeat":"repeat","background-position":"center center","background-size":"auto","background-attachment":"scroll","background-type":"","background-media":"","overlay-type":"","overlay-color":"","overlay-opacity":"","overlay-gradient":""}},"footnotes":""},"class_list":["post-2297","page","type-page","status-publish","hentry"],"_links":{"self":[{"href":"https:\/\/inspe.univ-lyon1.fr\/bienvenue\/wp-json\/wp\/v2\/pages\/2297","targetHints":{"allow":["GET"]}}],"collection":[{"href":"https:\/\/inspe.univ-lyon1.fr\/bienvenue\/wp-json\/wp\/v2\/pages"}],"about":[{"href":"https:\/\/inspe.univ-lyon1.fr\/bienvenue\/wp-json\/wp\/v2\/types\/page"}],"author":[{"embeddable":true,"href":"https:\/\/inspe.univ-lyon1.fr\/bienvenue\/wp-json\/wp\/v2\/users\/3"}],"replies":[{"embeddable":true,"href":"https:\/\/inspe.univ-lyon1.fr\/bienvenue\/wp-json\/wp\/v2\/comments?post=2297"}],"version-history":[{"count":43,"href":"https:\/\/inspe.univ-lyon1.fr\/bienvenue\/wp-json\/wp\/v2\/pages\/2297\/revisions"}],"predecessor-version":[{"id":10893,"href":"https:\/\/inspe.univ-lyon1.fr\/bienvenue\/wp-json\/wp\/v2\/pages\/2297\/revisions\/10893"}],"wp:attachment":[{"href":"https:\/\/inspe.univ-lyon1.fr\/bienvenue\/wp-json\/wp\/v2\/media?parent=2297"}],"curies":[{"name":"wp","href":"https:\/\/api.w.org\/{rel}","templated":true}]}}