{"id":1297,"date":"2021-01-11T14:06:10","date_gmt":"2021-01-11T13:06:10","guid":{"rendered":"https:\/\/inspe.univ-lyon1.fr\/bienvenue\/?page_id=1297"},"modified":"2025-02-13T09:07:35","modified_gmt":"2025-02-13T08:07:35","slug":"aeu-preparation-au-crpe","status":"publish","type":"page","link":"https:\/\/inspe.univ-lyon1.fr\/bienvenue\/aeu-preparation-au-crpe\/","title":{"rendered":"AEU Pr\u00e9paration au CRPE"},"content":{"rendered":"\t\t<div data-elementor-type=\"wp-page\" data-elementor-id=\"1297\" class=\"elementor elementor-1297\">\n\t\t\t\t\t\t<section class=\"elementor-section elementor-top-section elementor-element elementor-element-594173c7 elementor-section-boxed elementor-section-height-default elementor-section-height-default\" data-id=\"594173c7\" data-element_type=\"section\">\n\t\t\t\t\t\t<div class=\"elementor-container elementor-column-gap-default\">\n\t\t\t\t\t<div class=\"elementor-column elementor-col-100 elementor-top-column elementor-element elementor-element-764a5928\" data-id=\"764a5928\" data-element_type=\"column\">\n\t\t\t<div class=\"elementor-widget-wrap elementor-element-populated\">\n\t\t\t\t\t\t<div class=\"elementor-element elementor-element-4aa6dcc1 elementor-widget elementor-widget-text-editor\" data-id=\"4aa6dcc1\" data-element_type=\"widget\" data-widget_type=\"text-editor.default\">\n\t\t\t\t<div class=\"elementor-widget-container\">\n\t\t\t\t\t\t\t\t\t<h4>Vous avez un master MEEF ou autre et vous d\u00e9sirez vous pr\u00e9parer pour le concours de professeur des \u00e9coles ? L&rsquo;Attestation d\u2019\u00c9tudes Universitaires &#8211; Pr\u00e9parer le CRPE est faite pour vous\u00a0 !<\/h4>\t\t\t\t\t\t\t\t<\/div>\n\t\t\t\t<\/div>\n\t\t\t\t\t<\/div>\n\t\t<\/div>\n\t\t\t\t\t<\/div>\n\t\t<\/section>\n\t\t\t\t<section class=\"elementor-section elementor-top-section elementor-element elementor-element-2b96959 elementor-section-boxed elementor-section-height-default elementor-section-height-default\" data-id=\"2b96959\" data-element_type=\"section\">\n\t\t\t\t\t\t<div class=\"elementor-container elementor-column-gap-default\">\n\t\t\t\t\t<div class=\"elementor-column elementor-col-50 elementor-top-column elementor-element elementor-element-5a6fb33\" data-id=\"5a6fb33\" data-element_type=\"column\">\n\t\t\t<div class=\"elementor-widget-wrap elementor-element-populated\">\n\t\t\t\t\t\t<div class=\"elementor-element elementor-element-cd61125 elementor-widget elementor-widget-image\" data-id=\"cd61125\" data-element_type=\"widget\" data-widget_type=\"image.default\">\n\t\t\t\t<div class=\"elementor-widget-container\">\n\t\t\t\t\t\t\t\t\t\t\t\t\t\t\t<img fetchpriority=\"high\" decoding=\"async\" width=\"1024\" height=\"683\" src=\"https:\/\/inspe.univ-lyon1.fr\/bienvenue\/wp-content\/uploads\/2020\/12\/2016-04-07-Saint-Etienne-07-1-1024x683.jpg\" class=\"attachment-large size-large wp-image-523\" alt=\"\" srcset=\"https:\/\/inspe.univ-lyon1.fr\/bienvenue\/wp-content\/uploads\/2020\/12\/2016-04-07-Saint-Etienne-07-1-1024x683.jpg 1024w, https:\/\/inspe.univ-lyon1.fr\/bienvenue\/wp-content\/uploads\/2020\/12\/2016-04-07-Saint-Etienne-07-1-300x200.jpg 300w, https:\/\/inspe.univ-lyon1.fr\/bienvenue\/wp-content\/uploads\/2020\/12\/2016-04-07-Saint-Etienne-07-1-768x512.jpg 768w, https:\/\/inspe.univ-lyon1.fr\/bienvenue\/wp-content\/uploads\/2020\/12\/2016-04-07-Saint-Etienne-07-1.jpg 1500w\" sizes=\"(max-width: 1024px) 100vw, 1024px\" \/>\t\t\t\t\t\t\t\t\t\t\t\t\t\t\t<\/div>\n\t\t\t\t<\/div>\n\t\t\t\t<div class=\"elementor-element elementor-element-f431cb8 elementor-widget elementor-widget-spacer\" data-id=\"f431cb8\" data-element_type=\"widget\" data-widget_type=\"spacer.default\">\n\t\t\t\t<div class=\"elementor-widget-container\">\n\t\t\t\t\t\t\t<div class=\"elementor-spacer\">\n\t\t\t<div class=\"elementor-spacer-inner\"><\/div>\n\t\t<\/div>\n\t\t\t\t\t\t<\/div>\n\t\t\t\t<\/div>\n\t\t\t\t<div class=\"elementor-element elementor-element-62f37b6 elementor-widget elementor-widget-image\" data-id=\"62f37b6\" data-element_type=\"widget\" data-widget_type=\"image.default\">\n\t\t\t\t<div class=\"elementor-widget-container\">\n\t\t\t\t\t\t\t\t\t\t\t\t\t\t\t<img decoding=\"async\" width=\"1024\" height=\"683\" src=\"https:\/\/inspe.univ-lyon1.fr\/bienvenue\/wp-content\/uploads\/2020\/12\/Interieurs-2014-10-01-002-1024x683.jpg\" class=\"attachment-large size-large wp-image-703\" alt=\"\" srcset=\"https:\/\/inspe.univ-lyon1.fr\/bienvenue\/wp-content\/uploads\/2020\/12\/Interieurs-2014-10-01-002-1024x683.jpg 1024w, https:\/\/inspe.univ-lyon1.fr\/bienvenue\/wp-content\/uploads\/2020\/12\/Interieurs-2014-10-01-002-300x200.jpg 300w, https:\/\/inspe.univ-lyon1.fr\/bienvenue\/wp-content\/uploads\/2020\/12\/Interieurs-2014-10-01-002-768x512.jpg 768w, https:\/\/inspe.univ-lyon1.fr\/bienvenue\/wp-content\/uploads\/2020\/12\/Interieurs-2014-10-01-002-1536x1024.jpg 1536w, https:\/\/inspe.univ-lyon1.fr\/bienvenue\/wp-content\/uploads\/2020\/12\/Interieurs-2014-10-01-002-2048x1365.jpg 2048w\" sizes=\"(max-width: 1024px) 100vw, 1024px\" \/>\t\t\t\t\t\t\t\t\t\t\t\t\t\t\t<\/div>\n\t\t\t\t<\/div>\n\t\t\t\t\t<\/div>\n\t\t<\/div>\n\t\t\t\t<div class=\"elementor-column elementor-col-50 elementor-top-column elementor-element elementor-element-b02a832\" data-id=\"b02a832\" data-element_type=\"column\">\n\t\t\t<div class=\"elementor-widget-wrap elementor-element-populated\">\n\t\t\t\t\t\t<div class=\"elementor-element elementor-element-1e56494 elementor-widget elementor-widget-text-editor\" data-id=\"1e56494\" data-element_type=\"widget\" data-widget_type=\"text-editor.default\">\n\t\t\t\t<div class=\"elementor-widget-container\">\n\t\t\t\t\t\t\t\t\t<p>S\u2019adressant principalement \u00e0 des \u00e9tudiantes et \u00e9tudiants de niveau master, un certain nombre de pr\u00e9-requis sont attendus. Pour les \u00e9tudiantes et \u00e9tudiants ne les ayant pas, un travail cons\u00e9quent en autonomie est attendu pour se mettre \u00e0 niveau en fran\u00e7ais et math\u00e9matiques sur les attendus de fin de cycle 4 (fin de coll\u00e8ge).<\/p><p>Cette formation n\u00e9cessite que les \u00e9tudiants soient disponibles chaque semaine le jeudi et vendredi. L\u2019hybridation de certaines parties des enseignements n\u00e9cessite la possibilit\u00e9 d\u2019avoir un acc\u00e8s internet et du mat\u00e9riel informatique.<\/p><p>Le d\u00e9veloppement de comp\u00e9tences aussi bien disciplinaires que didactiques et professionnelles est le c\u0153ur de la formation. Les grands th\u00e8mes figurant au programme de l\u2019\u00e9cole (maternelle et primaire) sont travaill\u00e9s \u00e0 travers la pr\u00e9paration des \u00e9crits et des oraux, en conformit\u00e9 avec les attendus de chacune des \u00e9preuves. Les apports notionnels et didactiques compl\u00e9mentaires n\u00e9cessaires sont effectu\u00e9s dans ce cadre. L\u2019ensemble de la formation, y compris les heures de simulation aux oraux avec les retours sur prestations, contribue au travail des comp\u00e9tences et \u00e0 la pr\u00e9paration au concours.<\/p><p>Un stage d\u2019observation sera propos\u00e9 aux \u00e9tudiantes et \u00e9tudiants. Ce stage permettra \u00e0 chacun d\u2019observer des pratiques expertes et de nouer un premier contact avec l\u2019\u00e9cole.<\/p>\t\t\t\t\t\t\t\t<\/div>\n\t\t\t\t<\/div>\n\t\t\t\t\t<\/div>\n\t\t<\/div>\n\t\t\t\t\t<\/div>\n\t\t<\/section>\n\t\t\t\t<section class=\"elementor-section elementor-top-section elementor-element elementor-element-170df29 elementor-section-boxed elementor-section-height-default elementor-section-height-default\" data-id=\"170df29\" data-element_type=\"section\">\n\t\t\t\t\t\t<div class=\"elementor-container elementor-column-gap-default\">\n\t\t\t\t\t<div class=\"elementor-column elementor-col-100 elementor-top-column elementor-element elementor-element-5b6784b\" data-id=\"5b6784b\" data-element_type=\"column\">\n\t\t\t<div class=\"elementor-widget-wrap\">\n\t\t\t\t\t\t\t<\/div>\n\t\t<\/div>\n\t\t\t\t\t<\/div>\n\t\t<\/section>\n\t\t\t\t<section class=\"elementor-section elementor-top-section elementor-element elementor-element-97827b9 elementor-section-boxed elementor-section-height-default elementor-section-height-default\" data-id=\"97827b9\" data-element_type=\"section\">\n\t\t\t\t\t\t<div class=\"elementor-container elementor-column-gap-default\">\n\t\t\t\t\t<div class=\"elementor-column elementor-col-50 elementor-top-column elementor-element elementor-element-ef5ed9b\" data-id=\"ef5ed9b\" data-element_type=\"column\">\n\t\t\t<div class=\"elementor-widget-wrap elementor-element-populated\">\n\t\t\t\t\t\t<div class=\"elementor-element elementor-element-f5dccc2 elementor-align-center elementor-widget elementor-widget-button\" data-id=\"f5dccc2\" data-element_type=\"widget\" data-widget_type=\"button.default\">\n\t\t\t\t<div class=\"elementor-widget-container\">\n\t\t\t\t\t\t\t\t\t<div class=\"elementor-button-wrapper\">\n\t\t\t\t\t<a class=\"elementor-button elementor-button-link elementor-size-sm\" href=\"https:\/\/inspe.univ-lyon1.fr\/bienvenue\/wp-content\/uploads\/2025\/02\/Maquette-MEEF-AEU-2024.pdf\">\n\t\t\t\t\t\t<span class=\"elementor-button-content-wrapper\">\n\t\t\t\t\t\t\t\t\t<span class=\"elementor-button-text\">La plaquette d'informations<\/span>\n\t\t\t\t\t<\/span>\n\t\t\t\t\t<\/a>\n\t\t\t\t<\/div>\n\t\t\t\t\t\t\t\t<\/div>\n\t\t\t\t<\/div>\n\t\t\t\t<div class=\"elementor-element elementor-element-12a50ad elementor-widget-divider--view-line elementor-widget elementor-widget-divider\" data-id=\"12a50ad\" data-element_type=\"widget\" data-widget_type=\"divider.default\">\n\t\t\t\t<div class=\"elementor-widget-container\">\n\t\t\t\t\t\t\t<div class=\"elementor-divider\">\n\t\t\t<span class=\"elementor-divider-separator\">\n\t\t\t\t\t\t<\/span>\n\t\t<\/div>\n\t\t\t\t\t\t<\/div>\n\t\t\t\t<\/div>\n\t\t\t\t\t<\/div>\n\t\t<\/div>\n\t\t\t\t<div class=\"elementor-column elementor-col-50 elementor-top-column elementor-element elementor-element-bcf1c13\" data-id=\"bcf1c13\" data-element_type=\"column\">\n\t\t\t<div class=\"elementor-widget-wrap elementor-element-populated\">\n\t\t\t\t\t\t<div class=\"elementor-element elementor-element-a447dcc elementor-align-center elementor-widget elementor-widget-button\" data-id=\"a447dcc\" data-element_type=\"widget\" data-widget_type=\"button.default\">\n\t\t\t\t<div class=\"elementor-widget-container\">\n\t\t\t\t\t\t\t\t\t<div class=\"elementor-button-wrapper\">\n\t\t\t\t\t<a class=\"elementor-button elementor-button-link elementor-size-sm\" href=\"https:\/\/inspe.univ-lyon1.fr\/bienvenue\/dossier-candidature\/\">\n\t\t\t\t\t\t<span class=\"elementor-button-content-wrapper\">\n\t\t\t\t\t\t\t\t\t<span class=\"elementor-button-text\">S'inscrire<\/span>\n\t\t\t\t\t<\/span>\n\t\t\t\t\t<\/a>\n\t\t\t\t<\/div>\n\t\t\t\t\t\t\t\t<\/div>\n\t\t\t\t<\/div>\n\t\t\t\t<div class=\"elementor-element elementor-element-ffd9c26 elementor-widget-divider--view-line elementor-widget elementor-widget-divider\" data-id=\"ffd9c26\" data-element_type=\"widget\" data-widget_type=\"divider.default\">\n\t\t\t\t<div class=\"elementor-widget-container\">\n\t\t\t\t\t\t\t<div class=\"elementor-divider\">\n\t\t\t<span class=\"elementor-divider-separator\">\n\t\t\t\t\t\t<\/span>\n\t\t<\/div>\n\t\t\t\t\t\t<\/div>\n\t\t\t\t<\/div>\n\t\t\t\t\t<\/div>\n\t\t<\/div>\n\t\t\t\t\t<\/div>\n\t\t<\/section>\n\t\t\t\t<section class=\"elementor-section elementor-top-section elementor-element elementor-element-d73ec3e elementor-section-boxed elementor-section-height-default elementor-section-height-default\" data-id=\"d73ec3e\" data-element_type=\"section\">\n\t\t\t\t\t\t<div class=\"elementor-container elementor-column-gap-default\">\n\t\t\t\t\t<div class=\"elementor-column elementor-col-100 elementor-top-column elementor-element elementor-element-ee67ff2\" data-id=\"ee67ff2\" data-element_type=\"column\">\n\t\t\t<div class=\"elementor-widget-wrap elementor-element-populated\">\n\t\t\t\t\t\t<div class=\"elementor-element elementor-element-0749975 elementor-widget elementor-widget-heading\" data-id=\"0749975\" data-element_type=\"widget\" data-widget_type=\"heading.default\">\n\t\t\t\t<div class=\"elementor-widget-container\">\n\t\t\t\t\t<h3 class=\"elementor-heading-title elementor-size-default\">CANDIDATURE : Calendrier, dossier, inscription...<\/h3>\t\t\t\t<\/div>\n\t\t\t\t<\/div>\n\t\t\t\t\t<\/div>\n\t\t<\/div>\n\t\t\t\t\t<\/div>\n\t\t<\/section>\n\t\t\t\t<section class=\"elementor-section elementor-top-section elementor-element elementor-element-390dcec elementor-section-boxed elementor-section-height-default elementor-section-height-default\" data-id=\"390dcec\" data-element_type=\"section\">\n\t\t\t\t\t\t<div class=\"elementor-container elementor-column-gap-default\">\n\t\t\t\t\t<div class=\"elementor-column elementor-col-100 elementor-top-column elementor-element elementor-element-b123f51\" data-id=\"b123f51\" data-element_type=\"column\">\n\t\t\t<div class=\"elementor-widget-wrap elementor-element-populated\">\n\t\t\t\t\t\t<div class=\"elementor-element elementor-element-3a27616 elementor-widget elementor-widget-text-editor\" data-id=\"3a27616\" data-element_type=\"widget\" data-widget_type=\"text-editor.default\">\n\t\t\t\t<div class=\"elementor-widget-container\">\n\t\t\t\t\t\t\t\t\t<p>Que vous souhaitiez suivre les cours sur Bourg-en-Bresse, Lyon, ou Saint-Etienne, vous devez vous inscrire \u00e0 l&rsquo;Universit\u00e9 Lyon 1.\u00a0<\/p><p>L\u2019acc\u00e8s se fait sur dossier. Les conditions de dipl\u00f4me sont les suivantes, hi\u00e9rarchis\u00e9es.<\/p><ol><li>Etudiante et \u00e9tudiant, titulaire d\u2019un master MEEF<\/li><li>Etudiante et \u00e9tudiant, titulaire d\u2019un master m\u00e9tiers de l\u2019enseignement autre que MEEF<\/li><li>Etudiante et \u00e9tudiant, titulaire d\u2019un autre master.<\/li><li>Candidat et candidate, \u00e9ligible au CRPE sans condition de dipl\u00f4mes (3<sup>\u00e8me<\/sup> voie)<\/li><\/ol>\t\t\t\t\t\t\t\t<\/div>\n\t\t\t\t<\/div>\n\t\t\t\t\t<\/div>\n\t\t<\/div>\n\t\t\t\t\t<\/div>\n\t\t<\/section>\n\t\t\t\t<\/div>\n\t\t","protected":false},"excerpt":{"rendered":"<p>Vous avez un master MEEF ou autre et vous d\u00e9sirez vous pr\u00e9parer pour le concours de professeur des \u00e9coles ? L&rsquo;Attestation d\u2019\u00c9tudes Universitaires &#8211; Pr\u00e9parer le CRPE est faite pour vous\u00a0 ! S\u2019adressant principalement \u00e0 des \u00e9tudiantes et \u00e9tudiants de niveau master, un certain nombre de pr\u00e9-requis sont attendus. Pour les \u00e9tudiantes et \u00e9tudiants ne [&hellip;]<\/p>\n","protected":false},"author":3,"featured_media":0,"parent":0,"menu_order":0,"comment_status":"closed","ping_status":"closed","template":"","meta":{"_eb_attr":"","site-sidebar-layout":"no-sidebar","site-content-layout":"default","ast-site-content-layout":"default","site-content-style":"default","site-sidebar-style":"default","ast-global-header-display":"","ast-banner-title-visibility":"","ast-main-header-display":"","ast-hfb-above-header-display":"","ast-hfb-below-header-display":"","ast-hfb-mobile-header-display":"","site-post-title":"","ast-breadcrumbs-content":"disabled","ast-featured-img":"disabled","footer-sml-layout":"","theme-transparent-header-meta":"disabled","adv-header-id-meta":"","stick-header-meta":"","header-above-stick-meta":"","header-main-stick-meta":"","header-below-stick-meta":"","astra-migrate-meta-layouts":"default","ast-page-background-enabled":"default","ast-page-background-meta":{"desktop":{"background-color":"","background-image":"","background-repeat":"repeat","background-position":"center center","background-size":"auto","background-attachment":"scroll","background-type":"","background-media":"","overlay-type":"","overlay-color":"","overlay-opacity":"","overlay-gradient":""},"tablet":{"background-color":"","background-image":"","background-repeat":"repeat","background-position":"center center","background-size":"auto","background-attachment":"scroll","background-type":"","background-media":"","overlay-type":"","overlay-color":"","overlay-opacity":"","overlay-gradient":""},"mobile":{"background-color":"","background-image":"","background-repeat":"repeat","background-position":"center center","background-size":"auto","background-attachment":"scroll","background-type":"","background-media":"","overlay-type":"","overlay-color":"","overlay-opacity":"","overlay-gradient":""}},"ast-content-background-meta":{"desktop":{"background-color":"var(--ast-global-color-5)","background-image":"","background-repeat":"repeat","background-position":"center center","background-size":"auto","background-attachment":"scroll","background-type":"","background-media":"","overlay-type":"","overlay-color":"","overlay-opacity":"","overlay-gradient":""},"tablet":{"background-color":"var(--ast-global-color-5)","background-image":"","background-repeat":"repeat","background-position":"center center","background-size":"auto","background-attachment":"scroll","background-type":"","background-media":"","overlay-type":"","overlay-color":"","overlay-opacity":"","overlay-gradient":""},"mobile":{"background-color":"var(--ast-global-color-5)","background-image":"","background-repeat":"repeat","background-position":"center center","background-size":"auto","background-attachment":"scroll","background-type":"","background-media":"","overlay-type":"","overlay-color":"","overlay-opacity":"","overlay-gradient":""}},"footnotes":""},"class_list":["post-1297","page","type-page","status-publish","hentry"],"_links":{"self":[{"href":"https:\/\/inspe.univ-lyon1.fr\/bienvenue\/wp-json\/wp\/v2\/pages\/1297","targetHints":{"allow":["GET"]}}],"collection":[{"href":"https:\/\/inspe.univ-lyon1.fr\/bienvenue\/wp-json\/wp\/v2\/pages"}],"about":[{"href":"https:\/\/inspe.univ-lyon1.fr\/bienvenue\/wp-json\/wp\/v2\/types\/page"}],"author":[{"embeddable":true,"href":"https:\/\/inspe.univ-lyon1.fr\/bienvenue\/wp-json\/wp\/v2\/users\/3"}],"replies":[{"embeddable":true,"href":"https:\/\/inspe.univ-lyon1.fr\/bienvenue\/wp-json\/wp\/v2\/comments?post=1297"}],"version-history":[{"count":94,"href":"https:\/\/inspe.univ-lyon1.fr\/bienvenue\/wp-json\/wp\/v2\/pages\/1297\/revisions"}],"predecessor-version":[{"id":13473,"href":"https:\/\/inspe.univ-lyon1.fr\/bienvenue\/wp-json\/wp\/v2\/pages\/1297\/revisions\/13473"}],"wp:attachment":[{"href":"https:\/\/inspe.univ-lyon1.fr\/bienvenue\/wp-json\/wp\/v2\/media?parent=1297"}],"curies":[{"name":"wp","href":"https:\/\/api.w.org\/{rel}","templated":true}]}}