{"id":1271,"date":"2021-01-11T12:07:35","date_gmt":"2021-01-11T11:07:35","guid":{"rendered":"https:\/\/inspe.univ-lyon1.fr\/bienvenue\/?page_id=1271"},"modified":"2025-04-11T16:21:27","modified_gmt":"2025-04-11T14:21:27","slug":"master-meef-nos-diplomes-universitaires","status":"publish","type":"page","link":"https:\/\/inspe.univ-lyon1.fr\/bienvenue\/master-meef-nos-diplomes-universitaires\/","title":{"rendered":"Nos dipl\u00f4mes universitaires"},"content":{"rendered":"\t\t<div data-elementor-type=\"wp-page\" data-elementor-id=\"1271\" class=\"elementor elementor-1271\">\n\t\t\t\t\t\t<section class=\"elementor-section elementor-top-section elementor-element elementor-element-5090487 elementor-section-boxed elementor-section-height-default elementor-section-height-default\" data-id=\"5090487\" data-element_type=\"section\">\n\t\t\t\t\t\t<div class=\"elementor-container elementor-column-gap-default\">\n\t\t\t\t\t<div class=\"elementor-column elementor-col-100 elementor-top-column elementor-element elementor-element-d5d3f8d\" data-id=\"d5d3f8d\" data-element_type=\"column\">\n\t\t\t<div class=\"elementor-widget-wrap elementor-element-populated\">\n\t\t\t\t\t\t<div class=\"elementor-element elementor-element-677c81c elementor-widget elementor-widget-text-editor\" data-id=\"677c81c\" data-element_type=\"widget\" data-widget_type=\"text-editor.default\">\n\t\t\t\t<div class=\"elementor-widget-container\">\n\t\t\t\t\t\t\t\t\t<p>Voici nos dipl\u00f4mes universitaires pour des professionnels de l&rsquo;enseignement et de l&rsquo;\u00e9ducation.<\/p>\t\t\t\t\t\t\t\t<\/div>\n\t\t\t\t<\/div>\n\t\t\t\t\t<\/div>\n\t\t<\/div>\n\t\t\t\t\t<\/div>\n\t\t<\/section>\n\t\t\t\t<section class=\"elementor-section elementor-top-section elementor-element elementor-element-36cf0ba elementor-section-boxed elementor-section-height-default elementor-section-height-default\" data-id=\"36cf0ba\" data-element_type=\"section\">\n\t\t\t\t\t\t<div class=\"elementor-container elementor-column-gap-default\">\n\t\t\t\t\t<div class=\"elementor-column elementor-col-33 elementor-top-column elementor-element elementor-element-5e77287\" data-id=\"5e77287\" data-element_type=\"column\">\n\t\t\t<div class=\"elementor-widget-wrap elementor-element-populated\">\n\t\t\t\t\t\t<div class=\"elementor-element elementor-element-19be721 elementor-view-default elementor-widget elementor-widget-icon\" data-id=\"19be721\" data-element_type=\"widget\" data-widget_type=\"icon.default\">\n\t\t\t\t<div class=\"elementor-widget-container\">\n\t\t\t\t\t\t\t<div class=\"elementor-icon-wrapper\">\n\t\t\t<a class=\"elementor-icon\" href=\"https:\/\/inspe.univ-lyon1.fr\/bienvenue\/diplome-universitaire-education-aux-medias-et-a-linformation\/\" target=\"_blank\">\n\t\t\t<i aria-hidden=\"true\" class=\"far fa-keyboard\"><\/i>\t\t\t<\/a>\n\t\t<\/div>\n\t\t\t\t\t\t<\/div>\n\t\t\t\t<\/div>\n\t\t\t\t<div class=\"elementor-element elementor-element-fa55e84 elementor-widget elementor-widget-text-editor\" data-id=\"fa55e84\" data-element_type=\"widget\" data-widget_type=\"text-editor.default\">\n\t\t\t\t<div class=\"elementor-widget-container\">\n\t\t\t\t\t\t\t\t\t<h4 style=\"text-align: center;\"><a href=\"https:\/\/inspe.univ-lyon1.fr\/bienvenue\/diplome-universitaire-education-aux-medias-et-a-linformation\/\"><strong>Dipl\u00f4me Universitaire &#8211; Education aux M\u00e9dias et \u00e0 l&rsquo;Information<\/strong><\/a><\/h4>\t\t\t\t\t\t\t\t<\/div>\n\t\t\t\t<\/div>\n\t\t\t\t\t<\/div>\n\t\t<\/div>\n\t\t\t\t<div class=\"elementor-column elementor-col-33 elementor-top-column elementor-element elementor-element-5d499e1\" data-id=\"5d499e1\" data-element_type=\"column\">\n\t\t\t<div class=\"elementor-widget-wrap elementor-element-populated\">\n\t\t\t\t\t\t<div class=\"elementor-element elementor-element-b319e18 elementor-view-default elementor-widget elementor-widget-icon\" data-id=\"b319e18\" data-element_type=\"widget\" data-widget_type=\"icon.default\">\n\t\t\t\t<div class=\"elementor-widget-container\">\n\t\t\t\t\t\t\t<div class=\"elementor-icon-wrapper\">\n\t\t\t<a class=\"elementor-icon\" href=\"https:\/\/inspe.univ-lyon1.fr\/bienvenue\/diplome-universitaire-neuropsychologie-education-et-pedagogie\/\" target=\"_blank\">\n\t\t\t<i aria-hidden=\"true\" class=\"fas fa-brain\"><\/i>\t\t\t<\/a>\n\t\t<\/div>\n\t\t\t\t\t\t<\/div>\n\t\t\t\t<\/div>\n\t\t\t\t<div class=\"elementor-element elementor-element-89ac67e elementor-widget elementor-widget-text-editor\" data-id=\"89ac67e\" data-element_type=\"widget\" data-widget_type=\"text-editor.default\">\n\t\t\t\t<div class=\"elementor-widget-container\">\n\t\t\t\t\t\t\t\t\t<h4 style=\"text-align: center;\"><a class=\"lien_interne\" href=\"https:\/\/inspe.univ-lyon1.fr\/bienvenue\/wp-content\/uploads\/2024\/02\/DU-NEP-2024.pdf\" target=\"_blank\" rel=\"noopener\"><strong>Dipl\u00f4me Universitaire &#8211; Neuropsychologie, Education et P\u00e9dagogie<\/strong><\/a><strong><strong><a class=\"lien_interne\" href=\"https:\/\/inspe.univ-lyon1.fr\/formation\/offre-de-formation\/du-education-pedagogie-et-culture-s-de-l-alterite-797877.kjsp?RH=1370933522878\"><strong><br \/><\/strong><\/a><\/strong><\/strong><\/h4>\t\t\t\t\t\t\t\t<\/div>\n\t\t\t\t<\/div>\n\t\t\t\t\t<\/div>\n\t\t<\/div>\n\t\t\t\t<div class=\"elementor-column elementor-col-33 elementor-top-column elementor-element elementor-element-80fa3da\" data-id=\"80fa3da\" data-element_type=\"column\">\n\t\t\t<div class=\"elementor-widget-wrap elementor-element-populated\">\n\t\t\t\t\t\t<div class=\"elementor-element elementor-element-20947a4 elementor-view-default elementor-widget elementor-widget-icon\" data-id=\"20947a4\" data-element_type=\"widget\" data-widget_type=\"icon.default\">\n\t\t\t\t<div class=\"elementor-widget-container\">\n\t\t\t\t\t\t\t<div class=\"elementor-icon-wrapper\">\n\t\t\t<a class=\"elementor-icon\" href=\"https:\/\/inspe.univ-lyon1.fr\/bienvenue\/diplome-universitaire-neuropsychologie-education-et-pedagogie\/\" target=\"_blank\">\n\t\t\t<i aria-hidden=\"true\" class=\"icofont icofont-people\"><\/i>\t\t\t<\/a>\n\t\t<\/div>\n\t\t\t\t\t\t<\/div>\n\t\t\t\t<\/div>\n\t\t\t\t<div class=\"elementor-element elementor-element-3d97450 elementor-widget elementor-widget-image\" data-id=\"3d97450\" data-element_type=\"widget\" data-widget_type=\"image.default\">\n\t\t\t\t<div class=\"elementor-widget-container\">\n\t\t\t\t\t\t\t\t\t\t\t\t\t\t\t<img fetchpriority=\"high\" decoding=\"async\" width=\"351\" height=\"352\" src=\"https:\/\/inspe.univ-lyon1.fr\/bienvenue\/wp-content\/uploads\/2025\/04\/OutlookEmoji-17431778745230e8b541f-d28b-4007-98d9-5746fbe1d717.jpg\" class=\"attachment-large size-large wp-image-13589\" alt=\"\" srcset=\"https:\/\/inspe.univ-lyon1.fr\/bienvenue\/wp-content\/uploads\/2025\/04\/OutlookEmoji-17431778745230e8b541f-d28b-4007-98d9-5746fbe1d717.jpg 351w, https:\/\/inspe.univ-lyon1.fr\/bienvenue\/wp-content\/uploads\/2025\/04\/OutlookEmoji-17431778745230e8b541f-d28b-4007-98d9-5746fbe1d717-300x300.jpg 300w, https:\/\/inspe.univ-lyon1.fr\/bienvenue\/wp-content\/uploads\/2025\/04\/OutlookEmoji-17431778745230e8b541f-d28b-4007-98d9-5746fbe1d717-150x150.jpg 150w\" sizes=\"(max-width: 351px) 100vw, 351px\" \/>\t\t\t\t\t\t\t\t\t\t\t\t\t\t\t<\/div>\n\t\t\t\t<\/div>\n\t\t\t\t<div class=\"elementor-element elementor-element-7df18be elementor-widget elementor-widget-text-editor\" data-id=\"7df18be\" data-element_type=\"widget\" data-widget_type=\"text-editor.default\">\n\t\t\t\t<div class=\"elementor-widget-container\">\n\t\t\t\t\t\t\t\t\t<h4 style=\"text-align: center;\"><a href=\"https:\/\/inspe.univ-lyon1.fr\/bienvenue\/wp-content\/uploads\/2024\/02\/DU-EI-2024.pdf\"><strong>Dipl\u00f4me Universitaire &#8211; <\/strong><strong><strong><strong>R\u00e9f\u00e9rent \u00c9ducation Inclusive<\/strong><\/strong><\/strong><\/a><\/h4>\t\t\t\t\t\t\t\t<\/div>\n\t\t\t\t<\/div>\n\t\t\t\t\t<\/div>\n\t\t<\/div>\n\t\t\t\t\t<\/div>\n\t\t<\/section>\n\t\t\t\t<section class=\"elementor-section elementor-top-section elementor-element elementor-element-3fc372d elementor-section-boxed elementor-section-height-default elementor-section-height-default\" data-id=\"3fc372d\" data-element_type=\"section\">\n\t\t\t\t\t\t<div class=\"elementor-container elementor-column-gap-default\">\n\t\t\t\t\t<div class=\"elementor-column elementor-col-100 elementor-top-column elementor-element elementor-element-c9cdd2e\" data-id=\"c9cdd2e\" data-element_type=\"column\">\n\t\t\t<div class=\"elementor-widget-wrap elementor-element-populated\">\n\t\t\t\t\t\t<div class=\"elementor-element elementor-element-17dd667 elementor-widget-divider--view-line elementor-widget elementor-widget-divider\" data-id=\"17dd667\" data-element_type=\"widget\" data-widget_type=\"divider.default\">\n\t\t\t\t<div class=\"elementor-widget-container\">\n\t\t\t\t\t\t\t<div class=\"elementor-divider\">\n\t\t\t<span class=\"elementor-divider-separator\">\n\t\t\t\t\t\t<\/span>\n\t\t<\/div>\n\t\t\t\t\t\t<\/div>\n\t\t\t\t<\/div>\n\t\t\t\t\t<\/div>\n\t\t<\/div>\n\t\t\t\t\t<\/div>\n\t\t<\/section>\n\t\t\t\t<section class=\"elementor-section elementor-top-section elementor-element elementor-element-9bd191e elementor-section-boxed elementor-section-height-default elementor-section-height-default\" data-id=\"9bd191e\" data-element_type=\"section\">\n\t\t\t\t\t\t<div class=\"elementor-container elementor-column-gap-default\">\n\t\t\t\t\t<div class=\"elementor-column elementor-col-50 elementor-top-column elementor-element elementor-element-c7eff71\" data-id=\"c7eff71\" data-element_type=\"column\">\n\t\t\t<div class=\"elementor-widget-wrap elementor-element-populated\">\n\t\t\t\t\t\t<div class=\"elementor-element elementor-element-22fcc63 elementor-view-default elementor-widget elementor-widget-icon\" data-id=\"22fcc63\" data-element_type=\"widget\" data-widget_type=\"icon.default\">\n\t\t\t\t<div class=\"elementor-widget-container\">\n\t\t\t\t\t\t\t<div class=\"elementor-icon-wrapper\">\n\t\t\t<a class=\"elementor-icon\" href=\"https:\/\/inspe.univ-lyon1.fr\/bienvenue\/dossier-candidature\/\">\n\t\t\t<i aria-hidden=\"true\" class=\" ti-agenda\"><\/i>\t\t\t<\/a>\n\t\t<\/div>\n\t\t\t\t\t\t<\/div>\n\t\t\t\t<\/div>\n\t\t\t\t\t<\/div>\n\t\t<\/div>\n\t\t\t\t<div class=\"elementor-column elementor-col-50 elementor-top-column elementor-element elementor-element-e680586\" data-id=\"e680586\" data-element_type=\"column\">\n\t\t\t<div class=\"elementor-widget-wrap elementor-element-populated\">\n\t\t\t\t\t\t<div class=\"elementor-element elementor-element-e2b2e1d elementor-widget elementor-widget-heading\" data-id=\"e2b2e1d\" data-element_type=\"widget\" data-widget_type=\"heading.default\">\n\t\t\t\t<div class=\"elementor-widget-container\">\n\t\t\t\t\t<h3 class=\"elementor-heading-title elementor-size-default\"><a href=\"https:\/\/inspe.univ-lyon1.fr\/bienvenue\/dossier-candidature\/\">CANDIDATURE : calendrier, dossier, inscription...<br>\u00e0 la rubrique DATES ET DOSSIERS DE CANDIDATURES<\/a><\/h3>\t\t\t\t<\/div>\n\t\t\t\t<\/div>\n\t\t\t\t\t<\/div>\n\t\t<\/div>\n\t\t\t\t\t<\/div>\n\t\t<\/section>\n\t\t\t\t<section class=\"elementor-section elementor-top-section elementor-element elementor-element-97827b9 elementor-section-boxed elementor-section-height-default elementor-section-height-default\" data-id=\"97827b9\" data-element_type=\"section\">\n\t\t\t\t\t\t<div class=\"elementor-container elementor-column-gap-default\">\n\t\t\t\t\t<div class=\"elementor-column elementor-col-100 elementor-top-column elementor-element elementor-element-ef5ed9b\" data-id=\"ef5ed9b\" data-element_type=\"column\">\n\t\t\t<div class=\"elementor-widget-wrap elementor-element-populated\">\n\t\t\t\t\t\t<div class=\"elementor-element elementor-element-066b608 elementor-widget-divider--view-line elementor-widget elementor-widget-divider\" data-id=\"066b608\" data-element_type=\"widget\" data-widget_type=\"divider.default\">\n\t\t\t\t<div class=\"elementor-widget-container\">\n\t\t\t\t\t\t\t<div class=\"elementor-divider\">\n\t\t\t<span class=\"elementor-divider-separator\">\n\t\t\t\t\t\t<\/span>\n\t\t<\/div>\n\t\t\t\t\t\t<\/div>\n\t\t\t\t<\/div>\n\t\t\t\t\t<\/div>\n\t\t<\/div>\n\t\t\t\t\t<\/div>\n\t\t<\/section>\n\t\t\t\t<\/div>\n\t\t","protected":false},"excerpt":{"rendered":"<p>Voici nos dipl\u00f4mes universitaires pour des professionnels de l&rsquo;enseignement et de l&rsquo;\u00e9ducation. Dipl\u00f4me Universitaire &#8211; Education aux M\u00e9dias et \u00e0 l&rsquo;Information Dipl\u00f4me Universitaire &#8211; Neuropsychologie, Education et P\u00e9dagogie Dipl\u00f4me Universitaire &#8211; R\u00e9f\u00e9rent \u00c9ducation Inclusive CANDIDATURE : calendrier, dossier, inscription&#8230;\u00e0 la rubrique DATES ET DOSSIERS DE CANDIDATURES<\/p>\n","protected":false},"author":3,"featured_media":0,"parent":0,"menu_order":0,"comment_status":"closed","ping_status":"closed","template":"","meta":{"_eb_attr":"","site-sidebar-layout":"no-sidebar","site-content-layout":"default","ast-site-content-layout":"default","site-content-style":"default","site-sidebar-style":"default","ast-global-header-display":"","ast-banner-title-visibility":"","ast-main-header-display":"","ast-hfb-above-header-display":"","ast-hfb-below-header-display":"","ast-hfb-mobile-header-display":"","site-post-title":"","ast-breadcrumbs-content":"disabled","ast-featured-img":"disabled","footer-sml-layout":"","theme-transparent-header-meta":"disabled","adv-header-id-meta":"","stick-header-meta":"","header-above-stick-meta":"","header-main-stick-meta":"","header-below-stick-meta":"","astra-migrate-meta-layouts":"set","ast-page-background-enabled":"default","ast-page-background-meta":{"desktop":{"background-color":"","background-image":"","background-repeat":"repeat","background-position":"center center","background-size":"auto","background-attachment":"scroll","background-type":"","background-media":"","overlay-type":"","overlay-color":"","overlay-opacity":"","overlay-gradient":""},"tablet":{"background-color":"","background-image":"","background-repeat":"repeat","background-position":"center center","background-size":"auto","background-attachment":"scroll","background-type":"","background-media":"","overlay-type":"","overlay-color":"","overlay-opacity":"","overlay-gradient":""},"mobile":{"background-color":"","background-image":"","background-repeat":"repeat","background-position":"center center","background-size":"auto","background-attachment":"scroll","background-type":"","background-media":"","overlay-type":"","overlay-color":"","overlay-opacity":"","overlay-gradient":""}},"ast-content-background-meta":{"desktop":{"background-color":"var(--ast-global-color-5)","background-image":"","background-repeat":"repeat","background-position":"center center","background-size":"auto","background-attachment":"scroll","background-type":"","background-media":"","overlay-type":"","overlay-color":"","overlay-opacity":"","overlay-gradient":""},"tablet":{"background-color":"var(--ast-global-color-5)","background-image":"","background-repeat":"repeat","background-position":"center center","background-size":"auto","background-attachment":"scroll","background-type":"","background-media":"","overlay-type":"","overlay-color":"","overlay-opacity":"","overlay-gradient":""},"mobile":{"background-color":"var(--ast-global-color-5)","background-image":"","background-repeat":"repeat","background-position":"center center","background-size":"auto","background-attachment":"scroll","background-type":"","background-media":"","overlay-type":"","overlay-color":"","overlay-opacity":"","overlay-gradient":""}},"footnotes":""},"class_list":["post-1271","page","type-page","status-publish","hentry"],"_links":{"self":[{"href":"https:\/\/inspe.univ-lyon1.fr\/bienvenue\/wp-json\/wp\/v2\/pages\/1271","targetHints":{"allow":["GET"]}}],"collection":[{"href":"https:\/\/inspe.univ-lyon1.fr\/bienvenue\/wp-json\/wp\/v2\/pages"}],"about":[{"href":"https:\/\/inspe.univ-lyon1.fr\/bienvenue\/wp-json\/wp\/v2\/types\/page"}],"author":[{"embeddable":true,"href":"https:\/\/inspe.univ-lyon1.fr\/bienvenue\/wp-json\/wp\/v2\/users\/3"}],"replies":[{"embeddable":true,"href":"https:\/\/inspe.univ-lyon1.fr\/bienvenue\/wp-json\/wp\/v2\/comments?post=1271"}],"version-history":[{"count":93,"href":"https:\/\/inspe.univ-lyon1.fr\/bienvenue\/wp-json\/wp\/v2\/pages\/1271\/revisions"}],"predecessor-version":[{"id":13595,"href":"https:\/\/inspe.univ-lyon1.fr\/bienvenue\/wp-json\/wp\/v2\/pages\/1271\/revisions\/13595"}],"wp:attachment":[{"href":"https:\/\/inspe.univ-lyon1.fr\/bienvenue\/wp-json\/wp\/v2\/media?parent=1271"}],"curies":[{"name":"wp","href":"https:\/\/api.w.org\/{rel}","templated":true}]}}