{"id":1267,"date":"2021-01-11T12:07:13","date_gmt":"2021-01-11T11:07:13","guid":{"rendered":"https:\/\/inspe.univ-lyon1.fr\/bienvenue\/?page_id=1267"},"modified":"2025-04-16T11:53:57","modified_gmt":"2025-04-16T09:53:57","slug":"master-meef-pratique-et-ingenierie-de-la-formation","status":"publish","type":"page","link":"https:\/\/inspe.univ-lyon1.fr\/bienvenue\/master-meef-pratique-et-ingenierie-de-la-formation\/","title":{"rendered":"MASTER MEEF Pratique et ing\u00e9nierie de la formation"},"content":{"rendered":"\t\t<div data-elementor-type=\"wp-page\" data-elementor-id=\"1267\" class=\"elementor elementor-1267\">\n\t\t\t\t\t\t<section class=\"elementor-section elementor-top-section elementor-element elementor-element-411a0c2 elementor-section-boxed elementor-section-height-default elementor-section-height-default\" data-id=\"411a0c2\" data-element_type=\"section\">\n\t\t\t\t\t\t<div class=\"elementor-container elementor-column-gap-default\">\n\t\t\t\t\t<div class=\"elementor-column elementor-col-100 elementor-top-column elementor-element elementor-element-b35ea84\" data-id=\"b35ea84\" data-element_type=\"column\">\n\t\t\t<div class=\"elementor-widget-wrap elementor-element-populated\">\n\t\t\t\t\t\t<div class=\"elementor-element elementor-element-f3400c0 elementor-widget elementor-widget-text-editor\" data-id=\"f3400c0\" data-element_type=\"widget\" data-widget_type=\"text-editor.default\">\n\t\t\t\t<div class=\"elementor-widget-container\">\n\t\t\t\t\t\t\t\t\t<p style=\"text-align: justify; text-indent: 0px; margin-left: 53.4pt;\"><span style=\"font-size: 11.0pt; mso-ascii-font-family: Calibri; mso-hansi-font-family: Calibri; mso-bidi-font-family: Calibri;\">Nos master MEEF Pratiques et Ing\u00e9nierie de la formation s&rsquo;adressent aux enseignantes et enseignants, formateurs et formatrices, personnels de l&rsquo;\u00e9ducation nationale en sant\u00e9, personnels d&rsquo;inspection et de direction qui souhaitent d\u00e9velopper et enrichir leurs comp\u00e9tences professionnelles.<\/span><\/p>\t\t\t\t\t\t\t\t<\/div>\n\t\t\t\t<\/div>\n\t\t\t\t\t<\/div>\n\t\t<\/div>\n\t\t\t\t\t<\/div>\n\t\t<\/section>\n\t\t\t\t<section class=\"elementor-section elementor-top-section elementor-element elementor-element-eeb3cf3 elementor-section-boxed elementor-section-height-default elementor-section-height-default\" data-id=\"eeb3cf3\" data-element_type=\"section\">\n\t\t\t\t\t\t<div class=\"elementor-container elementor-column-gap-default\">\n\t\t\t\t\t<div class=\"elementor-column elementor-col-33 elementor-top-column elementor-element elementor-element-c20a0e7\" data-id=\"c20a0e7\" data-element_type=\"column\">\n\t\t\t<div class=\"elementor-widget-wrap elementor-element-populated\">\n\t\t\t\t\t\t<div class=\"elementor-element elementor-element-6d96795 elementor-view-default elementor-widget elementor-widget-icon\" data-id=\"6d96795\" data-element_type=\"widget\" data-widget_type=\"icon.default\">\n\t\t\t\t<div class=\"elementor-widget-container\">\n\t\t\t\t\t\t\t<div class=\"elementor-icon-wrapper\">\n\t\t\t<a class=\"elementor-icon\" href=\"https:\/\/inspe.univ-lyon1.fr\/bienvenue\/wp-content\/uploads\/2023\/03\/Maquette-PIF-SBR-1.pdf\" target=\"_blank\">\n\t\t\t<i aria-hidden=\"true\" class=\"fas fa-plus\"><\/i>\t\t\t<\/a>\n\t\t<\/div>\n\t\t\t\t\t\t<\/div>\n\t\t\t\t<\/div>\n\t\t\t\t<div class=\"elementor-element elementor-element-ab6a69b elementor-widget elementor-widget-text-editor\" data-id=\"ab6a69b\" data-element_type=\"widget\" data-widget_type=\"text-editor.default\">\n\t\t\t\t<div class=\"elementor-widget-container\">\n\t\t\t\t\t\t\t\t\t<h4 style=\"text-align: center;\"><a href=\"https:\/\/inspe.univ-lyon1.fr\/bienvenue\/wp-content\/uploads\/2025\/02\/Maquette-PIF-SBR-2024.pdf\" target=\"_blank\" rel=\"noopener\">Sant\u00e9, bien-\u00eatre et r\u00e9ussite \u00e9ducative<\/a><\/h4>\t\t\t\t\t\t\t\t<\/div>\n\t\t\t\t<\/div>\n\t\t\t\t\t<\/div>\n\t\t<\/div>\n\t\t\t\t<div class=\"elementor-column elementor-col-33 elementor-top-column elementor-element elementor-element-30fbd20\" data-id=\"30fbd20\" data-element_type=\"column\">\n\t\t\t<div class=\"elementor-widget-wrap elementor-element-populated\">\n\t\t\t\t\t\t<div class=\"elementor-element elementor-element-726dbf2 elementor-view-default elementor-widget elementor-widget-icon\" data-id=\"726dbf2\" data-element_type=\"widget\" data-widget_type=\"icon.default\">\n\t\t\t\t<div class=\"elementor-widget-container\">\n\t\t\t\t\t\t\t<div class=\"elementor-icon-wrapper\">\n\t\t\t<div class=\"elementor-icon\">\n\t\t\t<i aria-hidden=\"true\" class=\"fas fa-users\"><\/i>\t\t\t<\/div>\n\t\t<\/div>\n\t\t\t\t\t\t<\/div>\n\t\t\t\t<\/div>\n\t\t\t\t<div class=\"elementor-element elementor-element-d4f88e8 elementor-widget elementor-widget-text-editor\" data-id=\"d4f88e8\" data-element_type=\"widget\" data-widget_type=\"text-editor.default\">\n\t\t\t\t<div class=\"elementor-widget-container\">\n\t\t\t\t\t\t\t\t\t<h4 style=\"text-align: center;\"><a href=\"https:\/\/inspe.univ-lyon1.fr\/bienvenue\/wp-content\/uploads\/2025\/04\/Maquette-PIF-MFE-2024.pdf\"><strong>M\u00e9tiers de la formation d&rsquo;enseignants<\/strong><\/a><\/h4>\t\t\t\t\t\t\t\t<\/div>\n\t\t\t\t<\/div>\n\t\t\t\t\t<\/div>\n\t\t<\/div>\n\t\t\t\t<div class=\"elementor-column elementor-col-33 elementor-top-column elementor-element elementor-element-adaf5a4\" data-id=\"adaf5a4\" data-element_type=\"column\">\n\t\t\t<div class=\"elementor-widget-wrap elementor-element-populated\">\n\t\t\t\t\t\t<div class=\"elementor-element elementor-element-c7c2a8d elementor-view-default elementor-widget elementor-widget-icon\" data-id=\"c7c2a8d\" data-element_type=\"widget\" data-widget_type=\"icon.default\">\n\t\t\t\t<div class=\"elementor-widget-container\">\n\t\t\t\t\t\t\t<div class=\"elementor-icon-wrapper\">\n\t\t\t<a class=\"elementor-icon\" href=\"https:\/\/inspe.univ-lyon1.fr\/bienvenue\/wp-content\/uploads\/2023\/03\/Maquette-PIF-MEI-1.pdf\" target=\"_blank\">\n\t\t\t<i aria-hidden=\"true\" class=\"fas fa-user-plus\"><\/i>\t\t\t<\/a>\n\t\t<\/div>\n\t\t\t\t\t\t<\/div>\n\t\t\t\t<\/div>\n\t\t\t\t<div class=\"elementor-element elementor-element-829ed64 elementor-widget elementor-widget-text-editor\" data-id=\"829ed64\" data-element_type=\"widget\" data-widget_type=\"text-editor.default\">\n\t\t\t\t<div class=\"elementor-widget-container\">\n\t\t\t\t\t\t\t\t\t<h4 style=\"text-align: center;\"><a href=\"https:\/\/inspe.univ-lyon1.fr\/bienvenue\/wp-content\/uploads\/2025\/02\/Maquette-PIF-MEI-2024.pdf\">M\u00e9tiers de l\u2019Education Inclusive<\/a><\/h4>\t\t\t\t\t\t\t\t<\/div>\n\t\t\t\t<\/div>\n\t\t\t\t\t<\/div>\n\t\t<\/div>\n\t\t\t\t\t<\/div>\n\t\t<\/section>\n\t\t\t\t<section class=\"elementor-section elementor-top-section elementor-element elementor-element-b3c97ac elementor-section-boxed elementor-section-height-default elementor-section-height-default\" data-id=\"b3c97ac\" data-element_type=\"section\">\n\t\t\t\t\t\t<div class=\"elementor-container elementor-column-gap-default\">\n\t\t\t\t\t<div class=\"elementor-column elementor-col-100 elementor-top-column elementor-element elementor-element-21063b7\" data-id=\"21063b7\" data-element_type=\"column\">\n\t\t\t<div class=\"elementor-widget-wrap elementor-element-populated\">\n\t\t\t\t\t\t<div class=\"elementor-element elementor-element-0fdfc9b elementor-widget elementor-widget-text-editor\" data-id=\"0fdfc9b\" data-element_type=\"widget\" data-widget_type=\"text-editor.default\">\n\t\t\t\t<div class=\"elementor-widget-container\">\n\t\t\t\t\t\t\t\t\t<p><span style=\"font-size: 11.0pt; mso-bidi-font-family: Calibri; mso-bidi-theme-font: minor-latin; mso-fareast-language: FR;\">Le master <b>M\u00e9tiers<\/b><\/span><b><span style=\"font-size: 11.0pt; mso-bidi-font-family: Calibri; mso-bidi-theme-font: minor-latin; color: #252525; background: white;\"> de l&rsquo;enseignement, de l&rsquo;\u00e9ducation et de la formation \u2013 Mention Pratiques et Ing\u00e9nierie de la formation<\/span><\/b><span style=\"font-size: 11.0pt; mso-bidi-font-family: Calibri; mso-bidi-theme-font: minor-latin; color: #252525; background: white; mso-bidi-font-weight: bold;\"> est un dipl\u00f4me en deux ans pour d\u00e9velopper les dimensions d\u2019accompagnement d\u2019adultes dans le milieu de l\u2019enseignement scolaire.<\/span><\/p><p>Cette mention se d\u00e9cline en 3 parcours, correspondants \u00e0 des th\u00e9matiques-m\u00e9tier diff\u00e9rentes.<\/p><ul><li>Le parcours M\u00e9tiers de l\u2019\u00e9ducation inclusive<\/li><li>Le parcours <span style=\"font-size: 16px;\">Sant\u00e9, bien-\u00eatre et r\u00e9ussite \u00e9ducative<\/span><\/li><li>Le parcours M\u00e9tiers de la formation d\u2019enseignants<\/li><\/ul><p>Cette formation s\u2019adresse aux personnes ayant d\u00e9j\u00e0 une activit\u00e9 professionnelle au sein de l\u2019enseignement scolaire et ayant un dipl\u00f4me universitaire Licence ou \u00e9quivalent.\u00a0<\/p><p><strong>Pr\u00e9requis<\/strong><\/p><ul><li>Avoir une connaissance et\/ou une pratique d\u2019un m\u00e9tier en lien avec l\u2019\u00e9ducation et la formation<\/li><li>Avoir des connaissances g\u00e9n\u00e9rales sur les principes et les enjeux du syst\u00e8me \u00e9ducatif ainsi que son fonctionnement ;<\/li><li>\u00a0<strong>Avoir une analyse r\u00e9flexive et distanci\u00e9e du m\u00e9tier <\/strong><\/li><li><strong>Avoir une premi\u00e8re repr\u00e9sentation, une premi\u00e8re r\u00e9flexion sur les dispositifs de formation<\/strong><\/li><li>Ma\u00eetriser sa communication ;<\/li><li>Ma\u00eetriser les comp\u00e9tences num\u00e9riques au niveau attendu en fin de licence ;<\/li><li>Ma\u00eetriser une langue vivante \u00e9trang\u00e8re au niveau attendu en fin de licence.<\/li><\/ul>\t\t\t\t\t\t\t\t<\/div>\n\t\t\t\t<\/div>\n\t\t\t\t\t<\/div>\n\t\t<\/div>\n\t\t\t\t\t<\/div>\n\t\t<\/section>\n\t\t\t\t<section class=\"elementor-section elementor-top-section elementor-element elementor-element-8cc7381 elementor-section-boxed elementor-section-height-default elementor-section-height-default\" data-id=\"8cc7381\" data-element_type=\"section\">\n\t\t\t\t\t\t<div class=\"elementor-container elementor-column-gap-default\">\n\t\t\t\t\t<div class=\"elementor-column elementor-col-100 elementor-top-column elementor-element elementor-element-42b9e3e\" data-id=\"42b9e3e\" data-element_type=\"column\">\n\t\t\t<div class=\"elementor-widget-wrap elementor-element-populated\">\n\t\t\t\t\t\t<div class=\"elementor-element elementor-element-a19b225 elementor-widget-divider--view-line elementor-widget elementor-widget-divider\" data-id=\"a19b225\" data-element_type=\"widget\" data-widget_type=\"divider.default\">\n\t\t\t\t<div class=\"elementor-widget-container\">\n\t\t\t\t\t\t\t<div class=\"elementor-divider\">\n\t\t\t<span class=\"elementor-divider-separator\">\n\t\t\t\t\t\t<\/span>\n\t\t<\/div>\n\t\t\t\t\t\t<\/div>\n\t\t\t\t<\/div>\n\t\t\t\t\t<\/div>\n\t\t<\/div>\n\t\t\t\t\t<\/div>\n\t\t<\/section>\n\t\t\t\t<section class=\"elementor-section elementor-top-section elementor-element elementor-element-fe00fb6 elementor-section-boxed elementor-section-height-default elementor-section-height-default\" data-id=\"fe00fb6\" data-element_type=\"section\">\n\t\t\t\t\t\t<div class=\"elementor-container elementor-column-gap-default\">\n\t\t\t\t\t<div class=\"elementor-column elementor-col-100 elementor-top-column elementor-element elementor-element-7fc51a5\" data-id=\"7fc51a5\" data-element_type=\"column\">\n\t\t\t<div class=\"elementor-widget-wrap elementor-element-populated\">\n\t\t\t\t\t\t<div class=\"elementor-element elementor-element-e8789c1 elementor-widget elementor-widget-heading\" data-id=\"e8789c1\" data-element_type=\"widget\" data-widget_type=\"heading.default\">\n\t\t\t\t<div class=\"elementor-widget-container\">\n\t\t\t\t\t<h3 class=\"elementor-heading-title elementor-size-default\"><a href=\"https:\/\/inspe.univ-lyon1.fr\/bienvenue\/dossier-candidature\/\">T\u00e9moignages \u00e9tudiants<\/a><\/h3>\t\t\t\t<\/div>\n\t\t\t\t<\/div>\n\t\t\t\t\t<\/div>\n\t\t<\/div>\n\t\t\t\t\t<\/div>\n\t\t<\/section>\n\t\t\t\t<section class=\"elementor-section elementor-top-section elementor-element elementor-element-4caa856 elementor-section-boxed elementor-section-height-default elementor-section-height-default\" data-id=\"4caa856\" data-element_type=\"section\">\n\t\t\t\t\t\t<div class=\"elementor-container elementor-column-gap-default\">\n\t\t\t\t\t<div class=\"elementor-column elementor-col-50 elementor-top-column elementor-element elementor-element-2278a21\" data-id=\"2278a21\" data-element_type=\"column\">\n\t\t\t<div class=\"elementor-widget-wrap elementor-element-populated\">\n\t\t\t\t\t\t<div class=\"elementor-element elementor-element-ca2e366 elementor-widget elementor-widget-video\" data-id=\"ca2e366\" data-element_type=\"widget\" data-settings=\"{&quot;youtube_url&quot;:&quot;https:\\\/\\\/youtu.be\\\/N7QhBVrOpzA&quot;,&quot;video_type&quot;:&quot;youtube&quot;,&quot;controls&quot;:&quot;yes&quot;}\" data-widget_type=\"video.default\">\n\t\t\t\t<div class=\"elementor-widget-container\">\n\t\t\t\t\t\t\t<div class=\"elementor-wrapper elementor-open-inline\">\n\t\t\t<div class=\"elementor-video\"><\/div>\t\t<\/div>\n\t\t\t\t\t\t<\/div>\n\t\t\t\t<\/div>\n\t\t\t\t\t<\/div>\n\t\t<\/div>\n\t\t\t\t<div class=\"elementor-column elementor-col-50 elementor-top-column elementor-element elementor-element-3a6437e\" data-id=\"3a6437e\" data-element_type=\"column\">\n\t\t\t<div class=\"elementor-widget-wrap elementor-element-populated\">\n\t\t\t\t\t\t<div class=\"elementor-element elementor-element-1e36873 elementor-widget elementor-widget-video\" data-id=\"1e36873\" data-element_type=\"widget\" data-settings=\"{&quot;youtube_url&quot;:&quot;https:\\\/\\\/www.youtube.com\\\/watch?v=efl_yR-ufbA&amp;list=PLXMT8Jc0WdRHEulfM3GpEu9kVZ5GyuPB7&amp;index=34&quot;,&quot;video_type&quot;:&quot;youtube&quot;,&quot;controls&quot;:&quot;yes&quot;}\" data-widget_type=\"video.default\">\n\t\t\t\t<div class=\"elementor-widget-container\">\n\t\t\t\t\t\t\t<div class=\"elementor-wrapper elementor-open-inline\">\n\t\t\t<div class=\"elementor-video\"><\/div>\t\t<\/div>\n\t\t\t\t\t\t<\/div>\n\t\t\t\t<\/div>\n\t\t\t\t\t<\/div>\n\t\t<\/div>\n\t\t\t\t\t<\/div>\n\t\t<\/section>\n\t\t\t\t<section class=\"elementor-section elementor-top-section elementor-element elementor-element-70b695b elementor-section-boxed elementor-section-height-default elementor-section-height-default\" data-id=\"70b695b\" data-element_type=\"section\">\n\t\t\t\t\t\t<div class=\"elementor-container elementor-column-gap-default\">\n\t\t\t\t\t<div class=\"elementor-column elementor-col-100 elementor-top-column elementor-element elementor-element-02d3704\" data-id=\"02d3704\" data-element_type=\"column\">\n\t\t\t<div class=\"elementor-widget-wrap elementor-element-populated\">\n\t\t\t\t\t\t<div class=\"elementor-element elementor-element-affe651 elementor-widget-divider--view-line elementor-widget elementor-widget-divider\" data-id=\"affe651\" data-element_type=\"widget\" data-widget_type=\"divider.default\">\n\t\t\t\t<div class=\"elementor-widget-container\">\n\t\t\t\t\t\t\t<div class=\"elementor-divider\">\n\t\t\t<span class=\"elementor-divider-separator\">\n\t\t\t\t\t\t<\/span>\n\t\t<\/div>\n\t\t\t\t\t\t<\/div>\n\t\t\t\t<\/div>\n\t\t\t\t\t<\/div>\n\t\t<\/div>\n\t\t\t\t\t<\/div>\n\t\t<\/section>\n\t\t\t\t<\/div>\n\t\t","protected":false},"excerpt":{"rendered":"<p>Nos master MEEF Pratiques et Ing\u00e9nierie de la formation s&rsquo;adressent aux enseignantes et enseignants, formateurs et formatrices, personnels de l&rsquo;\u00e9ducation nationale en sant\u00e9, personnels d&rsquo;inspection et de direction qui souhaitent d\u00e9velopper et enrichir leurs comp\u00e9tences professionnelles. Sant\u00e9, bien-\u00eatre et r\u00e9ussite \u00e9ducative M\u00e9tiers de la formation d&rsquo;enseignants M\u00e9tiers de l\u2019Education Inclusive Le master M\u00e9tiers de l&rsquo;enseignement, [&hellip;]<\/p>\n","protected":false},"author":3,"featured_media":0,"parent":0,"menu_order":0,"comment_status":"closed","ping_status":"closed","template":"","meta":{"_eb_attr":"","site-sidebar-layout":"no-sidebar","site-content-layout":"default","ast-site-content-layout":"default","site-content-style":"default","site-sidebar-style":"default","ast-global-header-display":"","ast-banner-title-visibility":"","ast-main-header-display":"","ast-hfb-above-header-display":"","ast-hfb-below-header-display":"","ast-hfb-mobile-header-display":"","site-post-title":"","ast-breadcrumbs-content":"disabled","ast-featured-img":"disabled","footer-sml-layout":"","theme-transparent-header-meta":"disabled","adv-header-id-meta":"","stick-header-meta":"","header-above-stick-meta":"","header-main-stick-meta":"","header-below-stick-meta":"","astra-migrate-meta-layouts":"set","ast-page-background-enabled":"default","ast-page-background-meta":{"desktop":{"background-color":"","background-image":"","background-repeat":"repeat","background-position":"center center","background-size":"auto","background-attachment":"scroll","background-type":"","background-media":"","overlay-type":"","overlay-color":"","overlay-opacity":"","overlay-gradient":""},"tablet":{"background-color":"","background-image":"","background-repeat":"repeat","background-position":"center center","background-size":"auto","background-attachment":"scroll","background-type":"","background-media":"","overlay-type":"","overlay-color":"","overlay-opacity":"","overlay-gradient":""},"mobile":{"background-color":"","background-image":"","background-repeat":"repeat","background-position":"center center","background-size":"auto","background-attachment":"scroll","background-type":"","background-media":"","overlay-type":"","overlay-color":"","overlay-opacity":"","overlay-gradient":""}},"ast-content-background-meta":{"desktop":{"background-color":"var(--ast-global-color-5)","background-image":"","background-repeat":"repeat","background-position":"center center","background-size":"auto","background-attachment":"scroll","background-type":"","background-media":"","overlay-type":"","overlay-color":"","overlay-opacity":"","overlay-gradient":""},"tablet":{"background-color":"var(--ast-global-color-5)","background-image":"","background-repeat":"repeat","background-position":"center center","background-size":"auto","background-attachment":"scroll","background-type":"","background-media":"","overlay-type":"","overlay-color":"","overlay-opacity":"","overlay-gradient":""},"mobile":{"background-color":"var(--ast-global-color-5)","background-image":"","background-repeat":"repeat","background-position":"center center","background-size":"auto","background-attachment":"scroll","background-type":"","background-media":"","overlay-type":"","overlay-color":"","overlay-opacity":"","overlay-gradient":""}},"footnotes":""},"class_list":["post-1267","page","type-page","status-publish","hentry"],"_links":{"self":[{"href":"https:\/\/inspe.univ-lyon1.fr\/bienvenue\/wp-json\/wp\/v2\/pages\/1267","targetHints":{"allow":["GET"]}}],"collection":[{"href":"https:\/\/inspe.univ-lyon1.fr\/bienvenue\/wp-json\/wp\/v2\/pages"}],"about":[{"href":"https:\/\/inspe.univ-lyon1.fr\/bienvenue\/wp-json\/wp\/v2\/types\/page"}],"author":[{"embeddable":true,"href":"https:\/\/inspe.univ-lyon1.fr\/bienvenue\/wp-json\/wp\/v2\/users\/3"}],"replies":[{"embeddable":true,"href":"https:\/\/inspe.univ-lyon1.fr\/bienvenue\/wp-json\/wp\/v2\/comments?post=1267"}],"version-history":[{"count":193,"href":"https:\/\/inspe.univ-lyon1.fr\/bienvenue\/wp-json\/wp\/v2\/pages\/1267\/revisions"}],"predecessor-version":[{"id":13621,"href":"https:\/\/inspe.univ-lyon1.fr\/bienvenue\/wp-json\/wp\/v2\/pages\/1267\/revisions\/13621"}],"wp:attachment":[{"href":"https:\/\/inspe.univ-lyon1.fr\/bienvenue\/wp-json\/wp\/v2\/media?parent=1267"}],"curies":[{"name":"wp","href":"https:\/\/api.w.org\/{rel}","templated":true}]}}